{"id":1608,"date":"2026-01-17T14:21:50","date_gmt":"2026-01-17T13:21:50","guid":{"rendered":"https:\/\/lumahina-bien-etre.fr\/index.php\/les-huiles-de-massage\/"},"modified":"2026-01-26T15:29:30","modified_gmt":"2026-01-26T14:29:30","slug":"les-huiles-de-massage","status":"publish","type":"page","link":"https:\/\/lumahina-bien-etre.fr\/index.php\/les-huiles-de-massage\/","title":{"rendered":"Les huiles de massage"},"content":{"rendered":"<div data-colibri-id=\"1608-c1\" class=\"style-509 style-local-1608-c1 position-relative\">\n  <!---->\n  <div data-colibri-component=\"section\" data-colibri-id=\"1608-c2\" id=\"custom\" class=\"h-section h-section-global-spacing d-flex align-items-lg-center align-items-md-center align-items-center style-510 style-local-1608-c2 position-relative\">\n    <!---->\n    <!---->\n    <div class=\"h-section-grid-container h-section-boxed-container\">\n      <!---->\n      <div data-colibri-id=\"1608-c3\" class=\"h-row-container gutters-row-lg-2 gutters-row-md-2 gutters-row-0 gutters-row-v-lg-2 gutters-row-v-md-2 gutters-row-v-2 style-511 style-local-1608-c3 position-relative\">\n        <!---->\n        <div class=\"h-row justify-content-lg-center justify-content-md-center justify-content-center align-items-lg-stretch align-items-md-stretch align-items-stretch gutters-col-lg-2 gutters-col-md-2 gutters-col-0 gutters-col-v-lg-2 gutters-col-v-md-2 gutters-col-v-2\">\n          <!---->\n          <div class=\"h-column h-column-container d-flex h-col-lg-auto h-col-md-auto h-col-auto style-512-outer style-local-1608-c4-outer\">\n            <div data-colibri-id=\"1608-c4\" class=\"d-flex h-flex-basis h-column__inner h-px-lg-2 h-px-md-2 h-px-2 v-inner-lg-2 v-inner-md-2 v-inner-2 style-512 style-local-1608-c4 position-relative\">\n              <!---->\n              <!---->\n              <div class=\"w-100 h-y-container h-column__content h-column__v-align flex-basis-100 align-self-lg-start align-self-md-start align-self-start\">\n                <!---->\n                <div data-colibri-id=\"1608-c5\" class=\"h-text h-text-component style-513 style-local-1608-c5 position-relative h-element\">\n                  <!---->\n                  <!---->\n                  <div class=\"\">\n                    <p>\n                      <br>\n                    <\/p>\n                    <p><strong>Les huiles que j&rsquo;ai s\u00e9lectionn\u00e9es sont:<\/strong><\/p>\n                    <ul>\n                      <li><strong>100 % v\u00e9g\u00e9tales, pures et naturelles<\/strong><\/li>\n                      <li><strong>Vierges et press\u00e9es \u00e0 froid<\/strong> pour conserver tous leurs bienfaits<\/li>\n                      <li><strong>Sans traitement chimique<\/strong><\/li>\n                      <li><strong>Sans huiles essentielles<\/strong>, pour un massage s\u00fbr, notamment pendant la grossesse et l\u2019allaitement<\/li>\n                    <\/ul>\n                    <p>Des huiles douces et adapt\u00e9es \u00e0 tous les types de massage, pour un moment de d\u00e9tente et de confort en toute s\u00e9curit\u00e9.<\/p>\n                  <\/div>\n                <\/div>\n              <\/div>\n            <\/div>\n          <\/div>\n          <div class=\"h-column h-column-container d-flex h-col-lg-auto h-col-md-auto h-col-auto style-550-outer style-local-1608-c6-outer\">\n            <div data-colibri-id=\"1608-c6\" class=\"d-flex h-flex-basis h-column__inner h-px-lg-2 h-px-md-2 h-px-2 v-inner-lg-2 v-inner-md-2 v-inner-2 style-550 style-local-1608-c6 position-relative\">\n              <!---->\n              <!---->\n              <div class=\"w-100 h-y-container h-column__content h-column__v-align flex-basis-100 align-self-lg-start align-self-md-start align-self-start\">\n                <!---->\n                <div data-colibri-id=\"1608-c7\" class=\"d-block style-985 style-local-1608-c7 position-relative h-element\">\n                  <!---->\n                  <div class=\"h-image__frame-container-outer\">\n                    <div class=\"h-image__frame-container\">\n                      <!---->\n                      <!---->\n                      <img loading=\"lazy\" decoding=\"async\" width=\"2381\" height=\"1761\" src=\"https:\/\/lumahina-bien-etre.fr\/wp-content\/uploads\/2026\/01\/cropped-cropped-IMG_20260121_141201-scaled-1.jpg\" class=\"wp-image-2303 style-985-image style-local-1608-c7-image\" alt=\"IMG 20260121\" srcset=\"https:\/\/lumahina-bien-etre.fr\/wp-content\/uploads\/2026\/01\/cropped-cropped-IMG_20260121_141201-scaled-1.jpg 2381w, https:\/\/lumahina-bien-etre.fr\/wp-content\/uploads\/2026\/01\/cropped-cropped-IMG_20260121_141201-scaled-1-300x222.jpg 300w, https:\/\/lumahina-bien-etre.fr\/wp-content\/uploads\/2026\/01\/cropped-cropped-IMG_20260121_141201-scaled-1-1024x757.jpg 1024w, https:\/\/lumahina-bien-etre.fr\/wp-content\/uploads\/2026\/01\/cropped-cropped-IMG_20260121_141201-scaled-1-768x568.jpg 768w, https:\/\/lumahina-bien-etre.fr\/wp-content\/uploads\/2026\/01\/cropped-cropped-IMG_20260121_141201-scaled-1-1536x1136.jpg 1536w, https:\/\/lumahina-bien-etre.fr\/wp-content\/uploads\/2026\/01\/cropped-cropped-IMG_20260121_141201-scaled-1-2048x1515.jpg 2048w, https:\/\/lumahina-bien-etre.fr\/wp-content\/uploads\/2026\/01\/cropped-cropped-IMG_20260121_141201-scaled-1-600x444.jpg 600w\" sizes=\"auto, (max-width: 2381px) 100vw, 2381px\" \/>\n                      <div class=\"h-image__frame h-hide-lg h-hide-md h-hide-sm style-985-frameImage style-local-1608-c7-frameImage\"><\/div>\n                    <\/div>\n                  <\/div>\n                <\/div>\n              <\/div>\n            <\/div>\n          <\/div>\n        <\/div>\n      <\/div>\n    <\/div>\n  <\/div>\n  <div data-colibri-component=\"section\" data-colibri-id=\"1608-c8\" id=\"custom-2\" class=\"h-section h-section-global-spacing d-flex align-items-lg-center align-items-md-center align-items-center style-518 style-local-1608-c8 position-relative\">\n    <!---->\n    <!---->\n    <div class=\"h-section-grid-container h-section-boxed-container\">\n      <!---->\n      <div data-colibri-id=\"1608-c9\" class=\"h-row-container gutters-row-lg-2 gutters-row-md-2 gutters-row-0 gutters-row-v-lg-2 gutters-row-v-md-2 gutters-row-v-2 style-519 style-local-1608-c9 position-relative\">\n        <!---->\n        <div class=\"h-row justify-content-lg-center justify-content-md-center justify-content-center align-items-lg-stretch align-items-md-stretch align-items-stretch gutters-col-lg-2 gutters-col-md-2 gutters-col-0 gutters-col-v-lg-2 gutters-col-v-md-2 gutters-col-v-2\">\n          <!---->\n          <div class=\"h-column h-column-container d-flex h-col-lg-auto h-col-md-auto h-col-auto style-521-outer style-local-1608-c10-outer\">\n            <div data-colibri-id=\"1608-c10\" class=\"d-flex h-flex-basis h-column__inner h-px-lg-2 h-px-md-2 h-px-2 v-inner-lg-2 v-inner-md-2 v-inner-2 style-521 style-local-1608-c10 position-relative\">\n              <!---->\n              <!---->\n              <div class=\"w-100 h-y-container h-column__content h-column__v-align flex-basis-100 align-self-lg-start align-self-md-start align-self-start\">\n                <!---->\n                <div data-colibri-id=\"1608-c11\" class=\"h-global-transition-all h-heading style-523 style-local-1608-c11 position-relative h-element\">\n                  <!---->\n                  <div class=\"h-heading__outer style-523 style-local-1608-c11\">\n                    <!---->\n                    <!---->\n                    <h5 class=\"\">L&rsquo;huile de s\u00e9same (bio)<\/h5>\n                  <\/div>\n                <\/div>\n                <div data-colibri-id=\"1608-c12\" class=\"d-block style-547 style-local-1608-c12 position-relative h-element\">\n                  <!---->\n                  <div class=\"h-image__frame-container-outer\">\n                    <div class=\"h-image__frame-container\">\n                      <!---->\n                      <!---->\n                      <img loading=\"lazy\" decoding=\"async\" width=\"1080\" height=\"1080\" src=\"https:\/\/lumahina-bien-etre.fr\/wp-content\/uploads\/2026\/01\/huile-sesame.png\" class=\"wp-image-1622 style-547-image style-local-1608-c12-image\" alt=\"Huile sesame\" srcset=\"https:\/\/lumahina-bien-etre.fr\/wp-content\/uploads\/2026\/01\/huile-sesame.png 1080w, https:\/\/lumahina-bien-etre.fr\/wp-content\/uploads\/2026\/01\/huile-sesame-300x300.png 300w, https:\/\/lumahina-bien-etre.fr\/wp-content\/uploads\/2026\/01\/huile-sesame-1024x1024.png 1024w, https:\/\/lumahina-bien-etre.fr\/wp-content\/uploads\/2026\/01\/huile-sesame-150x150.png 150w, https:\/\/lumahina-bien-etre.fr\/wp-content\/uploads\/2026\/01\/huile-sesame-768x768.png 768w, https:\/\/lumahina-bien-etre.fr\/wp-content\/uploads\/2026\/01\/huile-sesame-600x600.png 600w, https:\/\/lumahina-bien-etre.fr\/wp-content\/uploads\/2026\/01\/huile-sesame-100x100.png 100w\" sizes=\"auto, (max-width: 1080px) 100vw, 1080px\" \/>\n                      <div class=\"h-image__frame h-hide-lg h-hide-md h-hide-sm style-547-frameImage style-local-1608-c12-frameImage\"><\/div>\n                    <\/div>\n                  <\/div>\n                <\/div>\n                <div data-colibri-id=\"1608-c13\" class=\"h-text h-text-component style-533 style-local-1608-c13 position-relative h-element\">\n                  <!---->\n                  <!---->\n                  <div class=\"\">\n                    <p><strong>BIENFAITS:<br><\/strong><\/p>\n                    <ul>\n                      <li><strong>Nourrissante et assouplissante<\/strong> : adoucit et prot\u00e8ge la peau<\/li>\n                      <li><strong>R\u00e9chauffante<\/strong> : favorise la circulation et la d\u00e9tente musculaire<\/li>\n                      <li><strong>Riche en antioxydants<\/strong> : vitamine E et om\u00e9ga-6 pour prot\u00e9ger la peau<\/li>\n                    <\/ul>\n                    <p><strong>PR\u00c9CAUTIONS<\/strong>:<\/p>\n                    <ul>\n                      <li>V\u00e9rifier l\u2019absence <strong>d\u2019allergie au s\u00e9same et aux fruits \u00e0 coques<\/strong><\/li>\n                      <li>Peut \u00eatre un peu riche pour les peaux tr\u00e8s fines ou acn\u00e9iques<\/li>\n                    <\/ul>\n                    <p>\n                      <br>\n                    <\/p>\n                  <\/div>\n                <\/div>\n              <\/div>\n            <\/div>\n          <\/div>\n          <div class=\"h-column h-column-container d-flex h-col-lg-auto h-col-md-auto h-col-auto style-520-outer style-local-1608-c14-outer\">\n            <div data-colibri-id=\"1608-c14\" class=\"d-flex h-flex-basis h-column__inner h-px-lg-2 h-px-md-2 h-px-2 v-inner-lg-2 v-inner-md-2 v-inner-2 style-520 style-local-1608-c14 position-relative\">\n              <!---->\n              <!---->\n              <div class=\"w-100 h-y-container h-column__content h-column__v-align flex-basis-100 align-self-lg-start align-self-md-start align-self-start\">\n                <!---->\n                <div data-colibri-id=\"1608-c15\" class=\"h-global-transition-all h-heading style-536 style-local-1608-c15 position-relative h-element\">\n                  <!---->\n                  <div class=\"h-heading__outer style-536 style-local-1608-c15\">\n                    <!---->\n                    <!---->\n                    <h5 class=\"\">L&rsquo;huile d&rsquo;argan (bio)<\/h5>\n                  <\/div>\n                <\/div>\n                <div data-colibri-id=\"1608-c16\" class=\"d-block style-548 style-local-1608-c16 position-relative h-element\">\n                  <!---->\n                  <div class=\"h-image__frame-container-outer\">\n                    <div class=\"h-image__frame-container\">\n                      <!---->\n                      <!---->\n                      <img loading=\"lazy\" decoding=\"async\" width=\"1080\" height=\"1080\" src=\"https:\/\/lumahina-bien-etre.fr\/wp-content\/uploads\/2026\/01\/huile-argan.png\" class=\"wp-image-1619 style-548-image style-local-1608-c16-image\" alt=\"Huile argan\" srcset=\"https:\/\/lumahina-bien-etre.fr\/wp-content\/uploads\/2026\/01\/huile-argan.png 1080w, https:\/\/lumahina-bien-etre.fr\/wp-content\/uploads\/2026\/01\/huile-argan-300x300.png 300w, https:\/\/lumahina-bien-etre.fr\/wp-content\/uploads\/2026\/01\/huile-argan-1024x1024.png 1024w, https:\/\/lumahina-bien-etre.fr\/wp-content\/uploads\/2026\/01\/huile-argan-150x150.png 150w, https:\/\/lumahina-bien-etre.fr\/wp-content\/uploads\/2026\/01\/huile-argan-768x768.png 768w, https:\/\/lumahina-bien-etre.fr\/wp-content\/uploads\/2026\/01\/huile-argan-600x600.png 600w, https:\/\/lumahina-bien-etre.fr\/wp-content\/uploads\/2026\/01\/huile-argan-100x100.png 100w\" sizes=\"auto, (max-width: 1080px) 100vw, 1080px\" \/>\n                      <div class=\"h-image__frame h-hide-lg h-hide-md h-hide-sm style-548-frameImage style-local-1608-c16-frameImage\"><\/div>\n                    <\/div>\n                  <\/div>\n                <\/div>\n                <div data-colibri-id=\"1608-c17\" class=\"h-text h-text-component style-535 style-local-1608-c17 position-relative h-element\">\n                  <!---->\n                  <!---->\n                  <div class=\"\">\n                    <p><strong>BIENFAITS:<br><\/strong><\/p>\n                    <ul>\n                      <li><strong>Hydratante et nourrissante<\/strong> : id\u00e9ale pour les peaux s\u00e8ches ou d\u00e9shydrat\u00e9es<\/li>\n                      <li><strong>Assouplissante<\/strong> : am\u00e9liore l\u2019\u00e9lasticit\u00e9 et la souplesse de la peau<\/li>\n                      <li><strong>Antioxydante<\/strong> : riche en vitamine E, aide \u00e0 prot\u00e9ger la peau du vieillissement<\/li>\n                      <li><strong>Apaisante<\/strong> : r\u00e9duit les sensations de tiraillement et favorise la d\u00e9tente<\/li>\n                    <\/ul>\n                    <p><strong>PR\u00c9CAUTIONS<\/strong>:<\/p>\n                    <ul>\n                      <li>V\u00e9rifier l\u2019absence&nbsp;<strong>d\u2019allergie \u00e0 l&rsquo;argan&nbsp;<\/strong><strong style=\"font-size: 13px; font-family: Alegreya; color: rgb(60, 65, 84);\">et aux fruits \u00e0 coques<\/strong><\/li>\n                    <\/ul>\n                    <p>\n                      <br>\n                    <\/p>\n                  <\/div>\n                <\/div>\n              <\/div>\n            <\/div>\n          <\/div>\n          <div class=\"h-column h-column-container d-flex h-col-lg-auto h-col-md-auto h-col-auto style-531-outer style-local-1608-c18-outer\">\n            <div data-colibri-id=\"1608-c18\" class=\"d-flex h-flex-basis h-column__inner h-px-lg-2 h-px-md-2 h-px-2 v-inner-lg-2 v-inner-md-2 v-inner-2 style-531 style-local-1608-c18 position-relative\">\n              <!---->\n              <!---->\n              <div class=\"w-100 h-y-container h-column__content h-column__v-align flex-basis-100 align-self-lg-start align-self-md-start align-self-start\">\n                <!---->\n                <div data-colibri-id=\"1608-c19\" class=\"h-global-transition-all h-heading style-538 style-local-1608-c19 position-relative h-element\">\n                  <!---->\n                  <div class=\"h-heading__outer style-538 style-local-1608-c19\">\n                    <!---->\n                    <!---->\n                    <h5 class=\"\">L&rsquo;huile de jojoba (bio)<\/h5>\n                  <\/div>\n                <\/div>\n                <div data-colibri-id=\"1608-c20\" class=\"d-block style-546 style-local-1608-c20 position-relative h-element\">\n                  <!---->\n                  <div class=\"h-image__frame-container-outer\">\n                    <div class=\"h-image__frame-container\">\n                      <!---->\n                      <!---->\n                      <img loading=\"lazy\" decoding=\"async\" width=\"1080\" height=\"1080\" src=\"https:\/\/lumahina-bien-etre.fr\/wp-content\/uploads\/2026\/01\/huile-jojoba.png\" class=\"wp-image-1620 style-546-image style-local-1608-c20-image\" alt=\"Huile jojoba\" srcset=\"https:\/\/lumahina-bien-etre.fr\/wp-content\/uploads\/2026\/01\/huile-jojoba.png 1080w, https:\/\/lumahina-bien-etre.fr\/wp-content\/uploads\/2026\/01\/huile-jojoba-300x300.png 300w, https:\/\/lumahina-bien-etre.fr\/wp-content\/uploads\/2026\/01\/huile-jojoba-1024x1024.png 1024w, https:\/\/lumahina-bien-etre.fr\/wp-content\/uploads\/2026\/01\/huile-jojoba-150x150.png 150w, https:\/\/lumahina-bien-etre.fr\/wp-content\/uploads\/2026\/01\/huile-jojoba-768x768.png 768w, https:\/\/lumahina-bien-etre.fr\/wp-content\/uploads\/2026\/01\/huile-jojoba-600x600.png 600w, https:\/\/lumahina-bien-etre.fr\/wp-content\/uploads\/2026\/01\/huile-jojoba-100x100.png 100w\" sizes=\"auto, (max-width: 1080px) 100vw, 1080px\" \/>\n                      <div class=\"h-image__frame h-hide-lg h-hide-md h-hide-sm style-546-frameImage style-local-1608-c20-frameImage\"><\/div>\n                    <\/div>\n                  <\/div>\n                <\/div>\n                <div data-colibri-id=\"1608-c21\" class=\"h-text h-text-component style-537 style-local-1608-c21 position-relative h-element\">\n                  <!---->\n                  <!---->\n                  <div class=\"\">\n                    <p><strong>BIENFAITS:<\/strong><\/p>\n                    <ul>\n                      <li><strong>Hydratante et r\u00e9gulatrice<\/strong> : aide \u00e0 maintenir l\u2019\u00e9quilibre naturel de la peau<\/li>\n                      <li><strong>Tr\u00e8s bien tol\u00e9r\u00e9e<\/strong> : convient aux peaux sensibles, r\u00e9actives ou fragiles<\/li>\n                      <li><strong>Non com\u00e9dog\u00e8ne<\/strong> : n\u2019obstrue pas les pores, adapt\u00e9e m\u00eame aux peaux \u00e0 tendance acn\u00e9ique<\/li>\n                    <\/ul>\n                    <p><strong>PR\u00c9CAUTIONS<\/strong>:<\/p>\n                    <ul>\n                      <li><strong>Allergies tr\u00e8s rares<\/strong> : l\u2019huile de jojoba est l\u2019une des huiles les mieux tol\u00e9r\u00e9es<\/li>\n                    <\/ul>\n                    <p>\n                      <br>\n                    <\/p>\n                    <p>\n                      <br>\n                    <\/p>\n                    <p>\n                      <br>\n                    <\/p>\n                    <p>\n                      <br>\n                    <\/p>\n                  <\/div>\n                <\/div>\n              <\/div>\n            <\/div>\n          <\/div>\n          <div class=\"h-column h-column-container d-flex h-col-lg-auto h-col-md-auto h-col-auto style-532-outer style-local-1608-c22-outer\">\n            <div data-colibri-id=\"1608-c22\" class=\"d-flex h-flex-basis h-column__inner h-px-lg-2 h-px-md-2 h-px-2 v-inner-lg-2 v-inner-md-2 v-inner-2 style-532 style-local-1608-c22 position-relative\">\n              <!---->\n              <!---->\n              <div class=\"w-100 h-y-container h-column__content h-column__v-align flex-basis-100 align-self-lg-start align-self-md-start align-self-start\">\n                <!---->\n                <div data-colibri-id=\"1608-c23\" class=\"h-global-transition-all h-heading style-539 style-local-1608-c23 position-relative h-element\">\n                  <!---->\n                  <div class=\"h-heading__outer style-539 style-local-1608-c23\">\n                    <!---->\n                    <!---->\n                    <h5 class=\"\">L&rsquo;huile de p\u00e9pins de raisin<\/h5>\n                  <\/div>\n                <\/div>\n                <div data-colibri-id=\"1608-c24\" class=\"d-block style-545 style-local-1608-c24 position-relative h-element\">\n                  <!---->\n                  <div class=\"h-image__frame-container-outer\">\n                    <div class=\"h-image__frame-container\">\n                      <!---->\n                      <!---->\n                      <img loading=\"lazy\" decoding=\"async\" width=\"1080\" height=\"1080\" src=\"https:\/\/lumahina-bien-etre.fr\/wp-content\/uploads\/2026\/01\/huile-p-de-raisin.png\" class=\"wp-image-1621 style-545-image style-local-1608-c24-image\" alt=\"Huile p de raisin\" srcset=\"https:\/\/lumahina-bien-etre.fr\/wp-content\/uploads\/2026\/01\/huile-p-de-raisin.png 1080w, https:\/\/lumahina-bien-etre.fr\/wp-content\/uploads\/2026\/01\/huile-p-de-raisin-300x300.png 300w, https:\/\/lumahina-bien-etre.fr\/wp-content\/uploads\/2026\/01\/huile-p-de-raisin-1024x1024.png 1024w, https:\/\/lumahina-bien-etre.fr\/wp-content\/uploads\/2026\/01\/huile-p-de-raisin-150x150.png 150w, https:\/\/lumahina-bien-etre.fr\/wp-content\/uploads\/2026\/01\/huile-p-de-raisin-768x768.png 768w, https:\/\/lumahina-bien-etre.fr\/wp-content\/uploads\/2026\/01\/huile-p-de-raisin-600x600.png 600w, https:\/\/lumahina-bien-etre.fr\/wp-content\/uploads\/2026\/01\/huile-p-de-raisin-100x100.png 100w\" sizes=\"auto, (max-width: 1080px) 100vw, 1080px\" \/>\n                      <div class=\"h-image__frame h-hide-lg h-hide-md h-hide-sm style-545-frameImage style-local-1608-c24-frameImage\"><\/div>\n                    <\/div>\n                  <\/div>\n                <\/div>\n                <div data-colibri-id=\"1608-c25\" class=\"h-text h-text-component style-544 style-local-1608-c25 position-relative h-element\">\n                  <!---->\n                  <!---->\n                  <div class=\"\">\n                    <p><strong>BIENFAITS:<\/strong><\/p>\n                    <ul>\n                      <li><strong>Tr\u00e8s l\u00e9g\u00e8re et fluide<\/strong>&nbsp;: p\u00e9n\u00e8tre rapidement sans laisser de film gras<\/li>\n                      <li><strong>Riche en antioxydants<\/strong>&nbsp;: aide \u00e0 prot\u00e9ger et tonifier la peau<\/li>\n                      <li><strong>Favorise la circulation<\/strong>&nbsp;: particuli\u00e8rement adapt\u00e9e aux massages des jambes lourdes<\/li>\n                      <li><strong>Non com\u00e9dog\u00e8ne<\/strong>&nbsp;: convient aux peaux sensibles ou \u00e0 tendance mixte \u00e0 grasse<\/li>\n                    <\/ul>\n                    <p><strong>PR\u00c9CAUTIONS<\/strong><\/p>\n                    <ul>\n                      <li><strong>Allergie rare au raisin<\/strong> : v\u00e9rifier l\u2019absence de sensibilit\u00e9 connue<\/li>\n                    <\/ul>\n                    <p>\n                      <br>\n                    <\/p>\n                  <\/div>\n                <\/div>\n              <\/div>\n            <\/div>\n          <\/div>\n        <\/div>\n      <\/div>\n    <\/div>\n  <\/div>\n  <div data-colibri-component=\"section\" data-colibri-id=\"1608-c29\" id=\"custom-3\" class=\"h-section h-section-global-spacing d-flex align-items-lg-center align-items-md-center align-items-center style-524 style-local-1608-c29 position-relative\">\n    <!---->\n    <!---->\n    <div class=\"h-section-grid-container h-section-boxed-container\">\n      <!---->\n      <div data-colibri-id=\"1608-c30\" class=\"h-row-container gutters-row-lg-2 gutters-row-md-2 gutters-row-0 gutters-row-v-lg-2 gutters-row-v-md-2 gutters-row-v-2 style-525 style-local-1608-c30 position-relative\">\n        <!---->\n        <div class=\"h-row justify-content-lg-center justify-content-md-center justify-content-center align-items-lg-stretch align-items-md-stretch align-items-stretch gutters-col-lg-2 gutters-col-md-2 gutters-col-0 gutters-col-v-lg-2 gutters-col-v-md-2 gutters-col-v-2\">\n          <!---->\n          <div class=\"h-column h-column-container d-flex h-col-lg-auto h-col-md-auto h-col-auto style-526-outer style-local-1608-c31-outer\">\n            <div data-colibri-id=\"1608-c31\" class=\"d-flex h-flex-basis h-column__inner h-ui-empty-state-container h-px-lg-2 h-px-md-2 h-px-2 v-inner-lg-2 v-inner-md-2 v-inner-2 style-526 style-local-1608-c31 position-relative\">\n              <!---->\n              <!---->\n              <div class=\"w-100 h-y-container h-column__content h-column__v-align flex-basis-100\">\n                <!---->\n              <\/div>\n            <\/div>\n          <\/div>\n          <div class=\"h-column h-column-container d-flex h-col-lg-auto h-col-md-auto h-col-auto style-527-outer style-local-1608-c32-outer\">\n            <div data-colibri-id=\"1608-c32\" class=\"d-flex h-flex-basis h-column__inner h-ui-empty-state-container h-px-lg-2 h-px-md-2 h-px-2 v-inner-lg-2 v-inner-md-2 v-inner-2 style-527 style-local-1608-c32 position-relative\">\n              <!---->\n              <!---->\n              <div class=\"w-100 h-y-container h-column__content h-column__v-align flex-basis-100\">\n                <!---->\n              <\/div>\n            <\/div>\n          <\/div>\n        <\/div>\n      <\/div>\n    <\/div>\n  <\/div>\n<\/div>","protected":false},"excerpt":{"rendered":"<p>Les huiles que j&rsquo;ai s\u00e9lectionn\u00e9es sont: 100 % v\u00e9g\u00e9tales, pures et naturelles Vierges et press\u00e9es \u00e0 froid pour conserver tous leurs bienfaits Sans traitement chimique Sans huiles essentielles, pour un massage s\u00fbr, notamment pendant la grossesse et l\u2019allaitement Des huiles douces et adapt\u00e9es \u00e0 tous les types de massage, pour un moment de d\u00e9tente et [&hellip;]<\/p>\n","protected":false},"author":1,"featured_media":0,"parent":0,"menu_order":0,"comment_status":"closed","ping_status":"closed","template":"page-templates\/full-width-page.php","meta":{"slim_seo":{"title":"Les huiles de massage - LuMahina Bien-\u00eatre","description":"Les huiles que j'ai s\u00e9lectionn\u00e9es sont: 100 % v\u00e9g\u00e9tales, pures et naturelles Vierges et press\u00e9es \u00e0 froid pour conserver tous leurs bienfaits Sans traitement chi"},"footnotes":""},"class_list":["post-1608","page","type-page","status-publish","hentry"],"_links":{"self":[{"href":"https:\/\/lumahina-bien-etre.fr\/index.php\/wp-json\/wp\/v2\/pages\/1608","targetHints":{"allow":["GET"]}}],"collection":[{"href":"https:\/\/lumahina-bien-etre.fr\/index.php\/wp-json\/wp\/v2\/pages"}],"about":[{"href":"https:\/\/lumahina-bien-etre.fr\/index.php\/wp-json\/wp\/v2\/types\/page"}],"author":[{"embeddable":true,"href":"https:\/\/lumahina-bien-etre.fr\/index.php\/wp-json\/wp\/v2\/users\/1"}],"replies":[{"embeddable":true,"href":"https:\/\/lumahina-bien-etre.fr\/index.php\/wp-json\/wp\/v2\/comments?post=1608"}],"version-history":[{"count":14,"href":"https:\/\/lumahina-bien-etre.fr\/index.php\/wp-json\/wp\/v2\/pages\/1608\/revisions"}],"predecessor-version":[{"id":2530,"href":"https:\/\/lumahina-bien-etre.fr\/index.php\/wp-json\/wp\/v2\/pages\/1608\/revisions\/2530"}],"wp:attachment":[{"href":"https:\/\/lumahina-bien-etre.fr\/index.php\/wp-json\/wp\/v2\/media?parent=1608"}],"curies":[{"name":"wp","href":"https:\/\/api.w.org\/{rel}","templated":true}]}}