{"id":1700,"date":"2026-01-17T16:12:26","date_gmt":"2026-01-17T15:12:26","guid":{"rendered":"https:\/\/lumahina-bien-etre.fr\/index.php\/reflexologie-bien-etre\/"},"modified":"2026-01-28T14:31:31","modified_gmt":"2026-01-28T13:31:31","slug":"reflexologie-bien-etre","status":"publish","type":"page","link":"https:\/\/lumahina-bien-etre.fr\/index.php\/reflexologie-bien-etre\/","title":{"rendered":"R\u00e9flexologie bien-\u00eatre"},"content":{"rendered":"<div data-colibri-id=\"1700-c1\" class=\"style-552 style-local-1700-c1 position-relative\">\n  <!---->\n  <div data-colibri-component=\"section\" data-colibri-id=\"1700-c2\" id=\"custom\" class=\"h-section h-section-global-spacing d-flex align-items-lg-center align-items-md-center align-items-center style-553 style-local-1700-c2 position-relative\">\n    <!---->\n    <!---->\n    <div class=\"h-section-grid-container h-section-boxed-container\">\n      <!---->\n      <div data-colibri-id=\"1700-c3\" class=\"h-row-container gutters-row-lg-2 gutters-row-md-2 gutters-row-0 gutters-row-v-lg-2 gutters-row-v-md-2 gutters-row-v-2 style-559 style-local-1700-c3 position-relative\">\n        <!---->\n        <div class=\"h-row justify-content-lg-center justify-content-md-center justify-content-center align-items-lg-stretch align-items-md-stretch align-items-stretch gutters-col-lg-2 gutters-col-md-2 gutters-col-0 gutters-col-v-lg-2 gutters-col-v-md-2 gutters-col-v-2\">\n          <!---->\n          <div class=\"h-column h-column-container d-flex h-col-lg-auto h-col-md-auto h-col-auto style-575-outer style-local-1700-c4-outer\">\n            <div data-colibri-id=\"1700-c4\" class=\"d-flex h-flex-basis h-column__inner h-px-lg-2 h-px-md-2 h-px-2 v-inner-lg-2 v-inner-md-2 v-inner-2 style-575 style-local-1700-c4 position-relative\">\n              <!---->\n              <!---->\n              <div class=\"w-100 h-y-container h-column__content h-column__v-align flex-basis-100 align-self-lg-start align-self-md-start align-self-start\">\n                <!---->\n                <div data-colibri-id=\"1700-c5\" class=\"d-block style-576 style-local-1700-c5 position-relative h-element\">\n                  <!---->\n                  <div class=\"h-image__frame-container-outer\">\n                    <div class=\"h-image__frame-container\">\n                      <!---->\n                      <!---->\n                      <img loading=\"lazy\" decoding=\"async\" width=\"1535\" height=\"1023\" src=\"https:\/\/lumahina-bien-etre.fr\/wp-content\/uploads\/2026\/01\/cropped-7b28ef76-050e-4508-99d1-abfa8498ca45.png\" class=\"wp-image-2311 style-576-image style-local-1700-c5-image\" alt=\"7b28ef76 050e 4508 99d1 abfa8498ca45\" srcset=\"https:\/\/lumahina-bien-etre.fr\/wp-content\/uploads\/2026\/01\/cropped-7b28ef76-050e-4508-99d1-abfa8498ca45.png 1535w, https:\/\/lumahina-bien-etre.fr\/wp-content\/uploads\/2026\/01\/cropped-7b28ef76-050e-4508-99d1-abfa8498ca45-300x200.png 300w, https:\/\/lumahina-bien-etre.fr\/wp-content\/uploads\/2026\/01\/cropped-7b28ef76-050e-4508-99d1-abfa8498ca45-1024x682.png 1024w, https:\/\/lumahina-bien-etre.fr\/wp-content\/uploads\/2026\/01\/cropped-7b28ef76-050e-4508-99d1-abfa8498ca45-768x512.png 768w, https:\/\/lumahina-bien-etre.fr\/wp-content\/uploads\/2026\/01\/cropped-7b28ef76-050e-4508-99d1-abfa8498ca45-600x400.png 600w\" sizes=\"auto, (max-width: 1535px) 100vw, 1535px\" \/>\n                      <div class=\"h-image__frame h-hide-lg h-hide-md h-hide-sm style-576-frameImage style-local-1700-c5-frameImage\"><\/div>\n                    <\/div>\n                  <\/div>\n                <\/div>\n              <\/div>\n            <\/div>\n          <\/div>\n          <div class=\"h-column h-column-container d-flex h-col-lg-auto h-col-md-auto h-col-auto style-560-outer style-local-1700-c6-outer\">\n            <div data-colibri-id=\"1700-c6\" class=\"d-flex h-flex-basis h-column__inner h-px-lg-2 h-px-md-2 h-px-2 v-inner-lg-2 v-inner-md-2 v-inner-2 style-560 style-local-1700-c6 position-relative\">\n              <!---->\n              <!---->\n              <div class=\"w-100 h-y-container h-column__content h-column__v-align flex-basis-100 align-self-lg-start align-self-md-start align-self-start\">\n                <!---->\n                <div data-colibri-id=\"1700-c7\" class=\"h-text h-text-component style-561 style-local-1700-c7 position-relative h-element\">\n                  <!---->\n                  <!---->\n                  <div class=\"\">\n                    <p>\n                      <br>\n                    <\/p>\n                    <p>\n                      <br>\n                    <\/p>\n                    <p>L<em>a r\u00e9flexologie \u00ab bien-\u00eatre \u00bb est une s\u00e9ance d\u00e9di\u00e9e \u00e0 la&nbsp;&nbsp;<\/em><strong>d\u00e9tente globale du corps<\/strong><em>. Elle ne vise pas \u00e0 traiter une douleur ou un trouble sp\u00e9cifique, mais offre avant tout un&nbsp;<\/em><strong>moment de relaxation profonde<\/strong><em>, permettant de rel\u00e2cher les tensions et de se recentrer.<\/em><\/p>\n                  <\/div>\n                <\/div>\n              <\/div>\n            <\/div>\n          <\/div>\n          <div class=\"h-column h-column-container d-flex h-col-lg-auto h-col-md-auto h-col-auto style-967-outer style-local-1700-c8-outer\">\n            <div data-colibri-id=\"1700-c8\" class=\"d-flex h-flex-basis h-column__inner h-ui-empty-state-container h-px-lg-2 h-px-md-2 h-px-2 v-inner-lg-2 v-inner-md-2 v-inner-2 style-967 style-local-1700-c8 position-relative\">\n              <!---->\n              <!---->\n              <div class=\"w-100 h-y-container h-column__content h-column__v-align flex-basis-100\">\n                <!---->\n              <\/div>\n            <\/div>\n          <\/div>\n        <\/div>\n      <\/div>\n      <div data-colibri-id=\"1700-c9\" class=\"h-row-container gutters-row-lg-2 gutters-row-md-2 gutters-row-0 gutters-row-v-lg-2 gutters-row-v-md-2 gutters-row-v-2 style-554 style-local-1700-c9 position-relative\">\n        <!---->\n        <div class=\"h-row justify-content-lg-center justify-content-md-center justify-content-center align-items-lg-stretch align-items-md-stretch align-items-stretch gutters-col-lg-2 gutters-col-md-2 gutters-col-0 gutters-col-v-lg-2 gutters-col-v-md-2 gutters-col-v-2\">\n          <!---->\n          <div class=\"h-column h-column-container d-flex h-col-lg-auto h-col-md-auto h-col-auto style-555-outer style-local-1700-c10-outer\">\n            <div data-colibri-id=\"1700-c10\" class=\"d-flex h-flex-basis h-column__inner h-px-lg-2 h-px-md-2 h-px-2 v-inner-lg-2 v-inner-md-2 v-inner-2 style-555 style-local-1700-c10 position-relative\">\n              <!---->\n              <!---->\n              <div class=\"w-100 h-y-container h-column__content h-column__v-align flex-basis-100 align-self-lg-start align-self-md-start align-self-start\">\n                <!---->\n                <div data-colibri-id=\"1700-c11\" class=\"h-global-transition-all h-heading style-557 style-local-1700-c11 position-relative h-element\">\n                  <!---->\n                  <div class=\"h-heading__outer style-557 style-local-1700-c11\">\n                    <!---->\n                    <!---->\n                    <h4 class=\"\">D\u00e9roulement d&rsquo;une s\u00e9ance<\/h4>\n                  <\/div>\n                <\/div>\n                <div data-colibri-id=\"1700-c12\" class=\"h-text h-text-component style-558 style-local-1700-c12 position-relative h-element\">\n                  <!---->\n                  <!---->\n                  <div class=\"\">\n                    <p>La s\u00e9ance d\u00e9bute par un&nbsp;<strong>court \u00e9change<\/strong>&nbsp;afin d\u2019aborder les contre-indications \u00e9ventuelles et votre \u00e9tat de sant\u00e9 g\u00e9n\u00e9ral.<\/p>\n                    <p>Vous vous installez ensuite confortablement sur la table de massage. Apr\u00e8s avoir retir\u00e9 vos chaussettes, je d\u00e9couvre l\u00e9g\u00e8rement la zone des chevilles (et plus haut si n\u00e9cessaire), toujours avec votre accord.<\/p>\n                    <p>Les pieds sont nettoy\u00e9s \u00e0 l\u2019aide d\u2019une lingette (m\u00eame sur des pieds propres \ud83d\ude09 ), puis j\u2019applique un peu d\u2019huile si besoin, avant de commencer la s\u00e9ance de r\u00e9flexologie.<\/p>\n                    <p>Certaines zones peuvent \u00eatre plus sensibles : n\u2019h\u00e9sitez pas \u00e0 me le signaler \u00e0 tout moment afin que la s\u00e9ance reste&nbsp;<strong>agr\u00e9able et respectueuse de votre confort<\/strong>.<\/p>\n                    <p>En fin de s\u00e9ance, vous prenez le temps n\u00e9cessaire pour revenir tranquillement \u00e0 vous. Un&nbsp;<strong>temps d\u2019\u00e9change<\/strong>&nbsp;est ensuite propos\u00e9 pour faire le point sur la s\u00e9ance.<\/p>\n                  <\/div>\n                <\/div>\n              <\/div>\n            <\/div>\n          <\/div>\n          <div class=\"h-column h-column-container d-flex h-col-lg-auto h-col-md-auto h-col-auto style-579-outer style-local-1700-c13-outer\">\n            <div data-colibri-id=\"1700-c13\" class=\"d-flex h-flex-basis h-column__inner h-px-lg-2 h-px-md-2 h-px-2 v-inner-lg-2 v-inner-md-2 v-inner-2 style-579 style-local-1700-c13 position-relative\">\n              <!---->\n              <!---->\n              <div class=\"w-100 h-y-container h-column__content h-column__v-align flex-basis-100 align-self-lg-start align-self-md-start align-self-start\">\n                <!---->\n                <div data-colibri-id=\"1700-c14\" class=\"h-global-transition-all h-heading style-585 style-local-1700-c14 position-relative h-element\">\n                  <!---->\n                  <div class=\"h-heading__outer style-585 style-local-1700-c14\">\n                    <!---->\n                    <!---->\n                    <h4 class=\"\">CONTRE-INDICATIONS<\/h4>\n                  <\/div>\n                <\/div>\n                <div data-colibri-id=\"1700-c15\" class=\"h-text h-text-component style-586 style-local-1700-c15 position-relative h-element\">\n                  <!---->\n                  <!---->\n                  <div class=\"\">\n                    <ul>\n                      <li>Phl\u00e9bite ou thrombose<\/li>\n                      <li>Traumatisme r\u00e9cent au niveau des pieds si r\u00e9flexologie plantaire ou au niveau de la t\u00eate si r\u00e9flexologie cr\u00e2nienne<\/li>\n                      <li>Pr\u00e9sence de mycoses ou de verrues au niveau des pieds<\/li>\n                      <li>Grossesse \u00e0 risque ( La&nbsp;<strong>grossesse physiologique<\/strong>&nbsp;n\u2019est pas une contre-indication, y compris durant le premier trimestre, mais doit imp\u00e9rativement \u00eatre signal\u00e9e avant la s\u00e9ance.)&nbsp;<\/li>\n                    <\/ul>\n                    <p>\n                      <br>\n                    <\/p>\n                  <\/div>\n                <\/div>\n                <div data-colibri-id=\"1700-c16\" class=\"h-global-transition-all h-heading style-580 style-local-1700-c16 position-relative h-element\">\n                  <!---->\n                  <div class=\"h-heading__outer style-580 style-local-1700-c16\">\n                    <!---->\n                    <!---->\n                    <h4 class=\"\">Infos en +<\/h4>\n                  <\/div>\n                <\/div>\n                <div data-colibri-id=\"1700-c17\" class=\"h-text h-text-component style-581 style-local-1700-c17 position-relative h-element\">\n                  <!---->\n                  <!---->\n                  <div class=\"\">\n                    <p>DUR\u00c9E:<\/p>\n                    <p>Le massage dure environ&nbsp;<strong>50 minutes&nbsp;<\/strong>(Le cr\u00e9neau total est de&nbsp;<strong>1h20 environ)<\/strong><\/p>\n                  <\/div>\n                <\/div>\n                <div data-colibri-id=\"1700-c18\" class=\"h-text h-text-component style-584 style-local-1700-c18 position-relative h-element\">\n                  <!---->\n                  <!---->\n                  <div class=\"\">\n                    <p>\n                      <br>\n                    <\/p>\n                    <p>TARIF: 55 euros&nbsp;<\/p>\n                  <\/div>\n                <\/div>\n              <\/div>\n            <\/div>\n          <\/div>\n        <\/div>\n      <\/div>\n    <\/div>\n  <\/div>\n  <div data-colibri-component=\"section\" data-colibri-id=\"1700-c19\" id=\"custom-2\" class=\"h-section h-section-global-spacing d-flex align-items-lg-center align-items-md-center align-items-center style-571 style-local-1700-c19 position-relative\">\n    <!---->\n    <!---->\n    <div class=\"h-section-grid-container h-section-boxed-container\">\n      <!---->\n      <div data-colibri-id=\"1700-c20\" class=\"h-row-container gutters-row-lg-2 gutters-row-md-2 gutters-row-0 gutters-row-v-lg-2 gutters-row-v-md-2 gutters-row-v-2 style-572 style-local-1700-c20 position-relative\">\n        <!---->\n        <div class=\"h-row justify-content-lg-center justify-content-md-center justify-content-center align-items-lg-stretch align-items-md-stretch align-items-stretch gutters-col-lg-2 gutters-col-md-2 gutters-col-0 gutters-col-v-lg-2 gutters-col-v-md-2 gutters-col-v-2\">\n          <!---->\n          <div class=\"h-column h-column-container d-flex h-col-lg-auto h-col-md-auto h-col-auto style-573-outer style-local-1700-c21-outer\">\n            <div data-colibri-id=\"1700-c21\" class=\"d-flex h-flex-basis h-column__inner h-px-lg-2 h-px-md-2 h-px-2 v-inner-lg-2 v-inner-md-2 v-inner-2 style-573 style-local-1700-c21 position-relative\">\n              <!---->\n              <!---->\n              <div class=\"w-100 h-y-container h-column__content h-column__v-align flex-basis-100 align-self-lg-start align-self-md-start align-self-start\">\n                <!---->\n                <div data-colibri-id=\"1700-c22\" class=\"h-x-container style-590 style-local-1700-c22 position-relative h-element\">\n                  <!---->\n                  <div class=\"h-x-container-inner style-dynamic-1700-c22-group style-590-spacing style-local-1700-c22-spacing\"><span class=\"h-button__outer style-593-outer style-local-1700-c23-outer d-inline-flex h-element\"><a h-use-smooth-scroll=\"true\" href=\"https:\/\/www.resalib.fr\/praticien\/95184-lucie-maillochaud-lumahina-bien-etre-reflexologue-vezeronce-curtin\"  data-colibri-id=\"1700-c23\" class=\"d-flex w-100 align-items-center h-button justify-content-lg-center justify-content-md-center justify-content-center style-593 style-local-1700-c23 position-relative\"><!----><!----> <span>Je prends rendez-vous pour une r\u00e9flexologie bien-\u00eatre<\/span><\/a>\n                    <\/span>\n                  <\/div>\n                <\/div>\n              <\/div>\n            <\/div>\n          <\/div>\n        <\/div>\n      <\/div>\n      <div data-colibri-id=\"1700-c24\" class=\"h-row-container gutters-row-lg-2 gutters-row-md-2 gutters-row-0 gutters-row-v-lg-2 gutters-row-v-md-2 gutters-row-v-2 style-588 style-local-1700-c24 position-relative\">\n        <!---->\n        <div class=\"h-row justify-content-lg-center justify-content-md-center justify-content-center align-items-lg-stretch align-items-md-stretch align-items-stretch gutters-col-lg-2 gutters-col-md-2 gutters-col-0 gutters-col-v-lg-2 gutters-col-v-md-2 gutters-col-v-2\">\n          <!---->\n          <div class=\"h-column h-column-container d-flex h-col-lg-auto h-col-md-auto h-col-auto style-589-outer style-local-1700-c25-outer\">\n            <div data-colibri-id=\"1700-c25\" class=\"d-flex h-flex-basis h-column__inner h-px-lg-2 h-px-md-2 h-px-2 v-inner-lg-2 v-inner-md-2 v-inner-2 style-589 style-local-1700-c25 position-relative\">\n              <!---->\n              <!---->\n              <div class=\"w-100 h-y-container h-column__content h-column__v-align flex-basis-100 align-self-lg-start align-self-md-start align-self-start\">\n                <!---->\n                <div data-colibri-id=\"1700-c26\" class=\"h-global-transition-all h-heading style-1063 style-local-1700-c26 position-relative h-element\">\n                  <!---->\n                  <div class=\"h-heading__outer style-1063 style-local-1700-c26\">\n                    <!---->\n                    <!---->\n                    <h4 class=\"\">Qu&rsquo;est ce que la r\u00e9flexologie ?<\/h4>\n                  <\/div>\n                <\/div>\n                <div data-colibri-id=\"1700-c27\" class=\"h-text h-text-component style-1047 style-local-1700-c27 position-relative h-element\">\n                  <!---->\n                  <!---->\n                  <div class=\"\">\n                    <p>La r\u00e9flexologie, pratique ancestrale, repose sur le principe que le corps est repr\u00e9sent\u00e9 sur certaines parties du corps, principalement les <strong>pieds<\/strong>, ( mais aussi les mains, le cr\u00e2ne, les oreilles etc.). Chaque <strong>zone r\u00e9flexe<\/strong>                      correspond \u00e0 un organe, une glande ou une fonction corporelle. Par des <strong>pressions douces, pr\u00e9cises et rythm\u00e9es<\/strong>, le praticien stimule ces zones afin de favoriser la d\u00e9tente et de soutenir l\u2019\u00e9quilibre global de l\u2019organisme.<\/p>\n                  <\/div>\n                <\/div>\n                <div data-colibri-id=\"1700-c28\" class=\"h-text h-text-component style-594 style-local-1700-c28 position-relative h-element\">\n                  <!---->\n                  <!---->\n                  <div class=\"\">\n                    <p><span style=\"font-weight: 400; font-size: 17px; font-family: &quot;Alegreya Sans SC&quot;; color: rgb(60, 65, 84);\">La r\u00e9flexologie est une pratique de bien-\u00eatre. Elle ne se substitue pas \u00e0 un avis m\u00e9dical ni \u00e0 un traitement, mais s\u2019inscrit dans une d\u00e9marche compl\u00e9mentaire.<\/span><\/p>\n                  <\/div>\n                <\/div>\n              <\/div>\n            <\/div>\n          <\/div>\n        <\/div>\n      <\/div>\n    <\/div>\n  <\/div>\n  <div data-colibri-component=\"section\" data-colibri-id=\"1700-c29\" id=\"custom-3\" class=\"h-section h-section-global-spacing d-flex align-items-lg-center align-items-md-center align-items-center style-1060 style-local-1700-c29 position-relative\">\n    <!---->\n    <!---->\n    <div class=\"h-section-grid-container h-section-boxed-container\">\n      <!---->\n      <div data-colibri-id=\"1700-c30\" class=\"h-row-container gutters-row-lg-2 gutters-row-md-2 gutters-row-0 gutters-row-v-lg-2 gutters-row-v-md-2 gutters-row-v-2 style-1061 style-local-1700-c30 position-relative\">\n        <!---->\n        <div class=\"h-row justify-content-lg-center justify-content-md-center justify-content-center align-items-lg-stretch align-items-md-stretch align-items-stretch gutters-col-lg-2 gutters-col-md-2 gutters-col-0 gutters-col-v-lg-2 gutters-col-v-md-2 gutters-col-v-2\">\n          <!---->\n          <div class=\"h-column h-column-container d-flex h-col-lg-auto h-col-md-auto h-col-auto style-1062-outer style-local-1700-c31-outer\">\n            <div data-colibri-id=\"1700-c31\" class=\"d-flex h-flex-basis h-column__inner h-ui-empty-state-container h-px-lg-2 h-px-md-2 h-px-2 v-inner-lg-2 v-inner-md-2 v-inner-2 style-1062 style-local-1700-c31 position-relative\">\n              <!---->\n              <!---->\n              <div class=\"w-100 h-y-container h-column__content h-column__v-align flex-basis-100\">\n                <!---->\n              <\/div>\n            <\/div>\n          <\/div>\n        <\/div>\n      <\/div>\n    <\/div>\n  <\/div>\n<\/div>","protected":false},"excerpt":{"rendered":"<p>La r\u00e9flexologie \u00ab bien-\u00eatre \u00bb est une s\u00e9ance d\u00e9di\u00e9e \u00e0 la&nbsp;&nbsp;d\u00e9tente globale du corps. Elle ne vise pas \u00e0 traiter une douleur ou un trouble sp\u00e9cifique, mais offre avant tout un&nbsp;moment de relaxation profonde, permettant de rel\u00e2cher les tensions et de se recentrer. D\u00e9roulement d&rsquo;une s\u00e9ance La s\u00e9ance d\u00e9bute par un&nbsp;court \u00e9change&nbsp;afin d\u2019aborder les contre-indications [&hellip;]<\/p>\n","protected":false},"author":1,"featured_media":0,"parent":0,"menu_order":0,"comment_status":"closed","ping_status":"closed","template":"page-templates\/full-width-page.php","meta":{"slim_seo":{"title":"R\u00e9flexologie bien-\u00eatre - LuMahina Bien-\u00eatre","description":"L a r\u00e9flexologie \u00ab bien-\u00eatre \u00bb est une s\u00e9ance d\u00e9di\u00e9e \u00e0 la&nbsp;&nbsp; d\u00e9tente globale du corps . Elle ne vise pas \u00e0 traiter une douleur ou un trouble sp\u00e9cifique"},"footnotes":""},"class_list":["post-1700","page","type-page","status-publish","hentry"],"_links":{"self":[{"href":"https:\/\/lumahina-bien-etre.fr\/index.php\/wp-json\/wp\/v2\/pages\/1700","targetHints":{"allow":["GET"]}}],"collection":[{"href":"https:\/\/lumahina-bien-etre.fr\/index.php\/wp-json\/wp\/v2\/pages"}],"about":[{"href":"https:\/\/lumahina-bien-etre.fr\/index.php\/wp-json\/wp\/v2\/types\/page"}],"author":[{"embeddable":true,"href":"https:\/\/lumahina-bien-etre.fr\/index.php\/wp-json\/wp\/v2\/users\/1"}],"replies":[{"embeddable":true,"href":"https:\/\/lumahina-bien-etre.fr\/index.php\/wp-json\/wp\/v2\/comments?post=1700"}],"version-history":[{"count":13,"href":"https:\/\/lumahina-bien-etre.fr\/index.php\/wp-json\/wp\/v2\/pages\/1700\/revisions"}],"predecessor-version":[{"id":2800,"href":"https:\/\/lumahina-bien-etre.fr\/index.php\/wp-json\/wp\/v2\/pages\/1700\/revisions\/2800"}],"wp:attachment":[{"href":"https:\/\/lumahina-bien-etre.fr\/index.php\/wp-json\/wp\/v2\/media?parent=1700"}],"curies":[{"name":"wp","href":"https:\/\/api.w.org\/{rel}","templated":true}]}}