{"id":1768,"date":"2026-01-19T11:54:19","date_gmt":"2026-01-19T10:54:19","guid":{"rendered":"https:\/\/lumahina-bien-etre.fr\/index.php\/reflexologie-douleur-chronique\/"},"modified":"2026-01-28T14:32:24","modified_gmt":"2026-01-28T13:32:24","slug":"reflexologie-douleur-chronique","status":"publish","type":"page","link":"https:\/\/lumahina-bien-etre.fr\/index.php\/reflexologie-douleur-chronique\/","title":{"rendered":"R\u00e9flexologie \u00ab\u00a0Douleur chronique\u00a0\u00bb"},"content":{"rendered":"<div data-colibri-id=\"1768-c1\" class=\"style-626 style-local-1768-c1 position-relative\">\n  <!---->\n  <div data-colibri-component=\"section\" data-colibri-id=\"1768-c2\" id=\"custom-2\" class=\"h-section h-section-global-spacing d-flex align-items-lg-center align-items-md-center align-items-center style-631 style-local-1768-c2 position-relative\">\n    <!---->\n    <!---->\n    <div class=\"h-section-grid-container h-section-boxed-container\">\n      <!---->\n      <div data-colibri-id=\"1768-c3\" class=\"h-row-container gutters-row-lg-2 gutters-row-md-2 gutters-row-0 gutters-row-v-lg-2 gutters-row-v-md-2 gutters-row-v-2 style-964 style-local-1768-c3 position-relative\">\n        <!---->\n        <div class=\"h-row justify-content-lg-center justify-content-md-center justify-content-center align-items-lg-stretch align-items-md-stretch align-items-stretch gutters-col-lg-2 gutters-col-md-2 gutters-col-0 gutters-col-v-lg-2 gutters-col-v-md-2 gutters-col-v-2\">\n          <!---->\n          <div class=\"h-column h-column-container d-flex h-col-lg-auto h-col-md-auto h-col-auto style-965-outer style-local-1768-c4-outer\">\n            <div data-colibri-id=\"1768-c4\" class=\"d-flex h-flex-basis h-column__inner h-px-lg-2 h-px-md-2 h-px-2 v-inner-lg-2 v-inner-md-2 v-inner-2 style-965 style-local-1768-c4 position-relative\">\n              <!---->\n              <!---->\n              <div class=\"w-100 h-y-container h-column__content h-column__v-align flex-basis-100 align-self-lg-start align-self-md-start align-self-start\">\n                <!---->\n                <div data-colibri-id=\"1768-c5\" class=\"h-global-transition-all h-heading style-966 style-local-1768-c5 position-relative h-element\">\n                  <!---->\n                  <div class=\"h-heading__outer style-966 style-local-1768-c5\">\n                    <!---->\n                    <!---->\n                    <h4 class=\"\">La r\u00e9flexologie \u00ab douleur chronique \u00bb se pratique sur plusieurs s\u00e9ances\n                      <br>et a pour objectif de soulager une douleur et\/ou un malaise install\u00e9 depuis au moins trois mois.<\/h4>\n                  <\/div>\n                <\/div>\n              <\/div>\n            <\/div>\n          <\/div>\n        <\/div>\n      <\/div>\n      <div data-colibri-id=\"1768-c6\" class=\"h-row-container gutters-row-lg-2 gutters-row-md-2 gutters-row-0 gutters-row-v-lg-2 gutters-row-v-md-2 gutters-row-v-2 style-632 style-local-1768-c6 position-relative\">\n        <!---->\n        <div class=\"h-row justify-content-lg-center justify-content-md-center justify-content-center align-items-lg-stretch align-items-md-stretch align-items-stretch gutters-col-lg-2 gutters-col-md-2 gutters-col-0 gutters-col-v-lg-2 gutters-col-v-md-2 gutters-col-v-2\">\n          <!---->\n          <div class=\"h-column h-column-container d-flex h-col-lg-auto h-col-md-auto h-col-auto style-633-outer style-local-1768-c7-outer\">\n            <div data-colibri-id=\"1768-c7\" class=\"d-flex h-flex-basis h-column__inner h-px-lg-2 h-px-md-2 h-px-2 v-inner-lg-2 v-inner-md-2 v-inner-2 style-633 style-local-1768-c7 position-relative\">\n              <!---->\n              <!---->\n              <div class=\"w-100 h-y-container h-column__content h-column__v-align flex-basis-100 align-self-lg-start align-self-md-start align-self-start\">\n                <!---->\n                <div data-colibri-id=\"1768-c8\" class=\"d-block style-641 style-local-1768-c8 position-relative h-element\">\n                  <!---->\n                  <div class=\"h-image__frame-container-outer\">\n                    <div class=\"h-image__frame-container\">\n                      <!---->\n                      <!---->\n                      <img loading=\"lazy\" decoding=\"async\" width=\"2418\" height=\"1436\" src=\"https:\/\/lumahina-bien-etre.fr\/wp-content\/uploads\/2026\/01\/cropped-IMG_20260122_135245-scaled-1.jpg\" class=\"wp-image-2283 style-641-image style-local-1768-c8-image\" alt=\"IMG 20260122\" srcset=\"https:\/\/lumahina-bien-etre.fr\/wp-content\/uploads\/2026\/01\/cropped-IMG_20260122_135245-scaled-1.jpg 2418w, https:\/\/lumahina-bien-etre.fr\/wp-content\/uploads\/2026\/01\/cropped-IMG_20260122_135245-scaled-1-300x178.jpg 300w, https:\/\/lumahina-bien-etre.fr\/wp-content\/uploads\/2026\/01\/cropped-IMG_20260122_135245-scaled-1-1024x608.jpg 1024w, https:\/\/lumahina-bien-etre.fr\/wp-content\/uploads\/2026\/01\/cropped-IMG_20260122_135245-scaled-1-768x456.jpg 768w, https:\/\/lumahina-bien-etre.fr\/wp-content\/uploads\/2026\/01\/cropped-IMG_20260122_135245-scaled-1-1536x912.jpg 1536w, https:\/\/lumahina-bien-etre.fr\/wp-content\/uploads\/2026\/01\/cropped-IMG_20260122_135245-scaled-1-2048x1216.jpg 2048w, https:\/\/lumahina-bien-etre.fr\/wp-content\/uploads\/2026\/01\/cropped-IMG_20260122_135245-scaled-1-600x356.jpg 600w\" sizes=\"auto, (max-width: 2418px) 100vw, 2418px\" \/>\n                      <div class=\"h-image__frame h-hide-lg h-hide-md h-hide-sm style-641-frameImage style-local-1768-c8-frameImage\"><\/div>\n                    <\/div>\n                  <\/div>\n                <\/div>\n              <\/div>\n            <\/div>\n          <\/div>\n          <div class=\"h-column h-column-container d-flex h-col-lg-auto h-col-md-auto h-col-auto style-959-outer style-local-1768-c9-outer\">\n            <div data-colibri-id=\"1768-c9\" class=\"d-flex h-flex-basis h-column__inner h-px-lg-2 h-px-md-2 h-px-2 v-inner-lg-2 v-inner-md-2 v-inner-2 style-959 style-local-1768-c9 position-relative\">\n              <!---->\n              <!---->\n              <div class=\"w-100 h-y-container h-column__content h-column__v-align flex-basis-100 align-self-lg-start align-self-md-start align-self-start\">\n                <!---->\n                <div data-colibri-id=\"1768-c10\" class=\"h-global-transition-all h-heading style-961 style-local-1768-c10 position-relative h-element\">\n                  <!---->\n                  <div class=\"h-heading__outer style-961 style-local-1768-c10\">\n                    <!---->\n                    <!---->\n                    <h5 class=\"\">Les motifs les plus fr\u00e9quents<\/h5>\n                  <\/div>\n                <\/div>\n                <div data-colibri-id=\"1768-c11\" class=\"h-text h-text-component style-962 style-local-1768-c11 position-relative h-element\">\n                  <!---->\n                  <!---->\n                  <div class=\"\">\n                    <ul>\n                      <li>J\u2019ai l\u2019endom\u00e9triose \/ l\u2019ad\u00e9nomyose<\/li>\n                      <li>J\u2019ai des sympt\u00f4mes du Syndrome Pr\u00e9Menstruel<\/li>\n                      <li>J\u2019ai le Syndrome des Ovaires PolyKystiques<\/li>\n                      <li>J\u2019ai des troubles des r\u00e8gles (r\u00e8gles irr\u00e9guli\u00e8res, r\u00e8gles douloureuses, absences de r\u00e8gles etc. )<\/li>\n                      <li>Je suis en pr\u00e9m\u00e9nopause \/ m\u00e9nopaus\u00e9e et je ne le vis pas tr\u00e8s bien (sympt\u00f4mes physiques, \u00e9motionnels\u2026)<\/li>\n                    <\/ul>\n                    <p>\n                      <br>\n                    <\/p>\n                  <\/div>\n                <\/div>\n              <\/div>\n            <\/div>\n          <\/div>\n        <\/div>\n      <\/div>\n    <\/div>\n  <\/div>\n  <div data-colibri-component=\"section\" data-colibri-id=\"1768-c12\" id=\"custom-4\" class=\"h-section h-section-global-spacing d-flex align-items-lg-center align-items-md-center align-items-center style-638 style-local-1768-c12 position-relative\">\n    <!---->\n    <!---->\n    <div class=\"h-section-grid-container h-section-boxed-container\">\n      <!---->\n      <div data-colibri-id=\"1768-c13\" class=\"h-row-container gutters-row-lg-2 gutters-row-md-2 gutters-row-0 gutters-row-v-lg-2 gutters-row-v-md-2 gutters-row-v-2 style-639 style-local-1768-c13 position-relative\">\n        <!---->\n        <div class=\"h-row justify-content-lg-center justify-content-md-center justify-content-center align-items-lg-stretch align-items-md-stretch align-items-stretch gutters-col-lg-2 gutters-col-md-2 gutters-col-0 gutters-col-v-lg-2 gutters-col-v-md-2 gutters-col-v-2\">\n          <!---->\n          <div class=\"h-column h-column-container d-flex h-col-lg-auto h-col-md-auto h-col-auto style-640-outer style-local-1768-c14-outer\">\n            <div data-colibri-id=\"1768-c14\" class=\"d-flex h-flex-basis h-column__inner h-px-lg-2 h-px-md-2 h-px-2 v-inner-lg-2 v-inner-md-2 v-inner-2 style-640 style-local-1768-c14 position-relative\">\n              <!---->\n              <!---->\n              <div class=\"w-100 h-y-container h-column__content h-column__v-align flex-basis-100 align-self-lg-start align-self-md-start align-self-start\">\n                <!---->\n                <div data-colibri-id=\"1768-c15\" class=\"h-global-transition-all h-heading style-644 style-local-1768-c15 position-relative h-element\">\n                  <!---->\n                  <div class=\"h-heading__outer style-644 style-local-1768-c15\">\n                    <!---->\n                    <!---->\n                    <h4 class=\"\">Le d\u00e9roulement d&rsquo;une s\u00e9ance<\/h4>\n                  <\/div>\n                <\/div>\n                <div data-colibri-id=\"1768-c16\" class=\"h-text h-text-component style-650 style-local-1768-c16 position-relative h-element\">\n                  <!---->\n                  <!---->\n                  <div class=\"\">\n                    <p>La s\u00e9ance d\u00e9bute par un temps d\u2019\u00e9change plut\u00f4t long durant lequel nous abordons votre motif de consultation ainsi que votre histoire (situation personnelle, \u00e9tat de sant\u00e9, etc.). Cet entretien me permet de mieux vous conna\u00eetre, de\n                      comprendre votre douleur et\/ou votre malaise, et d\u2019adapter au mieux le protocole d\u2019accompagnement.<\/p>\n                    <p>Vous vous installez ensuite sur la table de massage. Apr\u00e8s avoir retir\u00e9 vos chaussettes, je rel\u00e8ve l\u00e9g\u00e8rement votre pantalon afin d\u2019acc\u00e9der \u00e0 vos chevilles, voire un peu plus haut, toujours avec votre accord. Une lingette est pass\u00e9e\n                      sur vos pieds (m\u00eame sur des pieds propres \ud83d\ude09 ), puis un peu d\u2019huile est appliqu\u00e9e si n\u00e9cessaire, avant de commencer le massage.<\/p>\n                    <p>Certains points de pression peuvent \u00eatre sensibles ; n\u2019h\u00e9sitez pas \u00e0 m\u2019en informer afin que j\u2019adapte l\u2019intensit\u00e9.<\/p>\n                    <p>En fin de s\u00e9ance, vous prenez le temps n\u00e9cessaire pour vous relever en douceur et retrouver vos rep\u00e8res. Nous terminons par un court \u00e9change pour faire le point sur a s\u00e9ance<\/p>\n                  <\/div>\n                <\/div>\n              <\/div>\n            <\/div>\n          <\/div>\n          <div class=\"h-column h-column-container d-flex h-col-lg-auto h-col-md-auto h-col-auto style-645-outer style-local-1768-c17-outer\">\n            <div data-colibri-id=\"1768-c17\" class=\"d-flex h-flex-basis h-column__inner h-px-lg-2 h-px-md-2 h-px-2 v-inner-lg-2 v-inner-md-2 v-inner-2 style-645 style-local-1768-c17 position-relative\">\n              <!---->\n              <!---->\n              <div class=\"w-100 h-y-container h-column__content h-column__v-align flex-basis-100 align-self-lg-start align-self-md-start align-self-start\">\n                <!---->\n                <div data-colibri-id=\"1768-c18\" class=\"h-global-transition-all h-heading style-646 style-local-1768-c18 position-relative h-element\">\n                  <!---->\n                  <div class=\"h-heading__outer style-646 style-local-1768-c18\">\n                    <!---->\n                    <!---->\n                    <h4 class=\"\">CONTRE-INDICATIONS<\/h4>\n                  <\/div>\n                <\/div>\n                <div data-colibri-id=\"1768-c19\" class=\"h-text h-text-component style-651 style-local-1768-c19 position-relative h-element\">\n                  <!---->\n                  <!---->\n                  <div class=\"\">\n                    <ul>\n                      <li>Phl\u00e9bite ou thrombose<\/li>\n                      <li>Traumatisme r\u00e9cent au niveau des pieds si r\u00e9flexologie plantaire ou au niveau de la t\u00eate si r\u00e9flexologie cr\u00e2nienne<\/li>\n                      <li>Pr\u00e9sence de mycoses ou de verrues<\/li>\n                      <li>Grossesse \u00e0 risque (La&nbsp;<strong>grossesse physiologique<\/strong>&nbsp;n\u2019est pas une contre-indication, y compris durant le premier trimestre, mais doit imp\u00e9rativement \u00eatre signal\u00e9e avant la s\u00e9ance.)<\/li>\n                    <\/ul>\n                    <p>\n                      <br>\n                    <\/p>\n                  <\/div>\n                <\/div>\n                <div data-colibri-id=\"1768-c20\" class=\"h-global-transition-all h-heading style-652 style-local-1768-c20 position-relative h-element\">\n                  <!---->\n                  <div class=\"h-heading__outer style-652 style-local-1768-c20\">\n                    <!---->\n                    <!---->\n                    <h4 class=\"\">Les infos en +<\/h4>\n                  <\/div>\n                <\/div>\n                <div data-colibri-id=\"1768-c21\" class=\"h-text h-text-component style-653 style-local-1768-c21 position-relative h-element\">\n                  <!---->\n                  <!---->\n                  <div class=\"\">\n                    <p><span style=\"color: rgb(60, 65, 84); font-family: Alegreya; font-size: 17px; font-weight: 400;\">DUR\u00c9E:<\/span><\/p>\n                    <p><span class=\"ql-cursor\">\ufeff<\/span>Le massage dure environ 50 minutes. Le cr\u00e9neau total est de 1h30 environ<\/p>\n                  <\/div>\n                <\/div>\n                <div data-colibri-id=\"1768-c22\" class=\"h-text h-text-component style-654 style-local-1768-c22 position-relative h-element\">\n                  <!---->\n                  <!---->\n                  <div class=\"\">\n                    <p>TARIF&nbsp;: 55 euros<\/p>\n                  <\/div>\n                <\/div>\n              <\/div>\n            <\/div>\n          <\/div>\n        <\/div>\n      <\/div>\n    <\/div>\n  <\/div>\n  <div data-colibri-component=\"section\" data-colibri-id=\"1768-c23\" id=\"custom\" class=\"h-section h-section-global-spacing d-flex align-items-lg-center align-items-md-center align-items-center style-647 style-local-1768-c23 position-relative\">\n    <!---->\n    <!---->\n    <div class=\"h-section-grid-container h-section-boxed-container\">\n      <!---->\n      <div data-colibri-id=\"1768-c24\" class=\"h-row-container gutters-row-lg-2 gutters-row-md-2 gutters-row-0 gutters-row-v-lg-2 gutters-row-v-md-2 gutters-row-v-2 style-655 style-local-1768-c24 position-relative\">\n        <!---->\n        <div class=\"h-row justify-content-lg-center justify-content-md-center justify-content-center align-items-lg-stretch align-items-md-stretch align-items-stretch gutters-col-lg-2 gutters-col-md-2 gutters-col-0 gutters-col-v-lg-2 gutters-col-v-md-2 gutters-col-v-2\">\n          <!---->\n          <div class=\"h-column h-column-container d-flex h-col-lg-auto h-col-md-auto h-col-auto style-656-outer style-local-1768-c25-outer\">\n            <div data-colibri-id=\"1768-c25\" class=\"d-flex h-flex-basis h-column__inner h-px-lg-2 h-px-md-2 h-px-2 v-inner-lg-2 v-inner-md-2 v-inner-2 style-656 style-local-1768-c25 position-relative\">\n              <!---->\n              <!---->\n              <div class=\"w-100 h-y-container h-column__content h-column__v-align flex-basis-100 align-self-lg-start align-self-md-start align-self-start\">\n                <!---->\n                <div data-colibri-id=\"1768-c26\" class=\"h-x-container style-657 style-local-1768-c26 position-relative h-element\">\n                  <!---->\n                  <div class=\"h-x-container-inner style-dynamic-1768-c26-group style-657-spacing style-local-1768-c26-spacing\"><span class=\"h-button__outer style-659-outer style-local-1768-c27-outer d-inline-flex h-element\"><a h-use-smooth-scroll=\"true\" href=\"https:\/\/www.resalib.fr\/praticien\/95184-lucie-maillochaud-lumahina-bien-etre-reflexologue-vezeronce-curtin\"  data-colibri-id=\"1768-c27\" class=\"d-flex w-100 align-items-center h-button justify-content-lg-center justify-content-md-center justify-content-center style-659 style-local-1768-c27 position-relative\"><!----><!----> <span>Je prends rendez-vous pour une r\u00e9flexologie \u00ab\u00a0douleur chronique\u00a0\u00bb<\/span><\/a>\n                    <\/span>\n                  <\/div>\n                <\/div>\n              <\/div>\n            <\/div>\n          <\/div>\n        <\/div>\n      <\/div>\n      <div data-colibri-id=\"1768-c28\" class=\"h-row-container gutters-row-lg-2 gutters-row-md-2 gutters-row-0 gutters-row-v-lg-2 gutters-row-v-md-2 gutters-row-v-2 style-648 style-local-1768-c28 position-relative\">\n        <!---->\n        <div class=\"h-row justify-content-lg-center justify-content-md-center justify-content-center align-items-lg-stretch align-items-md-stretch align-items-stretch gutters-col-lg-2 gutters-col-md-2 gutters-col-0 gutters-col-v-lg-2 gutters-col-v-md-2 gutters-col-v-2\">\n          <!---->\n          <div class=\"h-column h-column-container d-flex h-col-lg-auto h-col-md-auto h-col-auto style-649-outer style-local-1768-c29-outer\">\n            <div data-colibri-id=\"1768-c29\" class=\"d-flex h-flex-basis h-column__inner h-px-lg-2 h-px-md-2 h-px-2 v-inner-lg-2 v-inner-md-2 v-inner-2 style-649 style-local-1768-c29 position-relative\">\n              <!---->\n              <!---->\n              <div class=\"w-100 h-y-container h-column__content h-column__v-align flex-basis-100 align-self-lg-start align-self-md-start align-self-start\">\n                <!---->\n                <div data-colibri-id=\"1768-c30\" class=\"h-global-transition-all h-heading style-1067 style-local-1768-c30 position-relative h-element\">\n                  <!---->\n                  <div class=\"h-heading__outer style-1067 style-local-1768-c30\">\n                    <!---->\n                    <!---->\n                    <h4 class=\"\">Qu&rsquo;est ce que la r\u00e9flexologie ?<\/h4>\n                  <\/div>\n                <\/div>\n                <div data-colibri-id=\"1768-c31\" class=\"h-text h-text-component style-1051 style-local-1768-c31 position-relative h-element\">\n                  <!---->\n                  <!---->\n                  <div class=\"\">\n                    <p><span style=\"font-weight: 400; font-size: 17px; font-family: Alegreya; color: rgb(60, 65, 84);\">La r\u00e9flexologie, pratique ancestrale, repose sur le principe que le corps est repr\u00e9sent\u00e9 sur certaines parties du corps, principalement les&nbsp;<\/span>\n                      <strong\n                        style=\"font-size: 17px; font-family: Alegreya; color: rgb(60, 65, 84);\">pieds<\/strong><span style=\"font-size: 17px; font-family: Alegreya; color: rgb(60, 65, 84); font-weight: 400;\">, ( mais aussi les mains, le cr\u00e2ne, les oreilles etc.). Chaque&nbsp;<\/span><strong style=\"font-size: 17px; font-family: Alegreya; color: rgb(60, 65, 84);\">zone r\u00e9flexe<\/strong>\n                        <span\n                          style=\"font-size: 17px; font-family: Alegreya; color: rgb(60, 65, 84); font-weight: 400;\">&nbsp;correspond \u00e0 un organe, une glande ou une fonction corporelle. Par des&nbsp;<\/span><strong style=\"font-size: 17px; font-family: Alegreya; color: rgb(60, 65, 84);\">pressions douces, pr\u00e9cises et rythm\u00e9es<\/strong><span style=\"font-size: 17px; font-family: Alegreya; color: rgb(60, 65, 84); font-weight: 400;\">, le praticien stimule ces zones afin de favoriser la d\u00e9tente et de soutenir l\u2019\u00e9quilibre global de l\u2019organisme.<\/span><\/p>\n                  <\/div>\n                <\/div>\n                <div data-colibri-id=\"1768-c32\" class=\"h-text h-text-component style-660 style-local-1768-c32 position-relative h-element\">\n                  <!---->\n                  <!---->\n                  <div class=\"\">\n                    <p><em>La r\u00e9flexologie est une pratique de bien-\u00eatre. Elle ne se substitue pas \u00e0 un avis m\u00e9dical ni \u00e0 un traitement, mais s\u2019inscrit dans une d\u00e9marche compl\u00e9mentaire.<\/em><\/p>\n                  <\/div>\n                <\/div>\n              <\/div>\n            <\/div>\n          <\/div>\n        <\/div>\n      <\/div>\n    <\/div>\n  <\/div>\n  <div data-colibri-component=\"section\" data-colibri-id=\"1768-c33\" id=\"custom-3\" class=\"h-section h-section-global-spacing d-flex align-items-lg-center align-items-md-center align-items-center style-1064 style-local-1768-c33 position-relative\">\n    <!---->\n    <!---->\n    <div class=\"h-section-grid-container h-section-boxed-container\">\n      <!---->\n      <div data-colibri-id=\"1768-c34\" class=\"h-row-container gutters-row-lg-2 gutters-row-md-2 gutters-row-0 gutters-row-v-lg-2 gutters-row-v-md-2 gutters-row-v-2 style-1065 style-local-1768-c34 position-relative\">\n        <!---->\n        <div class=\"h-row justify-content-lg-center justify-content-md-center justify-content-center align-items-lg-stretch align-items-md-stretch align-items-stretch gutters-col-lg-2 gutters-col-md-2 gutters-col-0 gutters-col-v-lg-2 gutters-col-v-md-2 gutters-col-v-2\">\n          <!---->\n          <div class=\"h-column h-column-container d-flex h-col-lg-auto h-col-md-auto h-col-auto style-1066-outer style-local-1768-c35-outer\">\n            <div data-colibri-id=\"1768-c35\" class=\"d-flex h-flex-basis h-column__inner h-ui-empty-state-container h-px-lg-2 h-px-md-2 h-px-2 v-inner-lg-2 v-inner-md-2 v-inner-2 style-1066 style-local-1768-c35 position-relative\">\n              <!---->\n              <!---->\n              <div class=\"w-100 h-y-container h-column__content h-column__v-align flex-basis-100\">\n                <!---->\n              <\/div>\n            <\/div>\n          <\/div>\n        <\/div>\n      <\/div>\n    <\/div>\n  <\/div>\n<\/div>","protected":false},"excerpt":{"rendered":"<p>La r\u00e9flexologie \u00ab douleur chronique \u00bb se pratique sur plusieurs s\u00e9ances et a pour objectif de soulager une douleur et\/ou un malaise install\u00e9 depuis au moins trois mois. Les motifs les plus fr\u00e9quents J\u2019ai l\u2019endom\u00e9triose \/ l\u2019ad\u00e9nomyose J\u2019ai des sympt\u00f4mes du Syndrome Pr\u00e9Menstruel J\u2019ai le Syndrome des Ovaires PolyKystiques J\u2019ai des troubles des r\u00e8gles (r\u00e8gles [&hellip;]<\/p>\n","protected":false},"author":1,"featured_media":0,"parent":0,"menu_order":0,"comment_status":"closed","ping_status":"closed","template":"page-templates\/full-width-page.php","meta":{"slim_seo":{"title":"R\u00e9flexologie \"Douleur chronique\" - LuMahina Bien-\u00eatre","description":"La r\u00e9flexologie \u00ab douleur chronique \u00bb se pratique sur plusieurs s\u00e9ances et a pour objectif de soulager une douleur et\/ou un malaise install\u00e9 depuis au moins tro"},"footnotes":""},"class_list":["post-1768","page","type-page","status-publish","hentry"],"_links":{"self":[{"href":"https:\/\/lumahina-bien-etre.fr\/index.php\/wp-json\/wp\/v2\/pages\/1768","targetHints":{"allow":["GET"]}}],"collection":[{"href":"https:\/\/lumahina-bien-etre.fr\/index.php\/wp-json\/wp\/v2\/pages"}],"about":[{"href":"https:\/\/lumahina-bien-etre.fr\/index.php\/wp-json\/wp\/v2\/types\/page"}],"author":[{"embeddable":true,"href":"https:\/\/lumahina-bien-etre.fr\/index.php\/wp-json\/wp\/v2\/users\/1"}],"replies":[{"embeddable":true,"href":"https:\/\/lumahina-bien-etre.fr\/index.php\/wp-json\/wp\/v2\/comments?post=1768"}],"version-history":[{"count":8,"href":"https:\/\/lumahina-bien-etre.fr\/index.php\/wp-json\/wp\/v2\/pages\/1768\/revisions"}],"predecessor-version":[{"id":2807,"href":"https:\/\/lumahina-bien-etre.fr\/index.php\/wp-json\/wp\/v2\/pages\/1768\/revisions\/2807"}],"wp:attachment":[{"href":"https:\/\/lumahina-bien-etre.fr\/index.php\/wp-json\/wp\/v2\/media?parent=1768"}],"curies":[{"name":"wp","href":"https:\/\/api.w.org\/{rel}","templated":true}]}}