{"id":1802,"date":"2026-01-19T12:55:51","date_gmt":"2026-01-19T11:55:51","guid":{"rendered":"https:\/\/lumahina-bien-etre.fr\/index.php\/offres-permanentes\/"},"modified":"2026-01-19T13:55:53","modified_gmt":"2026-01-19T12:55:53","slug":"offres-permanentes","status":"publish","type":"page","link":"https:\/\/lumahina-bien-etre.fr\/index.php\/offres-permanentes\/","title":{"rendered":"OFFRES PERMANENTES"},"content":{"rendered":"<div data-colibri-id=\"1802-c1\" class=\"style-714 style-local-1802-c1 position-relative\">\n  <!---->\n  <div data-colibri-component=\"section\" data-colibri-id=\"1802-c2\" id=\"custom\" class=\"h-section h-section-global-spacing d-flex align-items-lg-center align-items-md-center align-items-center style-715 style-local-1802-c2 position-relative\">\n    <!---->\n    <!---->\n    <div class=\"h-section-grid-container h-section-boxed-container\">\n      <!---->\n      <div data-colibri-id=\"1802-c3\" class=\"h-row-container gutters-row-lg-2 gutters-row-md-2 gutters-row-0 gutters-row-v-lg-2 gutters-row-v-md-2 gutters-row-v-2 style-725 style-local-1802-c3 position-relative\">\n        <!---->\n        <div class=\"h-row justify-content-lg-center justify-content-md-center justify-content-center align-items-lg-stretch align-items-md-stretch align-items-stretch gutters-col-lg-2 gutters-col-md-2 gutters-col-0 gutters-col-v-lg-2 gutters-col-v-md-2 gutters-col-v-2\">\n          <!---->\n          <div class=\"h-column h-column-container d-flex h-col-lg-auto h-col-md-auto h-col-auto style-726-outer style-local-1802-c4-outer\">\n            <div data-colibri-id=\"1802-c4\" class=\"d-flex h-flex-basis h-column__inner h-px-lg-2 h-px-md-2 h-px-2 v-inner-lg-2 v-inner-md-2 v-inner-2 style-726 style-local-1802-c4 position-relative\">\n              <!---->\n              <!---->\n              <div class=\"w-100 h-y-container h-column__content h-column__v-align flex-basis-100 align-self-lg-start align-self-md-start align-self-start\">\n                <!---->\n                <div data-colibri-id=\"1802-c5\" class=\"h-global-transition-all h-heading style-727 style-local-1802-c5 position-relative h-element\">\n                  <!---->\n                  <div class=\"h-heading__outer style-727 style-local-1802-c5\">\n                    <!---->\n                    <!---->\n                    <h2 class=\"\">des offres valables toute l&rsquo;ann\u00e9e !<\/h2>\n                  <\/div>\n                <\/div>\n              <\/div>\n            <\/div>\n          <\/div>\n        <\/div>\n      <\/div>\n      <div data-colibri-id=\"1802-c6\" class=\"h-row-container gutters-row-lg-2 gutters-row-md-2 gutters-row-0 gutters-row-v-lg-2 gutters-row-v-md-2 gutters-row-v-2 style-716 style-local-1802-c6 position-relative\">\n        <!---->\n        <div class=\"h-row justify-content-lg-center justify-content-md-center justify-content-center align-items-lg-stretch align-items-md-stretch align-items-stretch gutters-col-lg-2 gutters-col-md-2 gutters-col-0 gutters-col-v-lg-2 gutters-col-v-md-2 gutters-col-v-2\">\n          <!---->\n          <div class=\"h-column h-column-container d-flex h-col-lg-auto h-col-md-auto h-col-auto style-717-outer style-local-1802-c7-outer\">\n            <div data-colibri-id=\"1802-c7\" class=\"d-flex h-flex-basis h-column__inner h-px-lg-2 h-px-md-2 h-px-2 v-inner-lg-2 v-inner-md-2 v-inner-2 style-717 style-local-1802-c7 position-relative\">\n              <!---->\n              <!---->\n              <div class=\"w-100 h-y-container h-column__content h-column__v-align flex-basis-100 align-self-lg-start align-self-md-start align-self-start\">\n                <!---->\n                <div data-colibri-id=\"1802-c8\" class=\"h-global-transition-all h-heading style-718 style-local-1802-c8 position-relative h-element\">\n                  <!---->\n                  <div class=\"h-heading__outer style-718 style-local-1802-c8\">\n                    <!---->\n                    <!---->\n                    <h2 class=\"\">Offre marrainage<\/h2>\n                  <\/div>\n                <\/div>\n                <div data-colibri-id=\"1802-c9\" class=\"h-text h-text-component style-722 style-local-1802-c9 position-relative h-element\">\n                  <!---->\n                  <!---->\n                  <div class=\"\">\n                    <p>Parce que le bien-\u00eatre se partage, lorsque vous recommandez LuMahina Bien-\u00eatre \u00e0 une personne qui vient pour la premi\u00e8re fois, <strong>elle b\u00e9n\u00e9ficie de 10 \u20ac de r\u00e9duction sur sa premi\u00e8re s\u00e9ance<\/strong>, et <strong>vous recevez 10 \u20ac de r\u00e9duction sur votre prochaine s\u00e9ance<\/strong>.<\/p>\n                  <\/div>\n                <\/div>\n                <div data-colibri-id=\"1802-c10\" class=\"d-block style-724 style-local-1802-c10 position-relative h-element\">\n                  <!---->\n                  <div class=\"h-image__frame-container-outer\">\n                    <div class=\"h-image__frame-container\">\n                      <!---->\n                      <!---->\n                      <img loading=\"lazy\" decoding=\"async\" width=\"1080\" height=\"1080\" src=\"https:\/\/lumahina-bien-etre.fr\/wp-content\/uploads\/2026\/01\/Offre-marrainage.jpg\" class=\"wp-image-1805 style-724-image style-local-1802-c10-image\" alt=\"Offre marrainage\" srcset=\"https:\/\/lumahina-bien-etre.fr\/wp-content\/uploads\/2026\/01\/Offre-marrainage.jpg 1080w, https:\/\/lumahina-bien-etre.fr\/wp-content\/uploads\/2026\/01\/Offre-marrainage-300x300.jpg 300w, https:\/\/lumahina-bien-etre.fr\/wp-content\/uploads\/2026\/01\/Offre-marrainage-1024x1024.jpg 1024w, https:\/\/lumahina-bien-etre.fr\/wp-content\/uploads\/2026\/01\/Offre-marrainage-150x150.jpg 150w, https:\/\/lumahina-bien-etre.fr\/wp-content\/uploads\/2026\/01\/Offre-marrainage-768x768.jpg 768w, https:\/\/lumahina-bien-etre.fr\/wp-content\/uploads\/2026\/01\/Offre-marrainage-600x600.jpg 600w, https:\/\/lumahina-bien-etre.fr\/wp-content\/uploads\/2026\/01\/Offre-marrainage-100x100.jpg 100w\" sizes=\"auto, (max-width: 1080px) 100vw, 1080px\" \/>\n                      <div class=\"h-image__frame h-hide-lg h-hide-md h-hide-sm style-724-frameImage style-local-1802-c10-frameImage\"><\/div>\n                    <\/div>\n                  <\/div>\n                <\/div>\n              <\/div>\n            <\/div>\n          <\/div>\n          <div class=\"h-column h-column-container d-flex h-col-lg-auto h-col-md-auto h-col-auto style-728-outer style-local-1802-c11-outer\">\n            <div data-colibri-id=\"1802-c11\" class=\"d-flex h-flex-basis h-column__inner h-px-lg-2 h-px-md-2 h-px-2 v-inner-lg-2 v-inner-md-2 v-inner-2 style-728 style-local-1802-c11 position-relative\">\n              <!---->\n              <!---->\n              <div class=\"w-100 h-y-container h-column__content h-column__v-align flex-basis-100 align-self-lg-start align-self-md-start align-self-start\">\n                <!---->\n                <div data-colibri-id=\"1802-c12\" class=\"h-global-transition-all h-heading style-729 style-local-1802-c12 position-relative h-element\">\n                  <!---->\n                  <div class=\"h-heading__outer style-729 style-local-1802-c12\">\n                    <!---->\n                    <!---->\n                    <h2 class=\"\">Offre anniversaire<\/h2>\n                  <\/div>\n                <\/div>\n                <div data-colibri-id=\"1802-c13\" class=\"h-text h-text-component style-730 style-local-1802-c13 position-relative h-element\">\n                  <!---->\n                  <!---->\n                  <div class=\"\">\n                    <p>Si vous \u00eates d\u00e9j\u00e0 cliente de LuMahina Bien-\u00eatre,<\/p>\n                    <p>profitez, durant tout le mois de votre anniversaire, d\u2019une<\/p>\n                    <p><strong>r\u00e9duction de 10 \u20ac<\/strong> sur la s\u00e9ance de votre choix<\/p>\n                  <\/div>\n                <\/div>\n                <div data-colibri-id=\"1802-c14\" class=\"d-block style-731 style-local-1802-c14 position-relative h-element\">\n                  <!---->\n                  <div class=\"h-image__frame-container-outer\">\n                    <div class=\"h-image__frame-container\">\n                      <!---->\n                      <!---->\n                      <img loading=\"lazy\" decoding=\"async\" width=\"1080\" height=\"1080\" src=\"https:\/\/lumahina-bien-etre.fr\/wp-content\/uploads\/2026\/01\/Offre-anniversaire-2.jpg\" class=\"wp-image-1806 style-731-image style-local-1802-c14-image\" alt=\"Offre anniversaire (2)\" srcset=\"https:\/\/lumahina-bien-etre.fr\/wp-content\/uploads\/2026\/01\/Offre-anniversaire-2.jpg 1080w, https:\/\/lumahina-bien-etre.fr\/wp-content\/uploads\/2026\/01\/Offre-anniversaire-2-300x300.jpg 300w, https:\/\/lumahina-bien-etre.fr\/wp-content\/uploads\/2026\/01\/Offre-anniversaire-2-1024x1024.jpg 1024w, https:\/\/lumahina-bien-etre.fr\/wp-content\/uploads\/2026\/01\/Offre-anniversaire-2-150x150.jpg 150w, https:\/\/lumahina-bien-etre.fr\/wp-content\/uploads\/2026\/01\/Offre-anniversaire-2-768x768.jpg 768w, https:\/\/lumahina-bien-etre.fr\/wp-content\/uploads\/2026\/01\/Offre-anniversaire-2-600x600.jpg 600w, https:\/\/lumahina-bien-etre.fr\/wp-content\/uploads\/2026\/01\/Offre-anniversaire-2-100x100.jpg 100w\" sizes=\"auto, (max-width: 1080px) 100vw, 1080px\" \/>\n                      <div class=\"h-image__frame h-hide-lg h-hide-md h-hide-sm style-731-frameImage style-local-1802-c14-frameImage\"><\/div>\n                    <\/div>\n                  <\/div>\n                <\/div>\n              <\/div>\n            <\/div>\n          <\/div>\n        <\/div>\n      <\/div>\n    <\/div>\n  <\/div>\n  <div data-colibri-component=\"section\" data-colibri-id=\"1802-c15\" id=\"custom-2\" class=\"h-section h-section-global-spacing d-flex align-items-lg-center align-items-md-center align-items-center style-719 style-local-1802-c15 position-relative\">\n    <!---->\n    <!---->\n    <div class=\"h-section-grid-container h-section-boxed-container\">\n      <!---->\n      <div data-colibri-id=\"1802-c16\" class=\"h-row-container gutters-row-lg-2 gutters-row-md-2 gutters-row-0 gutters-row-v-lg-2 gutters-row-v-md-2 gutters-row-v-2 style-720 style-local-1802-c16 position-relative\">\n        <!---->\n        <div class=\"h-row justify-content-lg-center justify-content-md-center justify-content-center align-items-lg-stretch align-items-md-stretch align-items-stretch gutters-col-lg-2 gutters-col-md-2 gutters-col-0 gutters-col-v-lg-2 gutters-col-v-md-2 gutters-col-v-2\">\n          <!---->\n          <div class=\"h-column h-column-container d-flex h-col-lg-auto h-col-md-auto h-col-auto style-721-outer style-local-1802-c17-outer\">\n            <div data-colibri-id=\"1802-c17\" class=\"d-flex h-flex-basis h-column__inner h-ui-empty-state-container h-px-lg-2 h-px-md-2 h-px-2 v-inner-lg-2 v-inner-md-2 v-inner-2 style-721 style-local-1802-c17 position-relative\">\n              <!---->\n              <!---->\n              <div class=\"w-100 h-y-container h-column__content h-column__v-align flex-basis-100\">\n                <!---->\n              <\/div>\n            <\/div>\n          <\/div>\n        <\/div>\n      <\/div>\n    <\/div>\n  <\/div>\n<\/div>","protected":false},"excerpt":{"rendered":"<p>des offres valables toute l&rsquo;ann\u00e9e ! Offre marrainage Parce que le bien-\u00eatre se partage, lorsque vous recommandez LuMahina Bien-\u00eatre \u00e0 une personne qui vient pour la premi\u00e8re fois, elle b\u00e9n\u00e9ficie de 10 \u20ac de r\u00e9duction sur sa premi\u00e8re s\u00e9ance, et vous recevez 10 \u20ac de r\u00e9duction sur votre prochaine s\u00e9ance. Offre anniversaire Si vous \u00eates [&hellip;]<\/p>\n","protected":false},"author":1,"featured_media":0,"parent":0,"menu_order":0,"comment_status":"closed","ping_status":"closed","template":"page-templates\/full-width-page.php","meta":{"slim_seo":{"title":"OFFRES PERMANENTES - LuMahina Bien-\u00eatre","description":"des offres valables toute l'ann\u00e9e ! Offre marrainage Parce que le bien-\u00eatre se partage, lorsque vous recommandez LuMahina Bien-\u00eatre \u00e0 une personne qui vient pou"},"footnotes":""},"class_list":["post-1802","page","type-page","status-publish","hentry"],"_links":{"self":[{"href":"https:\/\/lumahina-bien-etre.fr\/index.php\/wp-json\/wp\/v2\/pages\/1802","targetHints":{"allow":["GET"]}}],"collection":[{"href":"https:\/\/lumahina-bien-etre.fr\/index.php\/wp-json\/wp\/v2\/pages"}],"about":[{"href":"https:\/\/lumahina-bien-etre.fr\/index.php\/wp-json\/wp\/v2\/types\/page"}],"author":[{"embeddable":true,"href":"https:\/\/lumahina-bien-etre.fr\/index.php\/wp-json\/wp\/v2\/users\/1"}],"replies":[{"embeddable":true,"href":"https:\/\/lumahina-bien-etre.fr\/index.php\/wp-json\/wp\/v2\/comments?post=1802"}],"version-history":[{"count":3,"href":"https:\/\/lumahina-bien-etre.fr\/index.php\/wp-json\/wp\/v2\/pages\/1802\/revisions"}],"predecessor-version":[{"id":1831,"href":"https:\/\/lumahina-bien-etre.fr\/index.php\/wp-json\/wp\/v2\/pages\/1802\/revisions\/1831"}],"wp:attachment":[{"href":"https:\/\/lumahina-bien-etre.fr\/index.php\/wp-json\/wp\/v2\/media?parent=1802"}],"curies":[{"name":"wp","href":"https:\/\/api.w.org\/{rel}","templated":true}]}}