{"id":1836,"date":"2026-01-19T13:56:36","date_gmt":"2026-01-19T12:56:36","guid":{"rendered":"https:\/\/lumahina-bien-etre.fr\/index.php\/soins\/"},"modified":"2026-01-26T15:54:24","modified_gmt":"2026-01-26T14:54:24","slug":"soins","status":"publish","type":"page","link":"https:\/\/lumahina-bien-etre.fr\/index.php\/soins\/","title":{"rendered":"Soins"},"content":{"rendered":"<div data-colibri-id=\"1836-c1\" class=\"style-1089 style-local-1836-c1 position-relative\">\n  <!---->\n  <div data-colibri-component=\"section\" data-colibri-id=\"1836-c2\" id=\"custom\" class=\"h-section h-section-global-spacing d-flex align-items-lg-center align-items-md-center align-items-center style-1090 style-local-1836-c2 position-relative\">\n    <!---->\n    <!---->\n    <div class=\"h-section-grid-container h-section-boxed-container\">\n      <!---->\n      <div data-colibri-id=\"1836-c3\" class=\"h-row-container gutters-row-lg-2 gutters-row-md-2 gutters-row-0 gutters-row-v-lg-2 gutters-row-v-md-2 gutters-row-v-2 style-1091 style-local-1836-c3 position-relative\">\n        <!---->\n        <div class=\"h-row justify-content-lg-center justify-content-md-center justify-content-center align-items-lg-stretch align-items-md-stretch align-items-stretch gutters-col-lg-2 gutters-col-md-2 gutters-col-0 gutters-col-v-lg-2 gutters-col-v-md-2 gutters-col-v-2\">\n          <!---->\n          <div class=\"h-column h-column-container d-flex h-col-lg-auto h-col-md-auto h-col-auto style-1092-outer style-local-1836-c4-outer\">\n            <div data-colibri-id=\"1836-c4\" class=\"d-flex h-flex-basis h-column__inner h-px-lg-2 h-px-md-2 h-px-2 v-inner-lg-2 v-inner-md-2 v-inner-2 style-1092 style-local-1836-c4 position-relative\">\n              <!---->\n              <!---->\n              <div class=\"w-100 h-y-container h-column__content h-column__v-align flex-basis-100 align-self-lg-start align-self-md-start align-self-start\">\n                <!---->\n                <div data-colibri-id=\"1836-c11\" class=\"h-global-transition-all h-heading style-1099 style-local-1836-c11 position-relative h-element\">\n                  <!---->\n                  <div class=\"h-heading__outer style-1099 style-local-1836-c11\">\n                    <!---->\n                    <!---->\n                    <h3 class=\"\">R\u00e9flexologie<\/h3>\n                  <\/div>\n                <\/div>\n                <div data-colibri-id=\"1836-c6\" class=\"h-x-container style-1094 style-local-1836-c6 position-relative h-element\">\n                  <!---->\n                  <div class=\"h-x-container-inner style-dynamic-1836-c6-group style-1094-spacing style-local-1836-c6-spacing\"><span class=\"h-button__outer style-1095-outer style-local-1836-c7-outer d-inline-flex h-element\"><a h-use-smooth-scroll=\"true\" href=\"https:\/\/lumahina-bien-etre.fr\/index.php\/reflexologie-bien-etre\/?customize_changeset_uuid=a375a194-ad9a-403e-b59a-453536f89dc2\"  data-colibri-id=\"1836-c7\" class=\"d-flex w-100 align-items-center h-button justify-content-lg-center justify-content-md-center justify-content-center style-1095 style-local-1836-c7 position-relative\"><!----><!----> <span>R\u00e9flexologie \u00ab\u00a0bien-\u00eatre\u00a0\u00bb<\/span><\/a>\n                    <\/span><span class=\"h-button__outer style-1096-outer style-local-1836-c8-outer d-inline-flex h-element\"><a h-use-smooth-scroll=\"true\" href=\"https:\/\/lumahina-bien-etre.fr\/index.php\/reflexologie-douleur-chronique\/?customize_changeset_uuid=a375a194-ad9a-403e-b59a-453536f89dc2\"  data-colibri-id=\"1836-c8\" class=\"d-flex w-100 align-items-center h-button justify-content-lg-center justify-content-md-center justify-content-center style-1096 style-local-1836-c8 position-relative\"><!----><!----> <span>R\u00e9flexologie \u00ab\u00a0douleur chronique\u00a0\u00bb<\/span><\/a>\n                    <\/span>\n                  <\/div>\n                <\/div>\n                <div data-colibri-id=\"1836-c9\" class=\"h-x-container style-1097 style-local-1836-c9 position-relative h-element\">\n                  <!---->\n                  <div class=\"h-x-container-inner style-dynamic-1836-c9-group style-1097-spacing style-local-1836-c9-spacing\"><span class=\"h-button__outer style-1098-outer style-local-1836-c10-outer d-inline-flex h-element\"><a h-use-smooth-scroll=\"true\" href=\"https:\/\/lumahina-bien-etre.fr\/index.php\/reflexologie-perinatale\/?customize_changeset_uuid=a375a194-ad9a-403e-b59a-453536f89dc2\"  data-colibri-id=\"1836-c10\" class=\"d-flex w-100 align-items-center h-button justify-content-lg-center justify-content-md-center justify-content-center style-1098 style-local-1836-c10 position-relative\"><!----><!----> <span>R\u00e9flexologie \u00ab\u00a0p\u00e9rinatale\u00a0\u00bb<\/span><\/a>\n                    <\/span>\n                  <\/div>\n                <\/div>\n              <\/div>\n            <\/div>\n          <\/div>\n          <div class=\"h-column h-column-container d-flex h-col-lg-auto h-col-md-auto h-col-auto style-1093-outer style-local-1836-c5-outer\">\n            <div data-colibri-id=\"1836-c5\" class=\"d-flex h-flex-basis h-column__inner h-px-lg-2 h-px-md-2 h-px-2 v-inner-lg-2 v-inner-md-2 v-inner-2 style-1093 style-local-1836-c5 position-relative\">\n              <!---->\n              <!---->\n              <div class=\"w-100 h-y-container h-column__content h-column__v-align flex-basis-100 align-self-lg-start align-self-md-start align-self-start\">\n                <!---->\n                <div data-colibri-id=\"1836-c17\" class=\"h-global-transition-all h-heading style-1105 style-local-1836-c17 position-relative h-element\">\n                  <!---->\n                  <div class=\"h-heading__outer style-1105 style-local-1836-c17\">\n                    <!---->\n                    <!---->\n                    <h3 class=\"\">Massages<\/h3>\n                  <\/div>\n                <\/div>\n                <div data-colibri-id=\"1836-c12\" class=\"h-x-container style-1100 style-local-1836-c12 position-relative h-element\">\n                  <!---->\n                  <div class=\"h-x-container-inner style-dynamic-1836-c12-group style-1100-spacing style-local-1836-c12-spacing\"><span class=\"h-button__outer style-1101-outer style-local-1836-c13-outer d-inline-flex h-element\"><a h-use-smooth-scroll=\"true\" href=\"https:\/\/lumahina-bien-etre.fr\/index.php\/massage-des-jambes-lourdes\/?customize_changeset_uuid=a375a194-ad9a-403e-b59a-453536f89dc2\"  data-colibri-id=\"1836-c13\" class=\"d-flex w-100 align-items-center h-button justify-content-lg-center justify-content-md-center justify-content-center style-1101 style-local-1836-c13 position-relative\"><!----><!----> <span>Massage des jambes lourdes<\/span><\/a>\n                    <\/span><span class=\"h-button__outer style-1106-outer style-local-1836-c18-outer d-inline-flex h-element\"><a h-use-smooth-scroll=\"true\" href=\"https:\/\/lumahina-bien-etre.fr\/index.php\/massage-metamorphique\/?customize_changeset_uuid=a375a194-ad9a-403e-b59a-453536f89dc2\"  data-colibri-id=\"1836-c18\" class=\"d-flex w-100 align-items-center h-button justify-content-lg-center justify-content-md-center justify-content-center style-1106 style-local-1836-c18 position-relative\"><!----><!----> <span>Massage m\u00e9tamorphique<\/span><\/a>\n                    <\/span>\n                  <\/div>\n                <\/div>\n              <\/div>\n            <\/div>\n          <\/div>\n        <\/div>\n      <\/div>\n      <div data-colibri-id=\"1836-c19\" class=\"h-row-container gutters-row-lg-2 gutters-row-md-2 gutters-row-0 gutters-row-v-lg-2 gutters-row-v-md-2 gutters-row-v-2 style-1107 style-local-1836-c19 position-relative\">\n        <!---->\n        <div class=\"h-row justify-content-lg-center justify-content-md-center justify-content-center align-items-lg-stretch align-items-md-stretch align-items-stretch gutters-col-lg-2 gutters-col-md-2 gutters-col-0 gutters-col-v-lg-2 gutters-col-v-md-2 gutters-col-v-2\">\n          <!---->\n          <div class=\"h-column h-column-container d-flex h-col-lg-auto h-col-md-auto h-col-auto style-1108-outer style-local-1836-c20-outer\">\n            <div data-colibri-id=\"1836-c20\" class=\"d-flex h-flex-basis h-column__inner h-px-lg-2 h-px-md-2 h-px-2 v-inner-lg-2 v-inner-md-2 v-inner-2 style-1108 style-local-1836-c20 position-relative\">\n              <!---->\n              <!---->\n              <div class=\"w-100 h-y-container h-column__content h-column__v-align flex-basis-100 align-self-lg-start align-self-md-start align-self-start\">\n                <!---->\n                <div data-colibri-id=\"1836-c21\" class=\"h-x-container style-1109 style-local-1836-c21 position-relative h-element\">\n                  <!---->\n                  <div class=\"h-x-container-inner style-dynamic-1836-c21-group style-1109-spacing style-local-1836-c21-spacing\"><span class=\"h-button__outer style-1110-outer style-local-1836-c22-outer d-inline-flex h-element\"><a h-use-smooth-scroll=\"true\" href=\"https:\/\/www.resalib.fr\/praticien\/95184-lucie-maillochaud-lumahina-bien-etre-reflexologue-vezeronce-curtin\"  data-colibri-id=\"1836-c22\" class=\"d-flex w-100 align-items-center h-button justify-content-lg-center justify-content-md-center justify-content-center style-1110 style-local-1836-c22 position-relative\"><!----><!----> <span>PRENDRE RENDEZ-VOUS<\/span><\/a>\n                    <\/span>\n                  <\/div>\n                <\/div>\n              <\/div>\n            <\/div>\n          <\/div>\n        <\/div>\n      <\/div>\n    <\/div>\n  <\/div>\n  <div data-colibri-component=\"section\" data-colibri-id=\"1836-c14\" id=\"custom-2\" class=\"h-section h-section-global-spacing d-flex align-items-lg-center align-items-md-center align-items-center style-1102 style-local-1836-c14 position-relative\">\n    <!---->\n    <!---->\n    <div class=\"h-section-grid-container h-section-boxed-container\">\n      <!---->\n      <div data-colibri-id=\"1836-c15\" class=\"h-row-container gutters-row-lg-2 gutters-row-md-2 gutters-row-0 gutters-row-v-lg-2 gutters-row-v-md-2 gutters-row-v-2 style-1103 style-local-1836-c15 position-relative\">\n        <!---->\n        <div class=\"h-row justify-content-lg-center justify-content-md-center justify-content-center align-items-lg-stretch align-items-md-stretch align-items-stretch gutters-col-lg-2 gutters-col-md-2 gutters-col-0 gutters-col-v-lg-2 gutters-col-v-md-2 gutters-col-v-2\">\n          <!---->\n          <div class=\"h-column h-column-container d-flex h-col-lg-auto h-col-md-auto h-col-auto style-1104-outer style-local-1836-c16-outer\">\n            <div data-colibri-id=\"1836-c16\" class=\"d-flex h-flex-basis h-column__inner h-ui-empty-state-container h-px-lg-2 h-px-md-2 h-px-2 v-inner-lg-2 v-inner-md-2 v-inner-2 style-1104 style-local-1836-c16 position-relative\">\n              <!---->\n              <!---->\n              <div class=\"w-100 h-y-container h-column__content h-column__v-align flex-basis-100\">\n                <!---->\n              <\/div>\n            <\/div>\n          <\/div>\n        <\/div>\n      <\/div>\n    <\/div>\n  <\/div>\n<\/div>","protected":false},"excerpt":{"rendered":"<p>R\u00e9flexologie R\u00e9flexologie \u00ab\u00a0bien-\u00eatre\u00a0\u00bb R\u00e9flexologie \u00ab\u00a0douleur chronique\u00a0\u00bb R\u00e9flexologie \u00ab\u00a0p\u00e9rinatale\u00a0\u00bb Massages Massage des jambes lourdes Massage m\u00e9tamorphique PRENDRE RENDEZ-VOUS<\/p>\n","protected":false},"author":1,"featured_media":0,"parent":0,"menu_order":0,"comment_status":"closed","ping_status":"closed","template":"page-templates\/full-width-page.php","meta":{"slim_seo":{"title":"Soins - LuMahina Bien-\u00eatre","description":"R\u00e9flexologie R\u00e9flexologie \"bien-\u00eatre\" R\u00e9flexologie \"douleur chronique\" R\u00e9flexologie \"p\u00e9rinatale\" Massages Massage des jambes lourdes Massage m\u00e9tamorphique PREND"},"footnotes":""},"class_list":["post-1836","page","type-page","status-publish","hentry"],"_links":{"self":[{"href":"https:\/\/lumahina-bien-etre.fr\/index.php\/wp-json\/wp\/v2\/pages\/1836","targetHints":{"allow":["GET"]}}],"collection":[{"href":"https:\/\/lumahina-bien-etre.fr\/index.php\/wp-json\/wp\/v2\/pages"}],"about":[{"href":"https:\/\/lumahina-bien-etre.fr\/index.php\/wp-json\/wp\/v2\/types\/page"}],"author":[{"embeddable":true,"href":"https:\/\/lumahina-bien-etre.fr\/index.php\/wp-json\/wp\/v2\/users\/1"}],"replies":[{"embeddable":true,"href":"https:\/\/lumahina-bien-etre.fr\/index.php\/wp-json\/wp\/v2\/comments?post=1836"}],"version-history":[{"count":1,"href":"https:\/\/lumahina-bien-etre.fr\/index.php\/wp-json\/wp\/v2\/pages\/1836\/revisions"}],"predecessor-version":[{"id":2576,"href":"https:\/\/lumahina-bien-etre.fr\/index.php\/wp-json\/wp\/v2\/pages\/1836\/revisions\/2576"}],"wp:attachment":[{"href":"https:\/\/lumahina-bien-etre.fr\/index.php\/wp-json\/wp\/v2\/media?parent=1836"}],"curies":[{"name":"wp","href":"https:\/\/api.w.org\/{rel}","templated":true}]}}