{"id":1849,"date":"2026-01-19T14:09:12","date_gmt":"2026-01-19T13:09:12","guid":{"rendered":"https:\/\/lumahina-bien-etre.fr\/index.php\/politique-de-confidentialite-rgpd\/"},"modified":"2026-01-19T14:29:51","modified_gmt":"2026-01-19T13:29:51","slug":"politique-de-confidentialite-rgpd","status":"publish","type":"page","link":"https:\/\/lumahina-bien-etre.fr\/index.php\/politique-de-confidentialite-rgpd\/","title":{"rendered":"Politique de confidentialit\u00e9 \u2013 RGPD"},"content":{"rendered":"<div data-colibri-id=\"1849-c1\" class=\"style-745 style-local-1849-c1 position-relative\">\n  <!---->\n  <div data-colibri-component=\"section\" data-colibri-id=\"1849-c2\" id=\"custom\" class=\"h-section h-section-global-spacing d-flex align-items-lg-center align-items-md-center align-items-center style-746 style-local-1849-c2 position-relative\">\n    <!---->\n    <!---->\n    <div class=\"h-section-grid-container h-section-boxed-container\">\n      <!---->\n      <div data-colibri-id=\"1849-c5\" class=\"h-row-container gutters-row-lg-2 gutters-row-md-2 gutters-row-0 gutters-row-v-lg-2 gutters-row-v-md-2 gutters-row-v-2 style-749 style-local-1849-c5 position-relative\">\n        <!---->\n        <div class=\"h-row justify-content-lg-center justify-content-md-center justify-content-center align-items-lg-stretch align-items-md-stretch align-items-stretch gutters-col-lg-2 gutters-col-md-2 gutters-col-0 gutters-col-v-lg-2 gutters-col-v-md-2 gutters-col-v-2\">\n          <!---->\n          <div class=\"h-column h-column-container d-flex h-col-lg-auto h-col-md-auto h-col-auto style-750-outer style-local-1849-c6-outer\">\n            <div data-colibri-id=\"1849-c6\" class=\"d-flex h-flex-basis h-column__inner h-px-lg-2 h-px-md-2 h-px-2 v-inner-lg-2 v-inner-md-2 v-inner-2 style-750 style-local-1849-c6 position-relative\">\n              <!---->\n              <!---->\n              <div class=\"w-100 h-y-container h-column__content h-column__v-align flex-basis-100 align-self-lg-start align-self-md-start align-self-start\">\n                <!---->\n                <div data-colibri-id=\"1849-c7\" class=\"h-global-transition-all h-heading style-751 style-local-1849-c7 position-relative h-element\">\n                  <!---->\n                  <div class=\"h-heading__outer style-751 style-local-1849-c7\">\n                    <!---->\n                    <!---->\n                    <h4 class=\"\">Les informations partag\u00e9es lors des s\u00e9ances sont strictement confidentielles et utilis\u00e9es uniquement pour vous accompagner avec justesse et bienveillance.<\/h4>\n                  <\/div>\n                <\/div>\n              <\/div>\n            <\/div>\n          <\/div>\n        <\/div>\n      <\/div>\n      <div data-colibri-id=\"1849-c3\" class=\"h-row-container gutters-row-lg-2 gutters-row-md-2 gutters-row-0 gutters-row-v-lg-2 gutters-row-v-md-2 gutters-row-v-2 style-747 style-local-1849-c3 position-relative\">\n        <!---->\n        <div class=\"h-row justify-content-lg-center justify-content-md-center justify-content-center align-items-lg-stretch align-items-md-stretch align-items-stretch gutters-col-lg-2 gutters-col-md-2 gutters-col-0 gutters-col-v-lg-2 gutters-col-v-md-2 gutters-col-v-2\">\n          <!---->\n          <div class=\"h-column h-column-container d-flex h-col-lg-auto h-col-md-auto h-col-auto style-748-outer style-local-1849-c4-outer\">\n            <div data-colibri-id=\"1849-c4\" class=\"d-flex h-flex-basis h-column__inner h-px-lg-2 h-px-md-2 h-px-2 v-inner-lg-2 v-inner-md-2 v-inner-2 style-748 style-local-1849-c4 position-relative\">\n              <!---->\n              <!---->\n              <div class=\"w-100 h-y-container h-column__content h-column__v-align flex-basis-100 align-self-lg-start align-self-md-start align-self-start\">\n                <!---->\n                <div data-colibri-id=\"1849-c8\" class=\"h-text h-text-component style-752 style-local-1849-c8 position-relative h-element\">\n                  <!---->\n                  <!---->\n                  <div class=\"\">\n                    <h3>1. Responsable du traitement des donn\u00e9es<\/h3>\n                    <p>Le site <strong>LuMahina Bien-\u00eatre<\/strong> est \u00e9dit\u00e9 par :\n                      <br> <strong>LuMahina Bien-\u00eatre<\/strong>\n                      <br> MAILLOCHAUD Lucie EI<\/p>\n                    <p>110 rue du cholard, 38510 VEZERONCR CURTIN<\/p>\n                    <p>Email : lumahina.bien.etre@gmail.com\n                      <br>\n                    <\/p>\n                    <p>Le responsable du traitement des donn\u00e9es personnelles est <strong>LuMahina Bien-\u00eatre<\/strong>.<\/p>\n                    <h3>2. Donn\u00e9es personnelles collect\u00e9es<\/h3>\n                    <p>Dans le cadre de son activit\u00e9, LuMahina Bien-\u00eatre peut \u00eatre amen\u00e9e \u00e0 collecter les donn\u00e9es suivantes :<\/p>\n                    <ul>\n                      <li>Nom et pr\u00e9nom<\/li>\n                      <li>Adresse e-mail<\/li>\n                      <li>Num\u00e9ro de t\u00e9l\u00e9phone<\/li>\n                      <li>Informations transmises volontairement via le formulaire de contact ou lors de la prise de rendez-vous<\/li>\n                      <li><strong>Informations partag\u00e9es oralement lors des s\u00e9ances<\/strong>, pouvant concerner l\u2019histoire personnelle, le v\u00e9cu, le contexte \u00e9motionnel ou corporel de la personne accompagn\u00e9e<\/li>\n                    <\/ul>\n                    <p>Ces informations peuvent faire l\u2019objet de <strong>prises de notes confidentielles<\/strong>, exclusivement destin\u00e9es \u00e0 :<\/p>\n                    <ul>\n                      <li>assurer un accompagnement personnalis\u00e9,<\/li>\n                      <li>garantir un suivi coh\u00e9rent et respectueux lors des s\u00e9ances.<\/li>\n                    <\/ul>\n                    <h3>3. Utilisation des donn\u00e9es<\/h3>\n                    <p>Les donn\u00e9es personnelles collect\u00e9es sont utilis\u00e9es uniquement dans le cadre de l\u2019activit\u00e9 de LuMahina Bien-\u00eatre et ne sont <strong>en aucun cas vendues, \u00e9chang\u00e9es ou c\u00e9d\u00e9es \u00e0 des tiers<\/strong>.<\/p>\n                    <h3>4. Conservation des donn\u00e9es<\/h3>\n                    <p>Les donn\u00e9es et notes sont conserv\u00e9es :<\/p>\n                    <ul>\n                      <li>pendant la dur\u00e9e n\u00e9cessaire \u00e0 l\u2019accompagnement de la personne,<\/li>\n                      <li>et conform\u00e9ment aux obligations l\u00e9gales en vigueur.<\/li>\n                    <\/ul>\n                    <p>\u00c0 tout moment, la personne accompagn\u00e9e peut demander l\u2019acc\u00e8s, la rectification ou la suppression de ces informations.<\/p>\n                    <h3>5. S\u00e9curit\u00e9 des donn\u00e9es<\/h3>\n                    <p>LuMahina Bien-\u00eatre met en \u0153uvre toutes les mesures n\u00e9cessaires pour assurer la <strong>s\u00e9curit\u00e9, la confidentialit\u00e9 et la protection<\/strong> des donn\u00e9es personnelles et des notes, afin d\u2019\u00e9viter tout acc\u00e8s non autoris\u00e9.<\/p>\n                    <h3>6. Droits des personnes<\/h3>\n                    <p>Conform\u00e9ment au R\u00e8glement G\u00e9n\u00e9ral sur la Protection des Donn\u00e9es (RGPD), vous disposez des droits suivants :<\/p>\n                    <ul>\n                      <li>droit d\u2019acc\u00e8s \u00e0 vos donn\u00e9es,<\/li>\n                      <li>droit de rectification,<\/li>\n                      <li>droit \u00e0 l\u2019effacement,<\/li>\n                      <li>droit \u00e0 la limitation du traitement,<\/li>\n                      <li>droit d\u2019opposition.<\/li>\n                    <\/ul>\n                    <p>Vous pouvez exercer ces droits \u00e0 tout moment en adressant une demande par e-mail \u00e0 :<\/p>\n                    <p> <\/p>\n                    <h3><span style=\"font-weight: 400; font-size: 16px; font-family: &quot;Open Sans&quot;; color: rgb(64, 85, 169);\">lumahina.bien.etre@gmail.com<\/span>\n                      <br>\n                      <br>7. Cookies<\/h3>\n                    <p>Le site LuMahina Bien-\u00eatre peut utiliser des cookies \u00e0 des fins de fonctionnement et de statistiques.\n                      <br> Vous pouvez \u00e0 tout moment refuser ou param\u00e9trer l\u2019utilisation des cookies via votre navigateur.<\/p>\n                    <h3>8. Modification de la politique de confidentialit\u00e9<\/h3>\n                    <p>LuMahina Bien-\u00eatre se r\u00e9serve le droit de modifier la pr\u00e9sente politique de confidentialit\u00e9 afin de garantir sa conformit\u00e9 avec la l\u00e9gislation en vigueur.<\/p>\n                  <\/div>\n                <\/div>\n              <\/div>\n            <\/div>\n          <\/div>\n        <\/div>\n      <\/div>\n    <\/div>\n  <\/div>\n<\/div>","protected":false},"excerpt":{"rendered":"<p>Les informations partag\u00e9es lors des s\u00e9ances sont strictement confidentielles et utilis\u00e9es uniquement pour vous accompagner avec justesse et bienveillance. 1. Responsable du traitement des donn\u00e9es Le site LuMahina Bien-\u00eatre est \u00e9dit\u00e9 par : LuMahina Bien-\u00eatre MAILLOCHAUD Lucie EI 110 rue du cholard, 38510 VEZERONCR CURTIN Email : lumahina.bien.etre@gmail.com Le responsable du traitement des donn\u00e9es personnelles [&hellip;]<\/p>\n","protected":false},"author":1,"featured_media":0,"parent":0,"menu_order":0,"comment_status":"closed","ping_status":"closed","template":"page-templates\/full-width-page.php","meta":{"slim_seo":{"title":"Politique de confidentialit\u00e9 \u2013 RGPD - LuMahina Bien-\u00eatre","description":"Les informations partag\u00e9es lors des s\u00e9ances sont strictement confidentielles et utilis\u00e9es uniquement pour vous accompagner avec justesse et bienveillance. 1. Re"},"footnotes":""},"class_list":["post-1849","page","type-page","status-publish","hentry"],"_links":{"self":[{"href":"https:\/\/lumahina-bien-etre.fr\/index.php\/wp-json\/wp\/v2\/pages\/1849","targetHints":{"allow":["GET"]}}],"collection":[{"href":"https:\/\/lumahina-bien-etre.fr\/index.php\/wp-json\/wp\/v2\/pages"}],"about":[{"href":"https:\/\/lumahina-bien-etre.fr\/index.php\/wp-json\/wp\/v2\/types\/page"}],"author":[{"embeddable":true,"href":"https:\/\/lumahina-bien-etre.fr\/index.php\/wp-json\/wp\/v2\/users\/1"}],"replies":[{"embeddable":true,"href":"https:\/\/lumahina-bien-etre.fr\/index.php\/wp-json\/wp\/v2\/comments?post=1849"}],"version-history":[{"count":1,"href":"https:\/\/lumahina-bien-etre.fr\/index.php\/wp-json\/wp\/v2\/pages\/1849\/revisions"}],"predecessor-version":[{"id":1864,"href":"https:\/\/lumahina-bien-etre.fr\/index.php\/wp-json\/wp\/v2\/pages\/1849\/revisions\/1864"}],"wp:attachment":[{"href":"https:\/\/lumahina-bien-etre.fr\/index.php\/wp-json\/wp\/v2\/media?parent=1849"}],"curies":[{"name":"wp","href":"https:\/\/api.w.org\/{rel}","templated":true}]}}