{"id":1852,"date":"2026-01-19T14:12:49","date_gmt":"2026-01-19T13:12:49","guid":{"rendered":"https:\/\/lumahina-bien-etre.fr\/index.php\/mon-approche\/"},"modified":"2026-01-24T15:39:58","modified_gmt":"2026-01-24T14:39:58","slug":"mon-approche","status":"publish","type":"page","link":"https:\/\/lumahina-bien-etre.fr\/index.php\/mon-approche\/","title":{"rendered":"Mon approche"},"content":{"rendered":"<div data-colibri-id=\"1852-c1\" class=\"style-766 style-local-1852-c1 position-relative\">\n  <!---->\n  <div data-colibri-component=\"section\" data-colibri-id=\"1852-c2\" id=\"custom\" class=\"h-section h-section-global-spacing d-flex align-items-lg-center align-items-md-center align-items-center style-767 style-local-1852-c2 position-relative\">\n    <!---->\n    <!---->\n    <div class=\"h-section-grid-container h-section-boxed-container\">\n      <!---->\n      <div data-colibri-id=\"1852-c3\" class=\"h-row-container gutters-row-lg-2 gutters-row-md-2 gutters-row-0 gutters-row-v-lg-2 gutters-row-v-md-2 gutters-row-v-2 style-768 style-local-1852-c3 position-relative\">\n        <!---->\n        <div class=\"h-row justify-content-lg-center justify-content-md-center justify-content-center align-items-lg-stretch align-items-md-stretch align-items-stretch gutters-col-lg-2 gutters-col-md-2 gutters-col-0 gutters-col-v-lg-2 gutters-col-v-md-2 gutters-col-v-2\">\n          <!---->\n          <div class=\"h-column h-column-container d-flex h-col-lg-auto h-col-md-auto h-col-auto style-771-outer style-local-1852-c6-outer\">\n            <div data-colibri-id=\"1852-c6\" class=\"d-flex h-flex-basis h-column__inner h-px-lg-2 h-px-md-2 h-px-2 v-inner-lg-2 v-inner-md-2 v-inner-2 style-771 style-local-1852-c6 position-relative\">\n              <!---->\n              <!---->\n              <div class=\"w-100 h-y-container h-column__content h-column__v-align flex-basis-100 align-self-lg-start align-self-md-start align-self-start\">\n                <!---->\n                <div data-colibri-id=\"1852-c7\" class=\"d-block style-772 style-local-1852-c7 position-relative h-element\">\n                  <!---->\n                  <div class=\"h-image__frame-container-outer\">\n                    <div class=\"h-image__frame-container\">\n                      <!---->\n                      <!---->\n                      <img loading=\"lazy\" decoding=\"async\" width=\"1897\" height=\"2381\" src=\"https:\/\/lumahina-bien-etre.fr\/wp-content\/uploads\/2026\/01\/cropped-IMG_20260122_122102-scaled-1.jpg\" class=\"wp-image-2328 style-772-image style-local-1852-c7-image\" alt=\"IMG 20260122\" srcset=\"https:\/\/lumahina-bien-etre.fr\/wp-content\/uploads\/2026\/01\/cropped-IMG_20260122_122102-scaled-1.jpg 1897w, https:\/\/lumahina-bien-etre.fr\/wp-content\/uploads\/2026\/01\/cropped-IMG_20260122_122102-scaled-1-239x300.jpg 239w, https:\/\/lumahina-bien-etre.fr\/wp-content\/uploads\/2026\/01\/cropped-IMG_20260122_122102-scaled-1-816x1024.jpg 816w, https:\/\/lumahina-bien-etre.fr\/wp-content\/uploads\/2026\/01\/cropped-IMG_20260122_122102-scaled-1-768x964.jpg 768w, https:\/\/lumahina-bien-etre.fr\/wp-content\/uploads\/2026\/01\/cropped-IMG_20260122_122102-scaled-1-1224x1536.jpg 1224w, https:\/\/lumahina-bien-etre.fr\/wp-content\/uploads\/2026\/01\/cropped-IMG_20260122_122102-scaled-1-1632x2048.jpg 1632w, https:\/\/lumahina-bien-etre.fr\/wp-content\/uploads\/2026\/01\/cropped-IMG_20260122_122102-scaled-1-600x753.jpg 600w\" sizes=\"auto, (max-width: 1897px) 100vw, 1897px\" \/>\n                      <div class=\"h-image__frame h-hide-lg h-hide-md h-hide-sm style-772-frameImage style-local-1852-c7-frameImage\"><\/div>\n                    <\/div>\n                  <\/div>\n                <\/div>\n              <\/div>\n            <\/div>\n          <\/div>\n          <div class=\"h-column h-column-container d-flex h-col-lg-auto h-col-md-auto h-col-auto style-769-outer style-local-1852-c4-outer\">\n            <div data-colibri-id=\"1852-c4\" class=\"d-flex h-flex-basis h-column__inner h-px-lg-2 h-px-md-2 h-px-2 v-inner-lg-2 v-inner-md-2 v-inner-2 style-769 style-local-1852-c4 position-relative\">\n              <!---->\n              <!---->\n              <div class=\"w-100 h-y-container h-column__content h-column__v-align flex-basis-100 align-self-lg-start align-self-md-start align-self-start\">\n                <!---->\n                <div data-colibri-id=\"1852-c5\" class=\"h-text h-text-component style-770 style-local-1852-c5 position-relative h-element\">\n                  <!---->\n                  <!---->\n                  <div class=\"\">\n                    <p>Chez <strong>LuMahina Bien-\u00eatre<\/strong>, j\u2019accompagne les femmes \u00e0 chaque \u00e9tape de leur vie gr\u00e2ce \u00e0 la <strong>r\u00e9flexologie<\/strong> et au <strong>massage bien-\u00eatre<\/strong>, dans une approche globale, personnalis\u00e9e et respectueuse\n                      du corps.<\/p>\n                    <p>Chaque s\u00e9ance est pens\u00e9e comme un <strong>temps pour soi<\/strong>, un espace de pause et de recentrage, o\u00f9 le toucher, l\u2019\u00e9coute et la pr\u00e9sence permettent de favoriser la d\u00e9tente, le rel\u00e2chement des tensions et le mieux-\u00eatre g\u00e9n\u00e9ral.<\/p>\n                    <p>Mon accompagnement repose sur une <strong>vision holistique<\/strong> de la personne, prenant en compte les dimensions <strong>physiques, \u00e9motionnelles et \u00e9nerg\u00e9tiques<\/strong>. Le corps est porteur de messages : tensions, inconforts\n                      ou d\u00e9s\u00e9quilibres peuvent parfois refl\u00e9ter une histoire, un v\u00e9cu ou un \u00e9tat int\u00e9rieur. Lorsque cela est pertinent, j\u2019int\u00e8gre une <strong>lecture symbolique des troubles<\/strong>, toujours avec douceur, bienveillance et dans le respect\n                      du rythme de chacune.<\/p>\n                    <p>Sp\u00e9cialis\u00e9e dans l\u2019<strong>accompagnement des femmes<\/strong>, notamment durant la <strong>p\u00e9rinatalit\u00e9<\/strong> (projet b\u00e9b\u00e9, grossesse, post-partum), je propose des s\u00e9ances adapt\u00e9es aux besoins sp\u00e9cifiques de ces p\u00e9riodes de vie\n                      sensibles.<\/p>\n                    <p>J\u2019utilise exclusivement des <strong>huiles v\u00e9g\u00e9tales naturelles<\/strong>, sans huiles essentielles, afin de garantir des pratiques <strong>s\u00e9curis\u00e9es<\/strong>, compatibles avec la <strong>grossesse et l\u2019allaitement<\/strong>.<\/p>\n                    <p>Mon intention est d\u2019offrir un accompagnement bien-\u00eatre profond\u00e9ment humain, permettant \u00e0 chaque femme de se reconnecter \u00e0 son corps, d\u2019apaiser ses tensions et de retrouver un \u00e9quilibre durable.<\/p>\n                  <\/div>\n                <\/div>\n              <\/div>\n            <\/div>\n          <\/div>\n        <\/div>\n      <\/div>\n    <\/div>\n  <\/div>\n<\/div>","protected":false},"excerpt":{"rendered":"<p>Chez LuMahina Bien-\u00eatre, j\u2019accompagne les femmes \u00e0 chaque \u00e9tape de leur vie gr\u00e2ce \u00e0 la r\u00e9flexologie et au massage bien-\u00eatre, dans une approche globale, personnalis\u00e9e et respectueuse du corps. Chaque s\u00e9ance est pens\u00e9e comme un temps pour soi, un espace de pause et de recentrage, o\u00f9 le toucher, l\u2019\u00e9coute et la pr\u00e9sence permettent de favoriser [&hellip;]<\/p>\n","protected":false},"author":1,"featured_media":0,"parent":0,"menu_order":0,"comment_status":"closed","ping_status":"closed","template":"page-templates\/full-width-page.php","meta":{"slim_seo":{"title":"Mon approche - LuMahina Bien-\u00eatre","description":"Chez LuMahina Bien-\u00eatre , j\u2019accompagne les femmes \u00e0 chaque \u00e9tape de leur vie gr\u00e2ce \u00e0 la r\u00e9flexologie et au massage bien-\u00eatre , dans une approche globale, person"},"footnotes":""},"class_list":["post-1852","page","type-page","status-publish","hentry"],"_links":{"self":[{"href":"https:\/\/lumahina-bien-etre.fr\/index.php\/wp-json\/wp\/v2\/pages\/1852","targetHints":{"allow":["GET"]}}],"collection":[{"href":"https:\/\/lumahina-bien-etre.fr\/index.php\/wp-json\/wp\/v2\/pages"}],"about":[{"href":"https:\/\/lumahina-bien-etre.fr\/index.php\/wp-json\/wp\/v2\/types\/page"}],"author":[{"embeddable":true,"href":"https:\/\/lumahina-bien-etre.fr\/index.php\/wp-json\/wp\/v2\/users\/1"}],"replies":[{"embeddable":true,"href":"https:\/\/lumahina-bien-etre.fr\/index.php\/wp-json\/wp\/v2\/comments?post=1852"}],"version-history":[{"count":2,"href":"https:\/\/lumahina-bien-etre.fr\/index.php\/wp-json\/wp\/v2\/pages\/1852\/revisions"}],"predecessor-version":[{"id":2331,"href":"https:\/\/lumahina-bien-etre.fr\/index.php\/wp-json\/wp\/v2\/pages\/1852\/revisions\/2331"}],"wp:attachment":[{"href":"https:\/\/lumahina-bien-etre.fr\/index.php\/wp-json\/wp\/v2\/media?parent=1852"}],"curies":[{"name":"wp","href":"https:\/\/api.w.org\/{rel}","templated":true}]}}