{"id":1894,"date":"2026-01-19T15:32:52","date_gmt":"2026-01-19T14:32:52","guid":{"rendered":"https:\/\/lumahina-bien-etre.fr\/index.php\/les-cartes-cadeaux\/"},"modified":"2026-01-20T08:53:41","modified_gmt":"2026-01-20T07:53:41","slug":"les-cartes-cadeaux","status":"publish","type":"page","link":"https:\/\/lumahina-bien-etre.fr\/index.php\/les-cartes-cadeaux\/","title":{"rendered":"Les cartes cadeaux"},"content":{"rendered":"<div data-colibri-id=\"1894-c1\" class=\"style-830 style-local-1894-c1 position-relative\">\n  <!---->\n  <div data-colibri-component=\"section\" data-colibri-id=\"1894-c2\" id=\"custom\" class=\"h-section h-section-global-spacing d-flex align-items-lg-center align-items-md-center align-items-center style-831 style-local-1894-c2 position-relative\">\n    <!---->\n    <!---->\n    <div class=\"h-section-grid-container h-section-boxed-container\">\n      <!---->\n      <div data-colibri-id=\"1894-c3\" class=\"h-row-container gutters-row-lg-2 gutters-row-md-2 gutters-row-0 gutters-row-v-lg-2 gutters-row-v-md-2 gutters-row-v-2 style-832 style-local-1894-c3 position-relative\">\n        <!---->\n        <div class=\"h-row justify-content-lg-center justify-content-md-center justify-content-center align-items-lg-stretch align-items-md-stretch align-items-stretch gutters-col-lg-2 gutters-col-md-2 gutters-col-0 gutters-col-v-lg-2 gutters-col-v-md-2 gutters-col-v-2\">\n          <!---->\n          <div class=\"h-column h-column-container d-flex h-col-lg-auto h-col-md-auto h-col-auto style-833-outer style-local-1894-c4-outer\">\n            <div data-colibri-id=\"1894-c4\" class=\"d-flex h-flex-basis h-column__inner h-px-lg-2 h-px-md-2 h-px-2 v-inner-lg-2 v-inner-md-2 v-inner-2 style-833 style-local-1894-c4 position-relative\">\n              <!---->\n              <!---->\n              <div class=\"w-100 h-y-container h-column__content h-column__v-align flex-basis-100 align-self-lg-start align-self-md-start align-self-start\">\n                <!---->\n                <div data-colibri-id=\"1894-c5\" class=\"d-block style-836 style-local-1894-c5 position-relative h-element\">\n                  <!---->\n                  <div class=\"h-image__frame-container-outer\">\n                    <div class=\"h-image__frame-container\">\n                      <!---->\n                      <!---->\n                      <img loading=\"lazy\" decoding=\"async\" width=\"2557\" height=\"1926\" src=\"https:\/\/lumahina-bien-etre.fr\/wp-content\/uploads\/2026\/01\/cropped-1000015515-1-scaled-1.jpg\" class=\"wp-image-1936 style-836-image style-local-1894-c5-image\" alt=\"1000015515 (1)\" srcset=\"https:\/\/lumahina-bien-etre.fr\/wp-content\/uploads\/2026\/01\/cropped-1000015515-1-scaled-1.jpg 2557w, https:\/\/lumahina-bien-etre.fr\/wp-content\/uploads\/2026\/01\/cropped-1000015515-1-scaled-1-300x226.jpg 300w, https:\/\/lumahina-bien-etre.fr\/wp-content\/uploads\/2026\/01\/cropped-1000015515-1-scaled-1-1024x771.jpg 1024w, https:\/\/lumahina-bien-etre.fr\/wp-content\/uploads\/2026\/01\/cropped-1000015515-1-scaled-1-768x578.jpg 768w, https:\/\/lumahina-bien-etre.fr\/wp-content\/uploads\/2026\/01\/cropped-1000015515-1-scaled-1-1536x1157.jpg 1536w, https:\/\/lumahina-bien-etre.fr\/wp-content\/uploads\/2026\/01\/cropped-1000015515-1-scaled-1-2048x1543.jpg 2048w, https:\/\/lumahina-bien-etre.fr\/wp-content\/uploads\/2026\/01\/cropped-1000015515-1-scaled-1-600x452.jpg 600w\" sizes=\"auto, (max-width: 2557px) 100vw, 2557px\" \/>\n                      <div class=\"h-image__frame h-hide-lg h-hide-md h-hide-sm style-836-frameImage style-local-1894-c5-frameImage\"><\/div>\n                    <\/div>\n                  <\/div>\n                <\/div>\n                <div data-colibri-id=\"1894-c6\" class=\"d-block style-837 style-local-1894-c6 position-relative h-element\">\n                  <!---->\n                  <div class=\"h-image__frame-container-outer\">\n                    <div class=\"h-image__frame-container\">\n                      <!---->\n                      <!---->\n                      <img loading=\"lazy\" decoding=\"async\" width=\"2557\" height=\"1926\" src=\"https:\/\/lumahina-bien-etre.fr\/wp-content\/uploads\/2026\/01\/cropped-1000015514-1-scaled-1.jpg\" class=\"wp-image-1937 style-837-image style-local-1894-c6-image\" alt=\"1000015514 (1)\" srcset=\"https:\/\/lumahina-bien-etre.fr\/wp-content\/uploads\/2026\/01\/cropped-1000015514-1-scaled-1.jpg 2557w, https:\/\/lumahina-bien-etre.fr\/wp-content\/uploads\/2026\/01\/cropped-1000015514-1-scaled-1-300x226.jpg 300w, https:\/\/lumahina-bien-etre.fr\/wp-content\/uploads\/2026\/01\/cropped-1000015514-1-scaled-1-1024x771.jpg 1024w, https:\/\/lumahina-bien-etre.fr\/wp-content\/uploads\/2026\/01\/cropped-1000015514-1-scaled-1-768x578.jpg 768w, https:\/\/lumahina-bien-etre.fr\/wp-content\/uploads\/2026\/01\/cropped-1000015514-1-scaled-1-1536x1157.jpg 1536w, https:\/\/lumahina-bien-etre.fr\/wp-content\/uploads\/2026\/01\/cropped-1000015514-1-scaled-1-2048x1543.jpg 2048w, https:\/\/lumahina-bien-etre.fr\/wp-content\/uploads\/2026\/01\/cropped-1000015514-1-scaled-1-600x452.jpg 600w\" sizes=\"auto, (max-width: 2557px) 100vw, 2557px\" \/>\n                      <div class=\"h-image__frame h-hide-lg h-hide-md h-hide-sm style-837-frameImage style-local-1894-c6-frameImage\"><\/div>\n                    <\/div>\n                  <\/div>\n                <\/div>\n              <\/div>\n            <\/div>\n          <\/div>\n          <div class=\"h-column h-column-container d-flex h-col-lg-auto h-col-md-auto h-col-auto style-834-outer style-local-1894-c7-outer\">\n            <div data-colibri-id=\"1894-c7\" class=\"d-flex h-flex-basis h-column__inner h-px-lg-2 h-px-md-2 h-px-2 v-inner-lg-2 v-inner-md-2 v-inner-2 style-834 style-local-1894-c7 position-relative\">\n              <!---->\n              <!---->\n              <div class=\"w-100 h-y-container h-column__content h-column__v-align flex-basis-100 align-self-lg-start align-self-md-start align-self-start\">\n                <!---->\n                <div data-colibri-id=\"1894-c8\" class=\"h-text h-text-component style-842 style-local-1894-c8 position-relative h-element\">\n                  <!---->\n                  <!---->\n                  <div class=\"\">\n                    <p>Offrir une carte cadeau LuMahina Bien-\u00eatre, c\u2019est offrir bien plus qu\u2019un massage ou une s\u00e9ance de r\u00e9flexologie : c\u2019est offrir <strong>un moment pour soi<\/strong>, une pause douce et pr\u00e9cieuse, d\u00e9di\u00e9e au bien-\u00eatre du corps et de l\u2019esprit.<\/p>\n                    <p>C\u2019est une attention id\u00e9ale pour c\u00e9l\u00e9brer un anniversaire, une \u00e9tape de vie, une grossesse, une naissance, ou simplement pour prendre soin d\u2019une personne qui compte pour vous.<\/p>\n                  <\/div>\n                <\/div>\n                <div data-colibri-id=\"1894-c9\" class=\"h-global-transition-all h-heading style-843 style-local-1894-c9 position-relative h-element\">\n                  <!---->\n                  <div class=\"h-heading__outer style-843 style-local-1894-c9\">\n                    <!---->\n                    <!---->\n                    <h4 class=\"\">Les modalit\u00e9s d&rsquo;achat<\/h4>\n                  <\/div>\n                <\/div>\n                <div data-colibri-id=\"1894-c10\" class=\"h-text h-text-component style-844 style-local-1894-c10 position-relative h-element\">\n                  <!---->\n                  <!---->\n                  <div class=\"\">\n                    <p>Vous pouvez:<\/p>\n                    <ul>\n                      <li>acheter directement au cabinet sur rendez-vous, en s\u00e9lectionnant le motif:&nbsp;\u00ab acheter \/ r\u00e9cup\u00e9rer une carte cadeau \u00bb, puis la\/les retirer apr\u00e8s r\u00e8glement.(carte physique, format carte postale et enveloppe -&gt; pr\u00eate \u00e0 \u00eatre offerte\n                        !)<\/li>\n                      <li>commander par t\u00e9l\u00e9phone ou par email, r\u00e9gler par virement bancaire, et les recevoir par email* ( impression \u00e0 domicile).<\/li>\n                    <\/ul>\n                    <p>*Les cartes cadeaux sont envoy\u00e9es par email uniquement apr\u00e8s r\u00e9ception du paiement.<\/p>\n                  <\/div>\n                <\/div>\n                <div data-colibri-id=\"1894-c11\" class=\"h-global-transition-all h-heading style-845 style-local-1894-c11 position-relative h-element\">\n                  <!---->\n                  <div class=\"h-heading__outer style-845 style-local-1894-c11\">\n                    <!---->\n                    <!---->\n                    <h4 class=\"\">Informations pratiques<\/h4>\n                  <\/div>\n                <\/div>\n                <div data-colibri-id=\"1894-c12\" class=\"h-text h-text-component style-846 style-local-1894-c12 position-relative h-element\">\n                  <!---->\n                  <!---->\n                  <div class=\"\">\n                    <p>Validit\u00e9 : <strong>4 mois \u00e0 compter de la date d\u2019achat<\/strong><\/p>\n                    <p>Utilisables sur la prestation choisie<\/p>\n                    <p>Non remboursables et non \u00e9changeables<\/p>\n                    <p>Non cumulables avec d\u2019autres offres ou promotions en cours<\/p>\n                  <\/div>\n                <\/div>\n              <\/div>\n            <\/div>\n          <\/div>\n        <\/div>\n      <\/div>\n    <\/div>\n  <\/div>\n  <div data-colibri-component=\"section\" data-colibri-id=\"1894-c13\" id=\"custom-2\" class=\"h-section h-section-global-spacing d-flex align-items-lg-center align-items-md-center align-items-center style-838 style-local-1894-c13 position-relative\">\n    <!---->\n    <!---->\n    <div class=\"h-section-grid-container h-section-boxed-container\">\n      <!---->\n      <div data-colibri-id=\"1894-c16\" class=\"h-row-container gutters-row-lg-2 gutters-row-md-2 gutters-row-0 gutters-row-v-lg-2 gutters-row-v-md-2 gutters-row-v-2 style-847 style-local-1894-c16 position-relative\">\n        <!---->\n        <div class=\"h-row justify-content-lg-center justify-content-md-center justify-content-center align-items-lg-stretch align-items-md-stretch align-items-stretch gutters-col-lg-2 gutters-col-md-2 gutters-col-0 gutters-col-v-lg-2 gutters-col-v-md-2 gutters-col-v-2\">\n          <!---->\n          <div class=\"h-column h-column-container d-flex h-col-lg-auto h-col-md-auto h-col-auto style-848-outer style-local-1894-c17-outer\">\n            <div data-colibri-id=\"1894-c17\" class=\"d-flex h-flex-basis h-column__inner h-px-lg-2 h-px-md-2 h-px-2 v-inner-lg-2 v-inner-md-2 v-inner-2 style-848 style-local-1894-c17 position-relative\">\n              <!---->\n              <!---->\n              <div class=\"w-100 h-y-container h-column__content h-column__v-align flex-basis-100 align-self-lg-start align-self-md-start align-self-start\">\n                <!---->\n                <div data-colibri-id=\"1894-c18\" class=\"h-x-container style-849 style-local-1894-c18 position-relative h-element\">\n                  <!---->\n                  <div class=\"h-x-container-inner style-dynamic-1894-c18-group style-849-spacing style-local-1894-c18-spacing\"><span class=\"h-button__outer style-850-outer style-local-1894-c19-outer d-inline-flex h-element\"><a h-use-smooth-scroll=\"true\" href=\"https:\/\/www.resalib.fr\/praticien\/95184-lucie-maillochaud-lumahina-bien-etre-reflexologue-vezeronce-curtin\"  data-colibri-id=\"1894-c19\" class=\"d-flex w-100 align-items-center h-button justify-content-lg-center justify-content-md-center justify-content-center style-850 style-local-1894-c19 position-relative\"><!----><!----> <span>Prendre RDV motif \u00ab\u00a0acheter\/r\u00e9cup\u00e9rer une carte cadeau<\/span><\/a>\n                    <\/span><span class=\"h-button__outer style-851-outer style-local-1894-c20-outer d-inline-flex h-element\"><a h-use-smooth-scroll=\"true\" href=\"https:\/\/lumahina-bien-etre.fr\/index.php\/contact\/\"  data-colibri-id=\"1894-c20\" class=\"d-flex w-100 align-items-center h-button justify-content-lg-center justify-content-md-center justify-content-center style-851 style-local-1894-c20 position-relative\"><!----><!----> <span>Me contacter pour recevoir les cartes cadeaux par mail<\/span><\/a>\n                    <\/span>\n                  <\/div>\n                <\/div>\n              <\/div>\n            <\/div>\n          <\/div>\n        <\/div>\n      <\/div>\n    <\/div>\n  <\/div>\n<\/div>","protected":false},"excerpt":{"rendered":"<p>Offrir une carte cadeau LuMahina Bien-\u00eatre, c\u2019est offrir bien plus qu\u2019un massage ou une s\u00e9ance de r\u00e9flexologie : c\u2019est offrir un moment pour soi, une pause douce et pr\u00e9cieuse, d\u00e9di\u00e9e au bien-\u00eatre du corps et de l\u2019esprit. C\u2019est une attention id\u00e9ale pour c\u00e9l\u00e9brer un anniversaire, une \u00e9tape de vie, une grossesse, une naissance, ou simplement [&hellip;]<\/p>\n","protected":false},"author":1,"featured_media":0,"parent":0,"menu_order":0,"comment_status":"closed","ping_status":"closed","template":"page-templates\/full-width-page.php","meta":{"slim_seo":{"title":"Les cartes cadeaux - LuMahina Bien-\u00eatre","description":"Offrir une carte cadeau LuMahina Bien-\u00eatre, c\u2019est offrir bien plus qu\u2019un massage ou une s\u00e9ance de r\u00e9flexologie : c\u2019est offrir un moment pour soi , une pause dou"},"footnotes":""},"class_list":["post-1894","page","type-page","status-publish","hentry"],"_links":{"self":[{"href":"https:\/\/lumahina-bien-etre.fr\/index.php\/wp-json\/wp\/v2\/pages\/1894","targetHints":{"allow":["GET"]}}],"collection":[{"href":"https:\/\/lumahina-bien-etre.fr\/index.php\/wp-json\/wp\/v2\/pages"}],"about":[{"href":"https:\/\/lumahina-bien-etre.fr\/index.php\/wp-json\/wp\/v2\/types\/page"}],"author":[{"embeddable":true,"href":"https:\/\/lumahina-bien-etre.fr\/index.php\/wp-json\/wp\/v2\/users\/1"}],"replies":[{"embeddable":true,"href":"https:\/\/lumahina-bien-etre.fr\/index.php\/wp-json\/wp\/v2\/comments?post=1894"}],"version-history":[{"count":5,"href":"https:\/\/lumahina-bien-etre.fr\/index.php\/wp-json\/wp\/v2\/pages\/1894\/revisions"}],"predecessor-version":[{"id":1967,"href":"https:\/\/lumahina-bien-etre.fr\/index.php\/wp-json\/wp\/v2\/pages\/1894\/revisions\/1967"}],"wp:attachment":[{"href":"https:\/\/lumahina-bien-etre.fr\/index.php\/wp-json\/wp\/v2\/media?parent=1894"}],"curies":[{"name":"wp","href":"https:\/\/api.w.org\/{rel}","templated":true}]}}