{"id":1996,"date":"2026-01-20T11:21:58","date_gmt":"2026-01-20T10:21:58","guid":{"rendered":"https:\/\/lumahina-bien-etre.fr\/index.php\/la-specialisation\/"},"modified":"2026-01-26T17:26:42","modified_gmt":"2026-01-26T16:26:42","slug":"la-specialisation","status":"publish","type":"page","link":"https:\/\/lumahina-bien-etre.fr\/index.php\/la-specialisation\/","title":{"rendered":"La sp\u00e9cialisation"},"content":{"rendered":"<div data-colibri-id=\"1996-c1\" class=\"style-895 style-local-1996-c1 position-relative\">\n  <!---->\n  <div data-colibri-component=\"section\" data-colibri-id=\"1996-c2\" id=\"custom\" class=\"h-section h-section-global-spacing d-flex align-items-lg-center align-items-md-center align-items-center style-896 style-local-1996-c2 position-relative\">\n    <!---->\n    <!---->\n    <div class=\"h-section-grid-container h-section-boxed-container\">\n      <!---->\n      <div data-colibri-id=\"1996-c3\" class=\"h-row-container gutters-row-lg-2 gutters-row-md-2 gutters-row-0 gutters-row-v-lg-2 gutters-row-v-md-2 gutters-row-v-2 style-897 style-local-1996-c3 position-relative\">\n        <!---->\n        <div class=\"h-row justify-content-lg-center justify-content-md-center justify-content-center align-items-lg-stretch align-items-md-stretch align-items-stretch gutters-col-lg-2 gutters-col-md-2 gutters-col-0 gutters-col-v-lg-2 gutters-col-v-md-2 gutters-col-v-2\">\n          <!---->\n          <div class=\"h-column h-column-container d-flex h-col-lg-auto h-col-md-auto h-col-auto style-898-outer style-local-1996-c4-outer\">\n            <div data-colibri-id=\"1996-c4\" class=\"d-flex h-flex-basis h-column__inner h-px-lg-2 h-px-md-2 h-px-2 v-inner-lg-2 v-inner-md-2 v-inner-2 style-898 style-local-1996-c4 position-relative\">\n              <!---->\n              <!---->\n              <div class=\"w-100 h-y-container h-column__content h-column__v-align flex-basis-100 align-self-lg-start align-self-md-start align-self-start\">\n                <!---->\n                <div data-colibri-id=\"1996-c5\" class=\"h-global-transition-all h-heading style-899 style-local-1996-c5 position-relative h-element\">\n                  <!---->\n                  <div class=\"h-heading__outer style-899 style-local-1996-c5\">\n                    <!---->\n                    <!---->\n                    <h4 class=\"\">Quelle est la sp\u00e9cialisation de LuMahina Bien-\u00eatre ?<\/h4>\n                  <\/div>\n                <\/div>\n                <div data-colibri-id=\"1996-c6\" class=\"h-text h-text-component style-906 style-local-1996-c6 position-relative h-element\">\n                  <!---->\n                  <!---->\n                  <div class=\"\">\n                    <p>Au cours de ma formation en multi-r\u00e9flexologie \u00e9motionnelle, j\u2019ai fait le choix de me sp\u00e9cialiser dans l\u2019accompagnement des femmes, plus particuli\u00e8rement autour de la p\u00e9rinatalit\u00e9 et des troubles f\u00e9minins.<\/p>\n                    <p>Ce besoin de sp\u00e9cialisation est n\u00e9 de l\u2019envie d\u2019accompagner une client\u00e8le cibl\u00e9e avec justesse et profondeur. Il me permet d\u2019\u00eatre sp\u00e9cifiquement form\u00e9e \u00e0 des probl\u00e9matiques fr\u00e9quentes et sensibles, d\u2019affiner continuellement ma pratique\n                      et d\u2019offrir un accompagnement toujours plus adapt\u00e9 aux femmes que je re\u00e7ois.<\/p>\n                    <p>Les diff\u00e9rentes \u00e9tapes de la vie f\u00e9minine et de la maternit\u00e9 peuvent \u00eatre \u00e9prouvantes, tant sur le plan physique qu\u2019\u00e9motionnel. Pourtant, il n\u2019est pas toujours \u00e9vident de pouvoir en parler librement.\n                      <br>Mon souhait le plus sinc\u00e8re est d\u2019accueillir chaque femme avec bienveillance, sans jugement, afin qu\u2019elle puisse se sentir en confiance, libre d\u2019exprimer ses mots comme ses maux.<\/p>\n                  <\/div>\n                <\/div>\n              <\/div>\n            <\/div>\n          <\/div>\n        <\/div>\n      <\/div>\n    <\/div>\n  <\/div>\n  <div data-colibri-component=\"section\" data-colibri-id=\"1996-c11\" id=\"custom-2\" class=\"h-section h-section-global-spacing d-flex align-items-lg-center align-items-md-center align-items-center style-900 style-local-1996-c11 position-relative\">\n    <!---->\n    <!---->\n    <div class=\"h-section-grid-container h-section-boxed-container\">\n      <!---->\n      <div data-colibri-id=\"1996-c12\" class=\"h-row-container gutters-row-lg-2 gutters-row-md-2 gutters-row-0 gutters-row-v-lg-2 gutters-row-v-md-2 gutters-row-v-2 style-901 style-local-1996-c12 position-relative\">\n        <!---->\n        <div class=\"h-row justify-content-lg-center justify-content-md-center justify-content-center align-items-lg-stretch align-items-md-stretch align-items-stretch gutters-col-lg-2 gutters-col-md-2 gutters-col-0 gutters-col-v-lg-2 gutters-col-v-md-2 gutters-col-v-2\">\n          <!---->\n          <div class=\"h-column h-column-container d-flex h-col-lg-auto h-col-md-auto h-col-auto style-902-outer style-local-1996-c13-outer\">\n            <div data-colibri-id=\"1996-c13\" class=\"d-flex h-flex-basis h-column__inner h-ui-empty-state-container h-px-lg-2 h-px-md-2 h-px-2 v-inner-lg-2 v-inner-md-2 v-inner-2 style-902 style-local-1996-c13 position-relative\">\n              <!---->\n              <!---->\n              <div class=\"w-100 h-y-container h-column__content h-column__v-align flex-basis-100\">\n                <!---->\n              <\/div>\n            <\/div>\n          <\/div>\n        <\/div>\n      <\/div>\n    <\/div>\n  <\/div>\n<\/div>","protected":false},"excerpt":{"rendered":"<p>Quelle est la sp\u00e9cialisation de LuMahina Bien-\u00eatre ? Au cours de ma formation en multi-r\u00e9flexologie \u00e9motionnelle, j\u2019ai fait le choix de me sp\u00e9cialiser dans l\u2019accompagnement des femmes, plus particuli\u00e8rement autour de la p\u00e9rinatalit\u00e9 et des troubles f\u00e9minins. Ce besoin de sp\u00e9cialisation est n\u00e9 de l\u2019envie d\u2019accompagner une client\u00e8le cibl\u00e9e avec justesse et profondeur. Il me [&hellip;]<\/p>\n","protected":false},"author":1,"featured_media":0,"parent":0,"menu_order":0,"comment_status":"closed","ping_status":"closed","template":"page-templates\/full-width-page.php","meta":{"slim_seo":{"title":"La sp\u00e9cialisation - LuMahina Bien-\u00eatre","description":"Quelle est la sp\u00e9cialisation de LuMahina Bien-\u00eatre ? Au cours de ma formation en multi-r\u00e9flexologie \u00e9motionnelle, j\u2019ai fait le choix de me sp\u00e9cialiser dans l\u2019ac"},"footnotes":""},"class_list":["post-1996","page","type-page","status-publish","hentry"],"_links":{"self":[{"href":"https:\/\/lumahina-bien-etre.fr\/index.php\/wp-json\/wp\/v2\/pages\/1996","targetHints":{"allow":["GET"]}}],"collection":[{"href":"https:\/\/lumahina-bien-etre.fr\/index.php\/wp-json\/wp\/v2\/pages"}],"about":[{"href":"https:\/\/lumahina-bien-etre.fr\/index.php\/wp-json\/wp\/v2\/types\/page"}],"author":[{"embeddable":true,"href":"https:\/\/lumahina-bien-etre.fr\/index.php\/wp-json\/wp\/v2\/users\/1"}],"replies":[{"embeddable":true,"href":"https:\/\/lumahina-bien-etre.fr\/index.php\/wp-json\/wp\/v2\/comments?post=1996"}],"version-history":[{"count":13,"href":"https:\/\/lumahina-bien-etre.fr\/index.php\/wp-json\/wp\/v2\/pages\/1996\/revisions"}],"predecessor-version":[{"id":2681,"href":"https:\/\/lumahina-bien-etre.fr\/index.php\/wp-json\/wp\/v2\/pages\/1996\/revisions\/2681"}],"wp:attachment":[{"href":"https:\/\/lumahina-bien-etre.fr\/index.php\/wp-json\/wp\/v2\/media?parent=1996"}],"curies":[{"name":"wp","href":"https:\/\/api.w.org\/{rel}","templated":true}]}}