{"id":506,"date":"2024-04-25T19:36:53","date_gmt":"2024-04-25T17:36:53","guid":{"rendered":"https:\/\/lumahina-bien-etre.fr\/?page_id=506"},"modified":"2026-01-26T15:01:08","modified_gmt":"2026-01-26T14:01:08","slug":"le-local","status":"publish","type":"page","link":"https:\/\/lumahina-bien-etre.fr\/index.php\/le-local\/","title":{"rendered":"Le cabinet"},"content":{"rendered":"<div data-colibri-id=\"506-c1\" class=\"style-472 style-local-506-c1 position-relative\">\n  <!---->\n  <div data-colibri-component=\"section\" data-colibri-id=\"506-c2\" id=\"custom\" class=\"h-section h-section-global-spacing d-flex align-items-lg-center align-items-md-center align-items-center style-477 style-local-506-c2 position-relative\">\n    <!---->\n    <!---->\n    <div class=\"h-section-grid-container h-section-boxed-container\">\n      <!---->\n      <div data-colibri-id=\"506-c3\" class=\"h-row-container gutters-row-lg-2 gutters-row-md-2 gutters-row-0 gutters-row-v-lg-2 gutters-row-v-md-2 gutters-row-v-2 style-478 style-local-506-c3 position-relative\">\n        <!---->\n        <div class=\"h-row justify-content-lg-center justify-content-md-center justify-content-center align-items-lg-stretch align-items-md-stretch align-items-stretch gutters-col-lg-2 gutters-col-md-2 gutters-col-0 gutters-col-v-lg-2 gutters-col-v-md-2 gutters-col-v-2\">\n          <!---->\n          <div class=\"h-column h-column-container d-flex h-col-lg-auto h-col-md-auto h-col-auto style-479-outer style-local-506-c4-outer\">\n            <div data-colibri-id=\"506-c4\" class=\"d-flex h-flex-basis h-column__inner h-px-lg-2 h-px-md-2 h-px-2 v-inner-lg-2 v-inner-md-2 v-inner-2 style-479 style-local-506-c4 position-relative\">\n              <!---->\n              <!---->\n              <div class=\"w-100 h-y-container h-column__content h-column__v-align flex-basis-100 align-self-lg-start align-self-md-start align-self-start\">\n                <!---->\n                <div data-colibri-id=\"506-c5\" class=\"h-icon style-991 style-local-506-c5 position-relative h-element\">\n                  <!----><span class=\"h-svg-icon h-icon__icon style-991-icon style-local-506-c5-icon\"><!--Icon by Font Awesome (https:\/\/fontawesome.com)-->\n    <svg version=\"1.1\" xmlns=\"http:\/\/www.w3.org\/2000\/svg\" xmlns:xlink=\"http:\/\/www.w3.org\/1999\/xlink\" id=\"map-marker\" viewBox=\"0 0 1049.8953 1896.0833\">\n      <path d=\"M768 640q0-106-75-181t-181-75-181 75-75 181 75 181 181 75 181-75 75-181zm256 0q0 109-33 179l-364 774q-16 33-47.5 52t-67.5 19-67.5-19-46.5-52L33 819Q0 749 0 640q0-212 150-362t362-150 362 150 150 362z\"><\/path>\n    <\/svg><\/span><\/div>\n                <div data-colibri-id=\"506-c6\" class=\"h-text h-text-component style-987 style-local-506-c6 position-relative h-element\">\n                  <!---->\n                  <!---->\n                  <div class=\"\">\n                    <p>110 rue du cholard<\/p>\n                    <p>38510 VEZERONCE-CURTIN<\/p>\n                    <p>\n                      <br>\n                    <\/p>\n                    <p>\n                      <br>\n                    <\/p>\n                  <\/div>\n                <\/div>\n                <div data-colibri-id=\"506-c7\" class=\"h-icon style-1027 style-local-506-c7 position-relative h-element\">\n                  <!----><span class=\"h-svg-icon h-icon__icon style-1027-icon style-local-506-c7-icon\"><!--Icon by Font Awesome (https:\/\/fontawesome.com)-->\n    <svg version=\"1.1\" xmlns=\"http:\/\/www.w3.org\/2000\/svg\" xmlns:xlink=\"http:\/\/www.w3.org\/1999\/xlink\" id=\"car\" viewBox=\"0 0 2048 1896.0833\">\n      <path d=\"M480 1088q0-66-47-113t-113-47-113 47-47 113 47 113 113 47 113-47 47-113zm36-320h1016l-89-357q-2-8-14-17.5t-21-9.5H640q-9 0-21 9.5T605 411zm1372 320q0-66-47-113t-113-47-113 47-47 113 47 113 113 47 113-47 47-113zm160-96v384q0 14-9 23t-23 9h-96v128q0 80-56 136t-136 56-136-56-56-136v-128H512v128q0 80-56 136t-136 56-136-56-56-136v-128H32q-14 0-23-9t-9-23V992q0-93 65.5-158.5T224 768h28l105-419q23-94 104-157.5T640 128h768q98 0 179 63.5T1691 349l105 419h28q93 0 158.5 65.5T2048 992z\"><\/path>\n    <\/svg><\/span><\/div>\n                <div data-colibri-id=\"506-c8\" class=\"h-text h-text-component style-1028 style-local-506-c8 position-relative h-element\">\n                  <!---->\n                  <!---->\n                  <div class=\"\">\n                    <p>2 places de parking gratuites et r\u00e9serv\u00e9es \u00e0 la client\u00e8le<\/p>\n                  <\/div>\n                <\/div>\n              <\/div>\n            <\/div>\n          <\/div>\n          <div class=\"h-column h-column-container d-flex h-col-lg-auto h-col-md-auto h-col-auto style-992-outer style-local-506-c9-outer\">\n            <div data-colibri-id=\"506-c9\" class=\"d-flex h-flex-basis h-column__inner h-px-lg-2 h-px-md-2 h-px-2 v-inner-lg-2 v-inner-md-2 v-inner-2 style-992 style-local-506-c9 position-relative\">\n              <!---->\n              <!---->\n              <div class=\"w-100 h-y-container h-column__content h-column__v-align flex-basis-100 align-self-lg-start align-self-md-start align-self-start\">\n                <!---->\n                <div data-colibri-id=\"506-c10\" class=\"d-block style-993 style-local-506-c10 position-relative h-element\">\n                  <!---->\n                  <div class=\"h-image__frame-container-outer\">\n                    <div class=\"h-image__frame-container\">\n                      <!---->\n                      <!---->\n                      <img loading=\"lazy\" decoding=\"async\" width=\"1201\" height=\"994\" src=\"https:\/\/lumahina-bien-etre.fr\/wp-content\/uploads\/2026\/01\/cropped-IMG-20260126-WA0049.jpg\" class=\"wp-image-2482 style-993-image style-local-506-c10-image\" alt=\"IMG 20260126 WA0049\" srcset=\"https:\/\/lumahina-bien-etre.fr\/wp-content\/uploads\/2026\/01\/cropped-IMG-20260126-WA0049.jpg 1201w, https:\/\/lumahina-bien-etre.fr\/wp-content\/uploads\/2026\/01\/cropped-IMG-20260126-WA0049-300x248.jpg 300w, https:\/\/lumahina-bien-etre.fr\/wp-content\/uploads\/2026\/01\/cropped-IMG-20260126-WA0049-1024x848.jpg 1024w, https:\/\/lumahina-bien-etre.fr\/wp-content\/uploads\/2026\/01\/cropped-IMG-20260126-WA0049-768x636.jpg 768w, https:\/\/lumahina-bien-etre.fr\/wp-content\/uploads\/2026\/01\/cropped-IMG-20260126-WA0049-600x497.jpg 600w\" sizes=\"auto, (max-width: 1201px) 100vw, 1201px\" \/>\n                      <div class=\"h-image__frame h-hide-lg h-hide-md h-hide-sm style-993-frameImage style-local-506-c10-frameImage\"><\/div>\n                    <\/div>\n                  <\/div>\n                <\/div>\n              <\/div>\n            <\/div>\n          <\/div>\n        <\/div>\n      <\/div>\n    <\/div>\n  <\/div>\n  <div data-colibri-component=\"section\" data-colibri-id=\"506-c12\" id=\"custom-3\" class=\"h-section h-section-global-spacing d-flex align-items-lg-center align-items-md-center align-items-center style-997 style-local-506-c12 position-relative\">\n    <!---->\n    <!---->\n    <div class=\"h-section-grid-container h-section-boxed-container\">\n      <!---->\n      <div data-colibri-id=\"506-c13\" class=\"h-row-container gutters-row-lg-2 gutters-row-md-2 gutters-row-0 gutters-row-v-lg-2 gutters-row-v-md-2 gutters-row-v-2 style-1010 style-local-506-c13 position-relative\">\n        <!---->\n        <div class=\"h-row justify-content-lg-center justify-content-md-center justify-content-center align-items-lg-stretch align-items-md-stretch align-items-stretch gutters-col-lg-2 gutters-col-md-2 gutters-col-0 gutters-col-v-lg-2 gutters-col-v-md-2 gutters-col-v-2\">\n          <!---->\n          <div class=\"h-column h-column-container d-flex h-col-lg-auto h-col-md-auto h-col-auto style-1011-outer style-local-506-c14-outer\">\n            <div data-colibri-id=\"506-c14\" class=\"d-flex h-flex-basis h-column__inner h-px-lg-2 h-px-md-2 h-px-2 v-inner-lg-2 v-inner-md-2 v-inner-2 style-1011 style-local-506-c14 position-relative\">\n              <!---->\n              <!---->\n              <div class=\"w-100 h-y-container h-column__content h-column__v-align flex-basis-100 align-self-lg-start align-self-md-start align-self-start\">\n                <!---->\n                <div data-colibri-id=\"506-c15\" class=\"h-global-transition-all h-heading style-1012 style-local-506-c15 position-relative h-element\">\n                  <!---->\n                  <div class=\"h-heading__outer style-1012 style-local-506-c15\">\n                    <!---->\n                    <!---->\n                    <h4 class=\"\">LuMahina bien-\u00eatre se trouve dans un cabinet enti\u00e8rement ind\u00e9pendant, pens\u00e9 et construit autour du projet de la r\u00e9flexologie et du massage.<\/h4>\n                  <\/div>\n                <\/div>\n              <\/div>\n            <\/div>\n          <\/div>\n        <\/div>\n      <\/div>\n      <div data-colibri-id=\"506-c16\" class=\"h-row-container gutters-row-lg-2 gutters-row-md-2 gutters-row-3 gutters-row-v-lg-2 gutters-row-v-md-2 gutters-row-v-3 style-998 style-local-506-c16 position-relative\">\n        <!---->\n        <div class=\"h-row justify-content-lg-center justify-content-md-center justify-content-center align-items-lg-stretch align-items-md-stretch align-items-stretch gutters-col-lg-2 gutters-col-md-2 gutters-col-3 gutters-col-v-lg-2 gutters-col-v-md-2 gutters-col-v-3\">\n          <!---->\n          <div class=\"h-column h-column-container d-flex h-col-lg-auto h-col-md-auto h-col-auto style-1000-outer style-local-506-c17-outer\">\n            <div data-colibri-id=\"506-c17\" class=\"d-flex h-flex-basis h-column__inner h-px-lg-2 h-px-md-2 h-px-2 v-inner-lg-2 v-inner-md-2 v-inner-2 style-1000 style-local-506-c17 position-relative\">\n              <!---->\n              <!---->\n              <div class=\"w-100 h-y-container h-column__content h-column__v-align flex-basis-100 align-self-lg-start align-self-md-start align-self-start\">\n                <!---->\n                <div data-colibri-id=\"506-c18\" class=\"h-global-transition-all h-heading style-995 style-local-506-c18 position-relative h-element\">\n                  <!---->\n                  <div class=\"h-heading__outer style-995 style-local-506-c18\">\n                    <!---->\n                    <!---->\n                    <h4 class=\"\">La salle d&rsquo;attente<\/h4>\n                  <\/div>\n                <\/div>\n                <div data-colibri-id=\"506-c39\" class=\"d-block style-1021 style-local-506-c39 position-relative h-element\">\n                  <!---->\n                  <div class=\"h-image__frame-container-outer\">\n                    <div class=\"h-image__frame-container\">\n                      <!---->\n                      <!---->\n                      <img loading=\"lazy\" decoding=\"async\" width=\"1203\" height=\"1600\" src=\"https:\/\/lumahina-bien-etre.fr\/wp-content\/uploads\/2026\/01\/cropped-IMG-20260126-WA0012.jpg\" class=\"wp-image-2490 style-1021-image style-local-506-c39-image\" alt=\"IMG 20260126 WA0012\" srcset=\"https:\/\/lumahina-bien-etre.fr\/wp-content\/uploads\/2026\/01\/cropped-IMG-20260126-WA0012.jpg 1203w, https:\/\/lumahina-bien-etre.fr\/wp-content\/uploads\/2026\/01\/cropped-IMG-20260126-WA0012-226x300.jpg 226w, https:\/\/lumahina-bien-etre.fr\/wp-content\/uploads\/2026\/01\/cropped-IMG-20260126-WA0012-770x1024.jpg 770w, https:\/\/lumahina-bien-etre.fr\/wp-content\/uploads\/2026\/01\/cropped-IMG-20260126-WA0012-768x1021.jpg 768w, https:\/\/lumahina-bien-etre.fr\/wp-content\/uploads\/2026\/01\/cropped-IMG-20260126-WA0012-1155x1536.jpg 1155w, https:\/\/lumahina-bien-etre.fr\/wp-content\/uploads\/2026\/01\/cropped-IMG-20260126-WA0012-600x798.jpg 600w\" sizes=\"auto, (max-width: 1203px) 100vw, 1203px\" \/>\n                      <div class=\"h-image__frame h-hide-lg h-hide-md h-hide-sm style-1021-frameImage style-local-506-c39-frameImage\"><\/div>\n                    <\/div>\n                  <\/div>\n                <\/div>\n                <div data-colibri-id=\"506-c20\" class=\"h-text h-text-component style-996 style-local-506-c20 position-relative h-element\">\n                  <!---->\n                  <!---->\n                  <div class=\"\">\n                    <p>Un espace pens\u00e9 pour patienter\u2026 mais pas seulement !<\/p>\n                    <p>Des bouteilles d\u2019eau fra\u00eeche et du th\u00e9 bio sont \u00e0 votre disposition gratuitement pour vous accueillir confortablement, avant ou apr\u00e8s votre s\u00e9ance.<\/p>\n                  <\/div>\n                <\/div>\n              <\/div>\n            <\/div>\n          <\/div>\n          <div class=\"h-column h-column-container d-flex h-col-lg-auto h-col-md-auto h-col-auto style-1004-outer style-local-506-c21-outer\">\n            <div data-colibri-id=\"506-c21\" class=\"d-flex h-flex-basis h-column__inner h-px-lg-2 h-px-md-2 h-px-2 v-inner-lg-2 v-inner-md-2 v-inner-2 style-1004 style-local-506-c21 position-relative\">\n              <!---->\n              <!---->\n              <div class=\"w-100 h-y-container h-column__content h-column__v-align flex-basis-100 align-self-lg-start align-self-md-start align-self-start\">\n                <!---->\n                <div data-colibri-id=\"506-c22\" class=\"h-global-transition-all h-heading style-1014 style-local-506-c22 position-relative h-element\">\n                  <!---->\n                  <div class=\"h-heading__outer style-1014 style-local-506-c22\">\n                    <!---->\n                    <!---->\n                    <h4 class=\"\">Espace \u00ab\u00a0bureau\u00a0\u00bb<\/h4>\n                  <\/div>\n                <\/div>\n                <div data-colibri-id=\"506-c23\" class=\"d-block style-1001 style-local-506-c23 position-relative h-element\">\n                  <!---->\n                  <div class=\"h-image__frame-container-outer\">\n                    <div class=\"h-image__frame-container\">\n                      <!---->\n                      <!---->\n                      <img loading=\"lazy\" decoding=\"async\" width=\"1201\" height=\"1599\" src=\"https:\/\/lumahina-bien-etre.fr\/wp-content\/uploads\/2026\/01\/cropped-IMG-20260126-WA0031-1.jpg\" class=\"wp-image-2488 style-1001-image style-local-506-c23-image\" alt=\"IMG 20260126 WA0031\" srcset=\"https:\/\/lumahina-bien-etre.fr\/wp-content\/uploads\/2026\/01\/cropped-IMG-20260126-WA0031-1.jpg 1201w, https:\/\/lumahina-bien-etre.fr\/wp-content\/uploads\/2026\/01\/cropped-IMG-20260126-WA0031-1-225x300.jpg 225w, https:\/\/lumahina-bien-etre.fr\/wp-content\/uploads\/2026\/01\/cropped-IMG-20260126-WA0031-1-769x1024.jpg 769w, https:\/\/lumahina-bien-etre.fr\/wp-content\/uploads\/2026\/01\/cropped-IMG-20260126-WA0031-1-768x1023.jpg 768w, https:\/\/lumahina-bien-etre.fr\/wp-content\/uploads\/2026\/01\/cropped-IMG-20260126-WA0031-1-1154x1536.jpg 1154w, https:\/\/lumahina-bien-etre.fr\/wp-content\/uploads\/2026\/01\/cropped-IMG-20260126-WA0031-1-600x799.jpg 600w\" sizes=\"auto, (max-width: 1201px) 100vw, 1201px\" \/>\n                      <div class=\"h-image__frame h-hide-lg h-hide-md h-hide-sm style-1001-frameImage style-local-506-c23-frameImage\"><\/div>\n                    <\/div>\n                  <\/div>\n                <\/div>\n                <div data-colibri-id=\"506-c24\" class=\"h-text h-text-component style-1015 style-local-506-c24 position-relative h-element\">\n                  <!---->\n                  <!---->\n                  <div class=\"\">\n                    <p><strong>L\u2019espace bureau<\/strong> est un lieu calme et confidentiel, d\u00e9di\u00e9 aux \u00e9changes avant et apr\u00e8s la s\u00e9ance. Il permet de prendre le temps de discuter de vos besoins, de vos attentes et de vos ressentis, dans une atmosph\u00e8re bienveillante\n                      et \u00e0 l\u2019\u00e9coute. Cet espace favorise un accompagnement personnalis\u00e9, en toute tranquillit\u00e9<\/p>\n                  <\/div>\n                <\/div>\n              <\/div>\n            <\/div>\n          <\/div>\n          <div class=\"h-column h-column-container d-flex h-col-lg-auto h-col-md-auto h-col-auto style-1013-outer style-local-506-c25-outer\">\n            <div data-colibri-id=\"506-c25\" class=\"d-flex h-flex-basis h-column__inner h-px-lg-2 h-px-md-2 h-px-2 v-inner-lg-2 v-inner-md-2 v-inner-2 style-1013 style-local-506-c25 position-relative\">\n              <!---->\n              <!---->\n              <div class=\"w-100 h-y-container h-column__content h-column__v-align flex-basis-100 align-self-lg-start align-self-md-start align-self-start\">\n                <!---->\n                <div data-colibri-id=\"506-c26\" class=\"h-global-transition-all h-heading style-1016 style-local-506-c26 position-relative h-element\">\n                  <!---->\n                  <div class=\"h-heading__outer style-1016 style-local-506-c26\">\n                    <!---->\n                    <!---->\n                    <h4 class=\"\">Espace \u00ab\u00a0massage\u00a0\u00bb<\/h4>\n                  <\/div>\n                <\/div>\n                <div data-colibri-id=\"506-c19\" class=\"d-block style-1005 style-local-506-c19 position-relative h-element\">\n                  <!---->\n                  <div class=\"h-image__frame-container-outer\">\n                    <div class=\"h-image__frame-container\">\n                      <!---->\n                      <!---->\n                      <img loading=\"lazy\" decoding=\"async\" width=\"1201\" height=\"1599\" src=\"https:\/\/lumahina-bien-etre.fr\/wp-content\/uploads\/2026\/01\/cropped-IMG-20260126-WA0032.jpg\" class=\"wp-image-2489 style-1005-image style-local-506-c19-image\" alt=\"IMG 20260126 WA0032\" srcset=\"https:\/\/lumahina-bien-etre.fr\/wp-content\/uploads\/2026\/01\/cropped-IMG-20260126-WA0032.jpg 1201w, https:\/\/lumahina-bien-etre.fr\/wp-content\/uploads\/2026\/01\/cropped-IMG-20260126-WA0032-225x300.jpg 225w, https:\/\/lumahina-bien-etre.fr\/wp-content\/uploads\/2026\/01\/cropped-IMG-20260126-WA0032-769x1024.jpg 769w, https:\/\/lumahina-bien-etre.fr\/wp-content\/uploads\/2026\/01\/cropped-IMG-20260126-WA0032-768x1023.jpg 768w, https:\/\/lumahina-bien-etre.fr\/wp-content\/uploads\/2026\/01\/cropped-IMG-20260126-WA0032-1154x1536.jpg 1154w, https:\/\/lumahina-bien-etre.fr\/wp-content\/uploads\/2026\/01\/cropped-IMG-20260126-WA0032-600x799.jpg 600w\" sizes=\"auto, (max-width: 1201px) 100vw, 1201px\" \/>\n                      <div class=\"h-image__frame h-hide-lg h-hide-md h-hide-sm style-1005-frameImage style-local-506-c19-frameImage\"><\/div>\n                    <\/div>\n                  <\/div>\n                <\/div>\n                <div data-colibri-id=\"506-c28\" class=\"h-text h-text-component style-1020 style-local-506-c28 position-relative h-element\">\n                  <!---->\n                  <!---->\n                  <div class=\"\">\n                    <p><strong>L\u2019espace de massage<\/strong> est un lieu d\u00e9di\u00e9 au rel\u00e2chement et \u00e0 la d\u00e9tente. Il est \u00e9quip\u00e9 d\u2019une <strong>table de massage solide, large et confortable<\/strong>, permettant un accueil optimal du corps et un confort tout au\n                      long de la s\u00e9ance afin de favoriser le l\u00e2cher-prise et le bien-\u00eatre et ainsi profiter pleinement de ce moment de s\u00e9r\u00e9nit\u00e9<\/p>\n                  <\/div>\n                <\/div>\n              <\/div>\n            <\/div>\n          <\/div>\n        <\/div>\n      <\/div>\n      <div data-colibri-id=\"506-c37\" class=\"h-row-container gutters-row-lg-2 gutters-row-md-2 gutters-row-0 gutters-row-v-lg-2 gutters-row-v-md-2 gutters-row-v-2 style-1070 style-local-506-c37 position-relative\">\n        <!---->\n        <div class=\"h-row justify-content-lg-center justify-content-md-center justify-content-center align-items-lg-stretch align-items-md-stretch align-items-stretch gutters-col-lg-2 gutters-col-md-2 gutters-col-0 gutters-col-v-lg-2 gutters-col-v-md-2 gutters-col-v-2\">\n          <!---->\n          <div class=\"h-column h-column-container d-flex h-col-lg-auto h-col-md-auto h-col-auto style-1071-outer style-local-506-c38-outer\">\n            <div data-colibri-id=\"506-c38\" class=\"d-flex h-flex-basis h-column__inner h-ui-empty-state-container h-px-lg-2 h-px-md-2 h-px-2 v-inner-lg-2 v-inner-md-2 v-inner-2 style-1071 style-local-506-c38 position-relative\">\n              <!---->\n              <!---->\n              <div class=\"w-100 h-y-container h-column__content h-column__v-align flex-basis-100\">\n                <!---->\n              <\/div>\n            <\/div>\n          <\/div>\n        <\/div>\n      <\/div>\n    <\/div>\n  <\/div>\n<\/div>","protected":false},"excerpt":{"rendered":"<p>110 rue du cholard 38510 VEZERONCE-CURTIN 2 places de parking gratuites et r\u00e9serv\u00e9es \u00e0 la client\u00e8le LuMahina bien-\u00eatre se trouve dans un cabinet enti\u00e8rement ind\u00e9pendant, pens\u00e9 et construit autour du projet de la r\u00e9flexologie et du massage. La salle d&rsquo;attente Un espace pens\u00e9 pour patienter\u2026 mais pas seulement ! Des bouteilles d\u2019eau fra\u00eeche et du [&hellip;]<\/p>\n","protected":false},"author":1,"featured_media":0,"parent":0,"menu_order":0,"comment_status":"closed","ping_status":"closed","template":"page-templates\/full-width-page.php","meta":{"slim_seo":{"title":"Le cabinet - LuMahina Bien-\u00eatre","description":"110 rue du cholard 38510 VEZERONCE-CURTIN 2 places de parking gratuites et r\u00e9serv\u00e9es \u00e0 la client\u00e8le LuMahina bien-\u00eatre se trouve dans un cabinet enti\u00e8rement ind"},"footnotes":""},"class_list":["post-506","page","type-page","status-publish","hentry"],"_links":{"self":[{"href":"https:\/\/lumahina-bien-etre.fr\/index.php\/wp-json\/wp\/v2\/pages\/506","targetHints":{"allow":["GET"]}}],"collection":[{"href":"https:\/\/lumahina-bien-etre.fr\/index.php\/wp-json\/wp\/v2\/pages"}],"about":[{"href":"https:\/\/lumahina-bien-etre.fr\/index.php\/wp-json\/wp\/v2\/types\/page"}],"author":[{"embeddable":true,"href":"https:\/\/lumahina-bien-etre.fr\/index.php\/wp-json\/wp\/v2\/users\/1"}],"replies":[{"embeddable":true,"href":"https:\/\/lumahina-bien-etre.fr\/index.php\/wp-json\/wp\/v2\/comments?post=506"}],"version-history":[{"count":20,"href":"https:\/\/lumahina-bien-etre.fr\/index.php\/wp-json\/wp\/v2\/pages\/506\/revisions"}],"predecessor-version":[{"id":2499,"href":"https:\/\/lumahina-bien-etre.fr\/index.php\/wp-json\/wp\/v2\/pages\/506\/revisions\/2499"}],"wp:attachment":[{"href":"https:\/\/lumahina-bien-etre.fr\/index.php\/wp-json\/wp\/v2\/media?parent=506"}],"curies":[{"name":"wp","href":"https:\/\/api.w.org\/{rel}","templated":true}]}}