{"id":60,"date":"2023-10-12T13:25:31","date_gmt":"2023-10-12T11:25:31","guid":{"rendered":"https:\/\/lumahina-bien-etre.fr\/?page_id=60"},"modified":"2026-01-26T17:28:27","modified_gmt":"2026-01-26T16:28:27","slug":"contact","status":"publish","type":"page","link":"https:\/\/lumahina-bien-etre.fr\/index.php\/contact\/","title":{"rendered":"Contact"},"content":{"rendered":"<div data-colibri-id=\"60-c1\" class=\"style-817 style-local-60-c1 position-relative\">\n  <!---->\n  <div data-colibri-component=\"section\" data-colibri-id=\"60-c2\" id=\"initial-content\" class=\"h-section h-section-global-spacing d-flex align-items-lg-center align-items-md-center align-items-center style-818 style-local-60-c2 position-relative\">\n    <!---->\n    <!---->\n    <div class=\"h-section-grid-container h-section-boxed-container\">\n      <!---->\n      <div data-colibri-id=\"60-c3\" class=\"h-row-container gutters-row-lg-2 gutters-row-md-2 gutters-row-0 gutters-row-v-lg-2 gutters-row-v-md-2 gutters-row-v-2 style-819 style-local-60-c3 position-relative\">\n        <!---->\n        <div class=\"h-row justify-content-lg-center justify-content-md-center justify-content-center align-items-lg-stretch align-items-md-stretch align-items-stretch gutters-col-lg-2 gutters-col-md-2 gutters-col-0 gutters-col-v-lg-2 gutters-col-v-md-2 gutters-col-v-2\">\n          <!---->\n          <div class=\"h-column h-column-container d-flex h-col-lg-auto h-col-md-auto h-col-auto style-824-outer style-local-60-c4-outer\">\n            <div data-colibri-id=\"60-c4\" class=\"d-flex h-flex-basis h-column__inner h-px-lg-2 h-px-md-2 h-px-2 v-inner-lg-2 v-inner-md-2 v-inner-2 style-824 style-local-60-c4 position-relative\">\n              <!---->\n              <!---->\n              <div class=\"w-100 h-y-container h-column__content h-column__v-align flex-basis-100 align-self-lg-start align-self-md-start align-self-start\">\n                <!---->\n                <div data-colibri-id=\"60-c5\" class=\"h-global-transition-all h-heading style-825 style-local-60-c5 position-relative h-element\">\n                  <!---->\n                  <div class=\"h-heading__outer style-825 style-local-60-c5\">\n                    <!---->\n                    <!---->\n                    <h4 class=\"\">Vous souhaitez obtenir des informations sur les s\u00e9ances de r\u00e9flexologie ou de massage bien-\u00eatre, v\u00e9rifier les disponibilit\u00e9s ou \u00e9changer avant une prise de rendez-vous ?<\/h4>\n                  <\/div>\n                <\/div>\n                <div data-colibri-id=\"60-c6\" class=\"h-global-transition-all h-heading style-929 style-local-60-c6 position-relative h-element\">\n                  <!---->\n                  <div class=\"h-heading__outer style-929 style-local-60-c6\">\n                    <!---->\n                    <!---->\n                    <h4 class=\"\">Je suis \u00e0 votre \u00e9coute et me ferai un plaisir de vous r\u00e9pondre \ud83d\ude42<\/h4>\n                  <\/div>\n                <\/div>\n              <\/div>\n            <\/div>\n          <\/div>\n        <\/div>\n      <\/div>\n    <\/div>\n  <\/div>\n  <div data-colibri-component=\"section\" data-colibri-id=\"60-c7\" id=\"custom\" class=\"h-section h-section-global-spacing d-flex align-items-lg-center align-items-md-center align-items-center style-915 style-local-60-c7 position-relative\">\n    <!---->\n    <!---->\n    <div class=\"h-section-grid-container h-section-boxed-container\">\n      <!---->\n      <div data-colibri-id=\"60-c8\" class=\"h-row-container gutters-row-lg-2 gutters-row-md-2 gutters-row-0 gutters-row-v-lg-2 gutters-row-v-md-2 gutters-row-v-2 style-916 style-local-60-c8 position-relative\">\n        <!---->\n        <div class=\"h-row justify-content-lg-center justify-content-md-center justify-content-center align-items-lg-stretch align-items-md-stretch align-items-stretch gutters-col-lg-2 gutters-col-md-2 gutters-col-0 gutters-col-v-lg-2 gutters-col-v-md-2 gutters-col-v-2\">\n          <!---->\n          <div class=\"h-column h-column-container d-flex h-col-lg-auto h-col-md-auto h-col-auto style-917-outer style-local-60-c9-outer\">\n            <div data-colibri-id=\"60-c9\" class=\"d-flex h-flex-basis h-column__inner h-px-lg-2 h-px-md-2 h-px-2 v-inner-lg-2 v-inner-md-2 v-inner-2 style-917 style-local-60-c9 position-relative\">\n              <!---->\n              <!---->\n              <div class=\"w-100 h-y-container h-column__content h-column__v-align flex-basis-100 align-self-lg-start align-self-md-start align-self-start\">\n                <!---->\n                <div data-colibri-id=\"60-c10\" class=\"h-icon style-1034 style-local-60-c10 position-relative h-element\">\n                  <!----><span class=\"h-svg-icon h-icon__icon style-1034-icon style-local-60-c10-icon\"><!--Icon by Socicon (http:\/\/www.socicon.com)--><svg version=\"1.1\" xmlns=\"http:\/\/www.w3.org\/2000\/svg\" viewBox=\"0 0 1500 1500\">\n\n<path d=\"M799.805 922.852c-14.648 11.719-32.227 20.508-49.805 20.508s-35.156-8.789-49.805-20.508l-700.195-571.289v899.414h1500v-899.414zM750 750c14.648 0 29.297-5.859 41.016-14.648l594.727-486.328h-1271.484l594.727 486.328c11.719 8.789 26.367 14.648 41.016 14.648z\"><\/path>\n<\/svg>\n<\/span><\/div>\n                <div data-colibri-id=\"60-c11\" class=\"h-global-transition-all h-heading style-922 style-local-60-c11 position-relative h-element\">\n                  <!---->\n                  <div class=\"h-heading__outer style-922 style-local-60-c11\">\n                    <!---->\n                    <!---->\n                    <h4 class=\"\">Par mail<\/h4>\n                  <\/div>\n                <\/div>\n                <div data-colibri-id=\"60-c12\" class=\"h-text h-text-component style-926 style-local-60-c12 position-relative h-element\">\n                  <!---->\n                  <!---->\n                  <div class=\"\">\n                    <p><span style=\"color: rgb(60, 65, 84); font-family: &quot;Open Sans&quot;; font-size: 16px; font-weight: 400;\">lumahina.bien.etre@gmail.com<\/span><\/p>\n                    <p>\n                      <br>\n                    <\/p>\n                  <\/div>\n                <\/div>\n              <\/div>\n            <\/div>\n          <\/div>\n          <div class=\"h-column h-column-container d-flex h-col-lg-auto h-col-md-auto h-col-auto style-918-outer style-local-60-c13-outer\">\n            <div data-colibri-id=\"60-c13\" class=\"d-flex h-flex-basis h-column__inner h-px-lg-2 h-px-md-2 h-px-2 v-inner-lg-2 v-inner-md-2 v-inner-2 style-918 style-local-60-c13 position-relative\">\n              <!---->\n              <!---->\n              <div class=\"w-100 h-y-container h-column__content h-column__v-align flex-basis-100 align-self-lg-start align-self-md-start align-self-start\">\n                <!---->\n                <div data-colibri-id=\"60-c14\" class=\"h-icon style-1032 style-local-60-c14 position-relative h-element\">\n                  <!----><span class=\"h-svg-icon h-icon__icon style-1032-icon style-local-60-c14-icon\"><!--Icon by Font Awesome (https:\/\/fontawesome.com)-->\n    <svg version=\"1.1\" xmlns=\"http:\/\/www.w3.org\/2000\/svg\" xmlns:xlink=\"http:\/\/www.w3.org\/1999\/xlink\" id=\"phone-square\" viewBox=\"0 0 1536 1896.0833\">\n      <path d=\"M1280 1193q0-11-2-16t-18-16.5-40.5-25-47.5-26.5-45.5-25-28.5-15q-5-3-19-13t-25-15-21-5q-15 0-36.5 20.5t-39.5 45-38.5 45T885 1167q-7 0-16.5-3.5T853 1157t-17-9.5-14-8.5q-99-55-170-126.5T525 842q-2-3-8.5-14t-9.5-17-6.5-15.5T497 779q0-13 20.5-33.5t45-38.5 45-39.5T628 631q0-10-5-21t-15-25-13-19q-3-6-15-28.5T555 492t-26.5-47.5-25-40.5-16.5-18-16-2q-48 0-101 22-46 21-80 94.5T256 631q0 16 2.5 34t5 30.5 9 33 10 29.5 12.5 33 11 30q60 164 216.5 320.5T843 1358q6 2 30 11t33 12.5 29.5 10 33 9 30.5 5 34 2.5q57 0 130.5-34t94.5-80q22-53 22-101zm256-777v960q0 119-84.5 203.5T1248 1664H288q-119 0-203.5-84.5T0 1376V416q0-119 84.5-203.5T288 128h960q119 0 203.5 84.5T1536 416z\"><\/path>\n    <\/svg><\/span><\/div>\n                <div data-colibri-id=\"60-c15\" class=\"h-global-transition-all h-heading style-921 style-local-60-c15 position-relative h-element\">\n                  <!---->\n                  <div class=\"h-heading__outer style-921 style-local-60-c15\">\n                    <!---->\n                    <!---->\n                    <h4 class=\"\">Par t\u00e9l\u00e9phone<\/h4>\n                  <\/div>\n                <\/div>\n                <div data-colibri-id=\"60-c16\" class=\"h-text h-text-component style-827 style-local-60-c16 position-relative h-element\">\n                  <!---->\n                  <!---->\n                  <div class=\"\">\n                    <p>07 49 60 08 04<\/p>\n                    <p>(laissez moi un message sur le r\u00e9pondeur avec votre nom et votre num\u00e9ro de t\u00e9l\u00e9phone et je vous rappellerai )<\/p>\n                  <\/div>\n                <\/div>\n              <\/div>\n            <\/div>\n          <\/div>\n          <div class=\"h-column h-column-container d-flex h-col-lg-auto h-col-md-auto h-col-auto style-919-outer style-local-60-c17-outer\">\n            <div data-colibri-id=\"60-c17\" class=\"d-flex h-flex-basis h-column__inner h-px-lg-2 h-px-md-2 h-px-2 v-inner-lg-2 v-inner-md-2 v-inner-2 style-919 style-local-60-c17 position-relative\">\n              <!---->\n              <!---->\n              <div class=\"w-100 h-y-container h-column__content h-column__v-align flex-basis-100 align-self-lg-start align-self-md-start align-self-start\">\n                <!---->\n                <div data-colibri-id=\"60-c18\" class=\"h-icon style-1030 style-local-60-c18 position-relative h-element\">\n                  <!----><span class=\"h-svg-icon h-icon__icon style-1030-icon style-local-60-c18-icon\"><!--Icon by Font Awesome (https:\/\/fontawesome.com)-->\n    <svg version=\"1.1\" xmlns=\"http:\/\/www.w3.org\/2000\/svg\" xmlns:xlink=\"http:\/\/www.w3.org\/1999\/xlink\" id=\"comment\" viewBox=\"0 0 1792 1896.0833\">\n      <path d=\"M1792 896q0 174-120 321.5t-326 233-450 85.5q-70 0-145-8-198 175-460 242-49 14-114 22-17 2-30.5-9t-17.5-29v-1q-3-4-.5-12t2-10 4.5-9.5l6-9 7-8.5 8-9q7-8 31-34.5t34.5-38 31-39.5 32.5-51 27-59 26-76q-157-89-247.5-220T0 896q0-130 71-248.5T262 443t286-136.5T896 256q244 0 450 85.5t326 233T1792 896z\"><\/path>\n    <\/svg><\/span><\/div>\n                <div data-colibri-id=\"60-c19\" class=\"h-global-transition-all h-heading style-927 style-local-60-c19 position-relative h-element\">\n                  <!---->\n                  <div class=\"h-heading__outer style-927 style-local-60-c19\">\n                    <!---->\n                    <!---->\n                    <h4 class=\"\">Via la messagerie\n                      <br>facebook \/ WhatsApp<\/h4>\n                  <\/div>\n                <\/div>\n                <div data-colibri-id=\"60-c20\" class=\"style-829 style-local-60-c20 position-relative h-element\">\n                  <!---->\n                  <div class=\"d-flex flex-wrap h-social-icons justify-content-lg-center justify-content-md-center justify-content-center\">\n                    <div class=\"social-icon-container d-inline-flex\">\n                      <a href=\"https:\/\/www.facebook.com\/profile.php?id=61564907887185\" h-use-smooth-scroll=\"true\">\n                        <div class=\"icon-container h-social-icon h-global-transition\">\n                          <div class=\"h-icon-svg\" style=\"width: 100%; height: 100%;\">\n                            <!--Icon by Font Awesome (https:\/\/fontawesome.com)-->\n                            <svg version=\"1.1\" xmlns=\"http:\/\/www.w3.org\/2000\/svg\" xmlns:xlink=\"http:\/\/www.w3.org\/1999\/xlink\" id=\"facebook-square\" viewBox=\"0 0 1536 1896.0833\">\n                              <path d=\"M1248 128q119 0 203.5 84.5T1536 416v960q0 119-84.5 203.5T1248 1664h-188v-595h199l30-232h-229V689q0-56 23.5-84t91.5-28l122-1V369q-63-9-178-9-136 0-217.5 80T820 666v171H620v232h200v595H288q-119 0-203.5-84.5T0 1376V416q0-119 84.5-203.5T288 128h960z\"><\/path>\n                            <\/svg>\n                          <\/div>\n                        <\/div>\n                      <\/a>\n                    <\/div>\n                  <\/div>\n                <\/div>\n                <div data-colibri-id=\"60-c21\" class=\"h-global-transition-all h-heading style-1035 style-local-60-c21 position-relative h-element\">\n                  <!---->\n                  <div class=\"h-heading__outer style-1035 style-local-60-c21\">\n                    <!---->\n                    <!---->\n                    <h5 class=\"\">WhatsApp: 07 49 60 08 04<\/h5>\n                  <\/div>\n                <\/div>\n              <\/div>\n            <\/div>\n          <\/div>\n        <\/div>\n      <\/div>\n    <\/div>\n  <\/div>\n  <div data-colibri-component=\"section\" data-colibri-id=\"60-c22\" id=\"custom-2\" class=\"h-section h-section-global-spacing d-flex align-items-lg-center align-items-md-center align-items-center style-923 style-local-60-c22 position-relative\">\n    <!---->\n    <!---->\n    <div class=\"h-section-grid-container h-section-boxed-container\">\n      <!---->\n      <div data-colibri-id=\"60-c23\" class=\"h-row-container gutters-row-lg-2 gutters-row-md-2 gutters-row-0 gutters-row-v-lg-2 gutters-row-v-md-2 gutters-row-v-2 style-924 style-local-60-c23 position-relative\">\n        <!---->\n        <div class=\"h-row justify-content-lg-center justify-content-md-center justify-content-center align-items-lg-stretch align-items-md-stretch align-items-stretch gutters-col-lg-2 gutters-col-md-2 gutters-col-0 gutters-col-v-lg-2 gutters-col-v-md-2 gutters-col-v-2\">\n          <!---->\n          <div class=\"h-column h-column-container d-flex h-col-lg-auto h-col-md-auto h-col-auto style-925-outer style-local-60-c24-outer\">\n            <div data-colibri-id=\"60-c24\" class=\"d-flex h-flex-basis h-column__inner h-ui-empty-state-container h-px-lg-2 h-px-md-2 h-px-2 v-inner-lg-2 v-inner-md-2 v-inner-2 style-925 style-local-60-c24 position-relative\">\n              <!---->\n              <!---->\n              <div class=\"w-100 h-y-container h-column__content h-column__v-align flex-basis-100\">\n                <!---->\n              <\/div>\n            <\/div>\n          <\/div>\n        <\/div>\n      <\/div>\n    <\/div>\n  <\/div>\n<\/div>","protected":false},"excerpt":{"rendered":"<p>Vous souhaitez obtenir des informations sur les s\u00e9ances de r\u00e9flexologie ou de massage bien-\u00eatre, v\u00e9rifier les disponibilit\u00e9s ou \u00e9changer avant une prise de rendez-vous ? Je suis \u00e0 votre \u00e9coute et me ferai un plaisir de vous r\u00e9pondre \ud83d\ude42 Par mail lumahina.bien.etre@gmail.com Par t\u00e9l\u00e9phone 07 49 60 08 04 (laissez moi un message sur le [&hellip;]<\/p>\n","protected":false},"author":1,"featured_media":0,"parent":0,"menu_order":0,"comment_status":"closed","ping_status":"closed","template":"page-templates\/full-width-page.php","meta":{"slim_seo":{"title":"Contact - LuMahina Bien-\u00eatre","description":"Vous souhaitez obtenir des informations sur les s\u00e9ances de r\u00e9flexologie ou de massage bien-\u00eatre, v\u00e9rifier les disponibilit\u00e9s ou \u00e9changer avant une prise de rend"},"footnotes":""},"class_list":["post-60","page","type-page","status-publish","hentry"],"_links":{"self":[{"href":"https:\/\/lumahina-bien-etre.fr\/index.php\/wp-json\/wp\/v2\/pages\/60","targetHints":{"allow":["GET"]}}],"collection":[{"href":"https:\/\/lumahina-bien-etre.fr\/index.php\/wp-json\/wp\/v2\/pages"}],"about":[{"href":"https:\/\/lumahina-bien-etre.fr\/index.php\/wp-json\/wp\/v2\/types\/page"}],"author":[{"embeddable":true,"href":"https:\/\/lumahina-bien-etre.fr\/index.php\/wp-json\/wp\/v2\/users\/1"}],"replies":[{"embeddable":true,"href":"https:\/\/lumahina-bien-etre.fr\/index.php\/wp-json\/wp\/v2\/comments?post=60"}],"version-history":[{"count":16,"href":"https:\/\/lumahina-bien-etre.fr\/index.php\/wp-json\/wp\/v2\/pages\/60\/revisions"}],"predecessor-version":[{"id":2688,"href":"https:\/\/lumahina-bien-etre.fr\/index.php\/wp-json\/wp\/v2\/pages\/60\/revisions\/2688"}],"wp:attachment":[{"href":"https:\/\/lumahina-bien-etre.fr\/index.php\/wp-json\/wp\/v2\/media?parent=60"}],"curies":[{"name":"wp","href":"https:\/\/api.w.org\/{rel}","templated":true}]}}